{"id":86,"date":"2011-05-15T14:27:58","date_gmt":"2011-05-15T12:27:58","guid":{"rendered":"http:\/\/www.feuerwehrkostheim.de\/ffk\/?page_id=86"},"modified":"2018-06-02T14:12:26","modified_gmt":"2018-06-02T13:12:26","slug":"50er-und-60er-jahre","status":"publish","type":"page","link":"https:\/\/www.feuerwehrkostheim.de\/?page_id=86","title":{"rendered":"50\u00b4er und 60\u00b4er Jahre"},"content":{"rendered":"<p>Die Zusammenarbeit mit anderen Feuerwehren und die Beteiligung aktiver L\u00f6schgruppen der Wehr bei Feuerwehrleistungswettk\u00e4mpfen in Rheinland-Pfalz und Hessen brachten der Wehr eine Anzahl von Leistungsplaketten ein. Die zeigt, da\u00df die Wehr auf gutem Leistungsstand steht.<\/p>\n<p>Als der sp\u00e4tere Wehrf\u00fchrer Anton Werner 1951 die Gr\u00fcndung eines Spielmannszuges anregte, waren sofort 13 Wehrm\u00e4nner bereit mitzuwirken. Am 24.Juni 1951 war die Gr\u00fcndungsversammlung<\/p>\n<p>1954 fand eine Gro\u00df\u00fcbung mit den Werkfeuerwehren Zellstoff, M.A.N. Gustavsburg, der freiwilligen Feuerwehr Kastel und dem Deutschen Roten Kreuz statt.<\/p>\n<p>Im Alten Kirchgarten brannte es 1955 in der B\u00fcrstenmacherei.<\/p>\n<p>Spritzenmeister Karl Retzel, seit sechzig Jahren in der Kostheimer Feuerwehr wurde 1956 zum Ehrenmitglied des Kreisfeuerwehr Verbandes Wiesbaden ernannt. Nach erreichen der Altersgrenze stellte Wehrf\u00fchrer Kasper Sch\u00e4fer am 31. Dezember 1958 sein Amt zur Verf\u00fcgung. Am 11. Januar 1959 wird Kamerad Anton Werner zum neuen Wehrf\u00fchrer gew\u00e4hlt. Kamerad Kaspar Sch\u00e4fer zum Ehrenwehrf\u00fchrer ernannt und erh\u00e4lt das deutsche Feuerwehr &#8211; Ehrenkreuz. Mit dem neuen Wehrf\u00fchrer Anton Werner \u00fcbernimmt die j\u00fcngere Generation die F\u00fchrung der freiwilligen.<\/p>\n<p>Das alte Feuerwehrger\u00e4tehaus in der Schulstra\u00dfe wurde bauf\u00e4llig. Der Regen tropfte durch das Dach und vom Steigturm. Jetzt erh\u00e4lt die Wehr auf dem Gel\u00e4nde des Mainzer Weg ein neues Feuerwehrger\u00e4tehaus bzw. eine Fahrzeughalle. Die amtliche Schl\u00fcssel\u00fcbergabe durch den Magistrat der Stadt Wiesbaden erfolgte am 19. Oktober 1958 mit der Ma\u00dfnahme, da\u00df diese Halle ein Teilabschnitt des Feuerwehrger\u00e4tehauses sein soll.<\/p>\n<p>1960 erreichte die Kostheimer Wehr den 1. Platz bei den Leistungswettk\u00e4mpfen.<\/p>\n<p>Im August 1962 ereignete sich ein Gro\u00dfbrand im S\u00e4gewerk Schollmayer in der Hauptstra\u00dfe.<\/p>\n<p>1963 erh\u00e4lt die Wehr die f\u00fcnfte hessische Leistungsplakette f\u00fcr \u00fcberdurchschnittliche Leistungen bei Kreiswettk\u00e4mpfen.<\/p>\n<p>1965 wurde eine Brandkatastrophe in einer Baracke am Mainzer Weg vier Kindern zum Verh\u00e4ngnis. Alle 4 starben in den Flammen.<\/p>\n<p>1967 brannte das Textillager des Kaufhaus Leister und 1968 wurde der Altlagerplatz in der Hauptstra\u00dfe ein Raub der Flammen.<\/p>\n","protected":false},"excerpt":{"rendered":"<p>Die Zusammenarbeit mit anderen Feuerwehren und die Beteiligung aktiver L\u00f6schgruppen der Wehr bei Feuerwehrleistungswettk\u00e4mpfen in Rheinland-Pfalz und Hessen brachten der Wehr eine Anzahl von Leistungsplaketten ein. Die zeigt, da\u00df die Wehr auf gutem Leistungsstand steht. Als der sp\u00e4tere Wehrf\u00fchrer Anton Werner 1951 die Gr\u00fcndung eines Spielmannszuges anregte, waren sofort 13 Wehrm\u00e4nner bereit mitzuwirken. Am 24.Juni [&hellip;]<\/p>\n","protected":false},"author":1,"featured_media":0,"parent":59,"menu_order":0,"comment_status":"closed","ping_status":"closed","template":"","meta":{"_et_pb_use_builder":"","_et_pb_old_content":"","_et_gb_content_width":"","_crdt_document":"","footnotes":""},"class_list":["post-86","page","type-page","status-publish","hentry"],"_links":{"self":[{"href":"https:\/\/www.feuerwehrkostheim.de\/index.php?rest_route=\/wp\/v2\/pages\/86","targetHints":{"allow":["GET"]}}],"collection":[{"href":"https:\/\/www.feuerwehrkostheim.de\/index.php?rest_route=\/wp\/v2\/pages"}],"about":[{"href":"https:\/\/www.feuerwehrkostheim.de\/index.php?rest_route=\/wp\/v2\/types\/page"}],"author":[{"embeddable":true,"href":"https:\/\/www.feuerwehrkostheim.de\/index.php?rest_route=\/wp\/v2\/users\/1"}],"replies":[{"embeddable":true,"href":"https:\/\/www.feuerwehrkostheim.de\/index.php?rest_route=%2Fwp%2Fv2%2Fcomments&post=86"}],"version-history":[{"count":0,"href":"https:\/\/www.feuerwehrkostheim.de\/index.php?rest_route=\/wp\/v2\/pages\/86\/revisions"}],"up":[{"embeddable":true,"href":"https:\/\/www.feuerwehrkostheim.de\/index.php?rest_route=\/wp\/v2\/pages\/59"}],"wp:attachment":[{"href":"https:\/\/www.feuerwehrkostheim.de\/index.php?rest_route=%2Fwp%2Fv2%2Fmedia&parent=86"}],"curies":[{"name":"wp","href":"https:\/\/api.w.org\/{rel}","templated":true}]}}