{"id":82,"date":"2011-05-15T14:26:01","date_gmt":"2011-05-15T12:26:01","guid":{"rendered":"http:\/\/www.feuerwehrkostheim.de\/ffk\/?page_id=82"},"modified":"2018-06-02T14:12:26","modified_gmt":"2018-06-02T13:12:26","slug":"nachkriegszeit","status":"publish","type":"page","link":"https:\/\/www.feuerwehrkostheim.de\/?page_id=82","title":{"rendered":"Nachkriegszeit"},"content":{"rendered":"<p>Nach dem Zusammenbruch Deutschlands ruhte ab dem Monat M\u00e4rz 1945 der Dienstbetrieb der Wehr, da dieser durch die Besatzungsm\u00e4chte unterbunden worden war. Im August 1945 beauftragte der Magistrat der Stadt Mainz den ehemaligen stellvertretenden Kommandanten Kaspar Sch\u00e4fer, die freiwillige Feuerwehr Mainz-Kostheim neu aufzustellen und den Dienstbetrieb aufzunehmen. Am 26. August 1945 fand der erste Dienstappell statt.<br \/>\nEs begann der Wiederaufbau der freiwilligen Feuerwehr Mainz-Kostheim.<\/p>\n<p>Noch im September 1945 wurde der Stadtteil Mainz-Kostheim und so auch die freiwillige Feuerwehr Mainz-Kostheim von der Stadt Mainz auf Anordnung der Besatzungsm\u00e4chte abgetrennt und der Stadt Wiesbaden zur treuh\u00e4nderischen Verwaltung \u00fcbergeben. In der ersten Jahreshauptversammlung nach dem Krieg im Februar 1946 wurde Kaspar Sch\u00e4fer zum Wehrf\u00fchrer gew\u00e4hlt.<\/p>\n<p>Waren es bis 1945 Kommandanten, welche die Wehr gef\u00fchrt hatten, wurden sie nach 1945 als Wehrf\u00fchrer bezeichnet. Jetzt folgten Jahre des Aufbaues. \u00dcbungen und der Besuch von Ausbildungskursen und Lehrg\u00e4ngen verbesserten den Ausbildungsstand von F\u00fchrern und M\u00e4nnern. Neue Aufgaben, neue Erkenntnisse und Erfordernisse im Brandschutzwesen stellten an die F\u00fchrer und jeden Feuerwehrmann immer gr\u00f6\u00dfere Anforderungen.<\/p>\n<p>Junge Kameraden stie\u00dfen zur Wehr, neue L\u00f6sch- und Rettungsger\u00e4te wurden nach und nach von der Stadt zur Verf\u00fcgung gestellt und haben sich in einer gro\u00dfen Anzahl von Br\u00e4nden und Hilfeleistungen bew\u00e4hrt.<\/p>\n<div style=\"width: 310px\" class=\"wp-caption aligncenter\"><img loading=\"lazy\" decoding=\"async\" title=\"Chronik 4\" src=\"http:\/\/www.feuerwehrkostheim.de\/wp-content\/bilder\/chronik\/chronik_4.png\" alt=\"\" width=\"300\" height=\"250\" \/><p class=\"wp-caption-text\">1949 &#8211; 75 Jahre Feuerwehr Kostheim<\/p><\/div>\n<p>1949 feierte die Freiwillige Feuerwehr Kostheim ihr 75-j\u00e4hriges Bestehen mit einer Brandangriffs\u00fcbung am Mainufer.<\/p>\n","protected":false},"excerpt":{"rendered":"<p>Nach dem Zusammenbruch Deutschlands ruhte ab dem Monat M\u00e4rz 1945 der Dienstbetrieb der Wehr, da dieser durch die Besatzungsm\u00e4chte unterbunden worden war. Im August 1945 beauftragte der Magistrat der Stadt Mainz den ehemaligen stellvertretenden Kommandanten Kaspar Sch\u00e4fer, die freiwillige Feuerwehr Mainz-Kostheim neu aufzustellen und den Dienstbetrieb aufzunehmen. Am 26. August 1945 fand der erste Dienstappell [&hellip;]<\/p>\n","protected":false},"author":1,"featured_media":0,"parent":59,"menu_order":0,"comment_status":"closed","ping_status":"closed","template":"","meta":{"_et_pb_use_builder":"","_et_pb_old_content":"","_et_gb_content_width":"","_crdt_document":"","footnotes":""},"class_list":["post-82","page","type-page","status-publish","hentry"],"_links":{"self":[{"href":"https:\/\/www.feuerwehrkostheim.de\/index.php?rest_route=\/wp\/v2\/pages\/82","targetHints":{"allow":["GET"]}}],"collection":[{"href":"https:\/\/www.feuerwehrkostheim.de\/index.php?rest_route=\/wp\/v2\/pages"}],"about":[{"href":"https:\/\/www.feuerwehrkostheim.de\/index.php?rest_route=\/wp\/v2\/types\/page"}],"author":[{"embeddable":true,"href":"https:\/\/www.feuerwehrkostheim.de\/index.php?rest_route=\/wp\/v2\/users\/1"}],"replies":[{"embeddable":true,"href":"https:\/\/www.feuerwehrkostheim.de\/index.php?rest_route=%2Fwp%2Fv2%2Fcomments&post=82"}],"version-history":[{"count":0,"href":"https:\/\/www.feuerwehrkostheim.de\/index.php?rest_route=\/wp\/v2\/pages\/82\/revisions"}],"up":[{"embeddable":true,"href":"https:\/\/www.feuerwehrkostheim.de\/index.php?rest_route=\/wp\/v2\/pages\/59"}],"wp:attachment":[{"href":"https:\/\/www.feuerwehrkostheim.de\/index.php?rest_route=%2Fwp%2Fv2%2Fmedia&parent=82"}],"curies":[{"name":"wp","href":"https:\/\/api.w.org\/{rel}","templated":true}]}}