{"id":8,"date":"2011-05-03T19:18:53","date_gmt":"2011-05-03T17:18:53","guid":{"rendered":"http:\/\/www.feuerwehrkostheim.de\/ffk\/?page_id=8"},"modified":"2018-06-02T14:12:28","modified_gmt":"2018-06-02T13:12:28","slug":"kontakt","status":"publish","type":"page","link":"https:\/\/www.feuerwehrkostheim.de\/?page_id=8","title":{"rendered":"Kontakt"},"content":{"rendered":"<p>Ohne Umwege den direkten Ansprechpartner finden &#8211; kein Problem!<br \/>\nBei Fragen oder Anregungen, rund um den Verein, k\u00f6nnen Sie durch die unten aufgef\u00fchrten Links eine E-Mail direkt an die betreffenden Personen senden.<\/p>\n<p>Leider mussten wir die Direktlinks von der Seite nehmen, da wir mit unerw\u00fcnschten Werbemails (SPAM) regelrecht erschlagen wurden.<\/p>\n<p style=\"text-align: center;\"><span style=\"text-decoration: underline;\"><strong>Allgemeine Info\u00b4s<\/strong><\/span><\/p>\n<p style=\"text-align: center;\"><img loading=\"lazy\" decoding=\"async\" src=\"..\/images\/homepage\/pfeilre.jpg\" alt=\"\" width=\"35\" height=\"35\" border=\"0\" \/><img loading=\"lazy\" decoding=\"async\" src=\"..\/images\/homepage\/sonstige\/email_info.jpg\" alt=\"\" width=\"280\" height=\"35\" \/><\/p>\n<p style=\"text-align: center;\"><span style=\"text-decoration: underline;\"><strong>Einsatzabteilung<\/strong><\/span><\/p>\n<p style=\"text-align: center;\"><img loading=\"lazy\" decoding=\"async\" src=\"..\/images\/homepage\/pfeilre.jpg\" alt=\"\" width=\"35\" height=\"35\" border=\"0\" \/><img loading=\"lazy\" decoding=\"async\" src=\"..\/images\/homepage\/sonstige\/email_wf.jpg\" alt=\"\" width=\"280\" height=\"35\" \/><\/p>\n<p style=\"text-align: center;\"><span style=\"text-decoration: underline;\"><strong>Verein<\/strong><\/span><\/p>\n<p style=\"text-align: center;\"><img loading=\"lazy\" decoding=\"async\" src=\"..\/images\/homepage\/pfeilre.jpg\" alt=\"\" width=\"35\" height=\"35\" border=\"0\" \/><img loading=\"lazy\" decoding=\"async\" src=\"..\/images\/homepage\/sonstige\/email_wf.jpg\" alt=\"\" width=\"280\" height=\"35\" \/><\/p>\n<p style=\"text-align: center;\"><span style=\"text-decoration: underline;\"><strong>Jugendfeuerwehr<\/strong><\/span><\/p>\n<p style=\"text-align: center;\"><img loading=\"lazy\" decoding=\"async\" src=\"..\/images\/homepage\/pfeilre.jpg\" alt=\"\" width=\"35\" height=\"35\" border=\"0\" \/><img loading=\"lazy\" decoding=\"async\" src=\"..\/images\/homepage\/sonstige\/email_jf.jpg\" alt=\"\" width=\"280\" height=\"35\" \/><\/p>\n<p style=\"text-align: center;\"><span style=\"text-decoration: underline;\"><strong>Bambinifeuerwehr<\/strong><\/span><\/p>\n<p style=\"text-align: center;\"><img loading=\"lazy\" decoding=\"async\" src=\"..\/images\/homepage\/pfeilre.jpg\" alt=\"\" width=\"35\" height=\"35\" border=\"0\" \/><img loading=\"lazy\" decoding=\"async\" src=\"..\/images\/homepage\/sonstige\/email_b.jpg\" alt=\"\" width=\"280\" height=\"35\" \/><\/p>\n<p style=\"text-align: center;\"><span style=\"text-decoration: underline;\"><strong>Webmaster<\/strong><\/span><\/p>\n<p style=\"text-align: center;\"><img loading=\"lazy\" decoding=\"async\" src=\"..\/images\/homepage\/pfeilre.jpg\" alt=\"\" width=\"35\" height=\"35\" border=\"0\" \/><img loading=\"lazy\" decoding=\"async\" src=\"..\/images\/homepage\/sonstige\/email_wm.jpg\" alt=\"\" width=\"280\" height=\"35\" \/><\/p>\n<p>Bei Kritik und Anregungen, die den Aufbau oder das Layout der Hompage betreffen, gen\u00fcgt eine kurze Mail an unseren &#8220;Hompagebetreuer&#8221;. Auch wenn bei Verweisen und Links Probleme entstehen, w\u00fcrden wir uns \u00fcber eine kurze Nachricht freuen.<\/p>\n","protected":false},"excerpt":{"rendered":"<p>Ohne Umwege den direkten Ansprechpartner finden &#8211; kein Problem! Bei Fragen oder Anregungen, rund um den Verein, k\u00f6nnen Sie durch die unten aufgef\u00fchrten Links eine E-Mail direkt an die betreffenden Personen senden. Leider mussten wir die Direktlinks von der Seite nehmen, da wir mit unerw\u00fcnschten Werbemails (SPAM) regelrecht erschlagen wurden. Allgemeine Info\u00b4s Einsatzabteilung Verein Jugendfeuerwehr [&hellip;]<\/p>\n","protected":false},"author":1,"featured_media":0,"parent":0,"menu_order":0,"comment_status":"closed","ping_status":"closed","template":"","meta":{"_et_pb_use_builder":"","_et_pb_old_content":"","_et_gb_content_width":"","_crdt_document":"","footnotes":""},"class_list":["post-8","page","type-page","status-publish","hentry"],"_links":{"self":[{"href":"https:\/\/www.feuerwehrkostheim.de\/index.php?rest_route=\/wp\/v2\/pages\/8","targetHints":{"allow":["GET"]}}],"collection":[{"href":"https:\/\/www.feuerwehrkostheim.de\/index.php?rest_route=\/wp\/v2\/pages"}],"about":[{"href":"https:\/\/www.feuerwehrkostheim.de\/index.php?rest_route=\/wp\/v2\/types\/page"}],"author":[{"embeddable":true,"href":"https:\/\/www.feuerwehrkostheim.de\/index.php?rest_route=\/wp\/v2\/users\/1"}],"replies":[{"embeddable":true,"href":"https:\/\/www.feuerwehrkostheim.de\/index.php?rest_route=%2Fwp%2Fv2%2Fcomments&post=8"}],"version-history":[{"count":0,"href":"https:\/\/www.feuerwehrkostheim.de\/index.php?rest_route=\/wp\/v2\/pages\/8\/revisions"}],"wp:attachment":[{"href":"https:\/\/www.feuerwehrkostheim.de\/index.php?rest_route=%2Fwp%2Fv2%2Fmedia&parent=8"}],"curies":[{"name":"wp","href":"https:\/\/api.w.org\/{rel}","templated":true}]}}