{"id":751,"date":"2012-05-09T22:08:03","date_gmt":"2012-05-09T20:08:03","guid":{"rendered":"http:\/\/www.feuerwehrkostheim.de\/ffk\/?page_id=751"},"modified":"2023-05-08T16:20:42","modified_gmt":"2023-05-08T15:20:42","slug":"einsatze","status":"publish","type":"page","link":"https:\/\/www.feuerwehrkostheim.de\/?page_id=751","title":{"rendered":"Eins\u00e4tze"},"content":{"rendered":"<p><img loading=\"lazy\" decoding=\"async\" class=\"aligncenter\" title=\"Einsatz-Logo\" src=\"http:\/\/www.feuerwehrkostheim.de\/wp-content\/bilder\/sonstige\/logo_einsatz.jpg\" alt=\"Einsatz-Logo\" width=\"100\" height=\"100\" \/><\/p>\n<p>Diese Seiten sollen Ihnen einen \u00dcberblick verschaffen, zu welchen Eins\u00e4tzen &#8211; sortiert nach den Jahren &#8211; die Feuerwehr Kostheim alarmiert wurde.<\/p>\n<ul>\n<li style=\"list-style-type: none;\">\n<ul>\n<li style=\"list-style-type: none;\">\n<ul>\n<li><a href=\"http:\/\/www.feuerwehrkostheim.de\/?page_id=2542\" target=\"_blank\" rel=\"noopener noreferrer\">Eins\u00e4tze 2011<\/a><\/li>\n<li><a href=\"http:\/\/www.feuerwehrkostheim.de\/?page_id=741\" target=\"_blank\" rel=\"noopener noreferrer\">Eins\u00e4tze 2012<\/a><\/li>\n<li><a href=\"http:\/\/www.feuerwehrkostheim.de\/?page_id=1297\" target=\"_blank\" rel=\"noopener noreferrer\">Eins\u00e4tze 2013<\/a><\/li>\n<li><a href=\"http:\/\/www.feuerwehrkostheim.de\/?page_id=1817\" target=\"_blank\" rel=\"noopener noreferrer\">Eins\u00e4tze 2014<\/a><\/li>\n<li><a href=\"http:\/\/www.feuerwehrkostheim.de\/?page_id=2327\" target=\"_blank\" rel=\"noopener noreferrer\">Eins\u00e4tze 2015<\/a><\/li>\n<li><a href=\"http:\/\/www.feuerwehrkostheim.de\/?page_id=2840\" target=\"_blank\" rel=\"noopener noreferrer\">Eins\u00e4tze 2016<\/a><\/li>\n<li><a href=\"http:\/\/www.feuerwehrkostheim.de\/?page_id=3330\" target=\"_blank\" rel=\"noopener noreferrer\">Eins\u00e4tze 2017<\/a><\/li>\n<li><a href=\"http:\/\/www.feuerwehrkostheim.de\/?page_id=3954\" target=\"_blank\" rel=\"noopener noreferrer\">Eins\u00e4tze 2018<\/a><\/li>\n<li><a href=\"http:\/\/www.feuerwehrkostheim.de\/?page_id=4875\" target=\"_blank\" rel=\"noopener noreferrer\">Eins\u00e4tze 2019<\/a><\/li>\n<li><a href=\"http:\/\/www.feuerwehrkostheim.de\/?page_id=5520\" target=\"_blank\" rel=\"noopener noreferrer\">Eins\u00e4tze 2020<\/a><\/li>\n<li><a href=\"http:\/\/www.feuerwehrkostheim.de\/?page_id=5843\" target=\"_blank\" rel=\"noopener noreferrer\">Eins\u00e4tze 2021<\/a><\/li>\n<li><a href=\"http:\/\/www.feuerwehrkostheim.de\/?page_id=6283\" target=\"_blank\" rel=\"noopener noreferrer\">Eins\u00e4tze 2022<\/a><\/li>\n<\/ul>\n<\/li>\n<\/ul>\n<\/li>\n<\/ul>\n","protected":false},"excerpt":{"rendered":"<p>Diese Seiten sollen Ihnen einen \u00dcberblick verschaffen, zu welchen Eins\u00e4tzen &#8211; sortiert nach den Jahren &#8211; die Feuerwehr Kostheim alarmiert wurde. Eins\u00e4tze 2011 Eins\u00e4tze 2012 Eins\u00e4tze 2013 Eins\u00e4tze 2014 Eins\u00e4tze 2015 Eins\u00e4tze 2016 Eins\u00e4tze 2017 Eins\u00e4tze 2018 Eins\u00e4tze 2019 Eins\u00e4tze 2020 Eins\u00e4tze 2021 Eins\u00e4tze 2022<\/p>\n","protected":false},"author":1,"featured_media":0,"parent":33,"menu_order":0,"comment_status":"closed","ping_status":"closed","template":"","meta":{"_et_pb_use_builder":"","_et_pb_old_content":"","_et_gb_content_width":"","_crdt_document":"","footnotes":""},"class_list":["post-751","page","type-page","status-publish","hentry"],"_links":{"self":[{"href":"https:\/\/www.feuerwehrkostheim.de\/index.php?rest_route=\/wp\/v2\/pages\/751","targetHints":{"allow":["GET"]}}],"collection":[{"href":"https:\/\/www.feuerwehrkostheim.de\/index.php?rest_route=\/wp\/v2\/pages"}],"about":[{"href":"https:\/\/www.feuerwehrkostheim.de\/index.php?rest_route=\/wp\/v2\/types\/page"}],"author":[{"embeddable":true,"href":"https:\/\/www.feuerwehrkostheim.de\/index.php?rest_route=\/wp\/v2\/users\/1"}],"replies":[{"embeddable":true,"href":"https:\/\/www.feuerwehrkostheim.de\/index.php?rest_route=%2Fwp%2Fv2%2Fcomments&post=751"}],"version-history":[{"count":5,"href":"https:\/\/www.feuerwehrkostheim.de\/index.php?rest_route=\/wp\/v2\/pages\/751\/revisions"}],"predecessor-version":[{"id":6875,"href":"https:\/\/www.feuerwehrkostheim.de\/index.php?rest_route=\/wp\/v2\/pages\/751\/revisions\/6875"}],"up":[{"embeddable":true,"href":"https:\/\/www.feuerwehrkostheim.de\/index.php?rest_route=\/wp\/v2\/pages\/33"}],"wp:attachment":[{"href":"https:\/\/www.feuerwehrkostheim.de\/index.php?rest_route=%2Fwp%2Fv2%2Fmedia&parent=751"}],"curies":[{"name":"wp","href":"https:\/\/api.w.org\/{rel}","templated":true}]}}