{"id":706,"date":"2012-05-07T21:28:05","date_gmt":"2012-05-07T19:28:05","guid":{"rendered":"http:\/\/www.feuerwehrkostheim.de\/ffk\/?page_id=706"},"modified":"2021-02-03T11:41:42","modified_gmt":"2021-02-03T10:41:42","slug":"mzb","status":"publish","type":"page","link":"https:\/\/www.feuerwehrkostheim.de\/?page_id=706","title":{"rendered":"Mehrzweckboot &#8211; 22\/78"},"content":{"rendered":"<p><a title=\"Mehrzweckbbot - 22\/79 von FF-Kostheim bei Flickr\" href=\"http:\/\/www.flickr.com\/photos\/ffkostheim\/sets\/72157629986180883\/\" target=\"_blank\" rel=\"noopener\"><img loading=\"lazy\" decoding=\"async\" class=\"alignright\" src=\"http:\/\/farm8.staticflickr.com\/7081\/7006008884_820f4fc555_m.jpg\" alt=\"Mehrzweckbbot - 22\/79\" width=\"240\" height=\"160\" \/><\/a> Schon im Jahr 2007 entschied die Kostheimer Wehr, sich ein Mehrzweckboot zu beschaffen, was f\u00fcr Eins\u00e4tze auf dem Rhein und Main geeignet war. Neben den Eins\u00e4tzen zur Personenrettung, z\u00e4hlte auch der Gesichtspunkt &#8220;Hochwasser&#8221; zu den Gr\u00fcnden f\u00fcr die Anschaffung. Im Jahr 2011 entschied man sich, das in die Jahre gekommene und auch in der Gr\u00f6\u00dfe beschr\u00e4nkte Boot gegen ein neueres zu ersetzen. Man wurde in Nordhessen f\u00fcndig und kaufte aus Vereinmitteln ein ehemaliges DLRG Mehrzweckboot. Im Winter 2011\/2012 wurde dieses dann kurzzeitig au\u00dfer Dienst genommen und von Grund auf &#8220;aufgem\u00f6belt&#8221;. Neben einem neuen Anstrich wurde unter anderem die Elektrik komplett erneuert. P\u00fcnktlich zum Anschwimmen der Taucher des Rhein-Main-Gebietes am 16.04.2012 waren die Arbeiten beendet und es konnte der zweite Stapellauf erfolgen.<br \/>\n<a title=\"Mehrzweckbbot - 22\/79 von FF-Kostheim bei Flickr\" href=\"http:\/\/www.flickr.com\/photos\/ffkostheim\/sets\/72157629986180883\/\" target=\"_blank\" rel=\"noopener\"><img loading=\"lazy\" decoding=\"async\" class=\"aligncenter\" src=\"http:\/\/farm6.staticflickr.com\/5156\/7006009684_cbe905f333_m.jpg\" alt=\"Mehrzweckbbot - 22\/79\" width=\"240\" height=\"160\" \/><\/a><\/p>\n<ul>\n<li>Bauort: Werft Schlichting<\/li>\n<li>L\u00e4nge: 5,40 m<\/li>\n<li>Breite: 2,10 m<\/li>\n<li>Gewicht: ca. 500 kg<\/li>\n<li>1 Einbautank V2A ca. 90 Ltr.<\/li>\n<li>Ger\u00e4tetr\u00e4ger aus GFK<\/li>\n<li>Motor: 150 PS 2-Takter<\/li>\n<\/ul>\n<p>&nbsp;<\/p>\n<p>[FAGP id=5864]<\/p>\n","protected":false},"excerpt":{"rendered":"<p>Schon im Jahr 2007 entschied die Kostheimer Wehr, sich ein Mehrzweckboot zu beschaffen, was f\u00fcr Eins\u00e4tze auf dem Rhein und Main geeignet war. Neben den Eins\u00e4tzen zur Personenrettung, z\u00e4hlte auch der Gesichtspunkt &#8220;Hochwasser&#8221; zu den Gr\u00fcnden f\u00fcr die Anschaffung. Im Jahr 2011 entschied man sich, das in die Jahre gekommene und auch in der Gr\u00f6\u00dfe [&hellip;]<\/p>\n","protected":false},"author":1,"featured_media":0,"parent":41,"menu_order":0,"comment_status":"closed","ping_status":"closed","template":"","meta":{"_et_pb_use_builder":"","_et_pb_old_content":"","_et_gb_content_width":"","_crdt_document":"","footnotes":""},"class_list":["post-706","page","type-page","status-publish","hentry"],"_links":{"self":[{"href":"https:\/\/www.feuerwehrkostheim.de\/index.php?rest_route=\/wp\/v2\/pages\/706","targetHints":{"allow":["GET"]}}],"collection":[{"href":"https:\/\/www.feuerwehrkostheim.de\/index.php?rest_route=\/wp\/v2\/pages"}],"about":[{"href":"https:\/\/www.feuerwehrkostheim.de\/index.php?rest_route=\/wp\/v2\/types\/page"}],"author":[{"embeddable":true,"href":"https:\/\/www.feuerwehrkostheim.de\/index.php?rest_route=\/wp\/v2\/users\/1"}],"replies":[{"embeddable":true,"href":"https:\/\/www.feuerwehrkostheim.de\/index.php?rest_route=%2Fwp%2Fv2%2Fcomments&post=706"}],"version-history":[{"count":3,"href":"https:\/\/www.feuerwehrkostheim.de\/index.php?rest_route=\/wp\/v2\/pages\/706\/revisions"}],"predecessor-version":[{"id":5867,"href":"https:\/\/www.feuerwehrkostheim.de\/index.php?rest_route=\/wp\/v2\/pages\/706\/revisions\/5867"}],"up":[{"embeddable":true,"href":"https:\/\/www.feuerwehrkostheim.de\/index.php?rest_route=\/wp\/v2\/pages\/41"}],"wp:attachment":[{"href":"https:\/\/www.feuerwehrkostheim.de\/index.php?rest_route=%2Fwp%2Fv2%2Fmedia&parent=706"}],"curies":[{"name":"wp","href":"https:\/\/api.w.org\/{rel}","templated":true}]}}