{"id":6256,"date":"2022-01-12T18:20:46","date_gmt":"2022-01-12T17:20:46","guid":{"rendered":"https:\/\/www.feuerwehrkostheim.de\/?page_id=6256"},"modified":"2023-05-26T14:32:52","modified_gmt":"2023-05-26T13:32:52","slug":"4-wege-uns-zu-unterstuetzen","status":"publish","type":"page","link":"https:\/\/www.feuerwehrkostheim.de\/?page_id=6256","title":{"rendered":"Unterst\u00fctzungsm\u00f6glichkeiten"},"content":{"rendered":"\n<figure class=\"wp-block-image alignright\"><a href=\"https:\/\/www.feuerwehrkostheim.de\/wp-content\/uploads\/2022\/01\/Spendenuebersicht.jpg\" target=\"_blank\" rel=\"noopener\"><img loading=\"lazy\" decoding=\"async\" width=\"300\" height=\"300\" src=\"https:\/\/www.feuerwehrkostheim.de\/wp-content\/uploads\/2022\/01\/Spendenuebersicht-300x300.jpg\" alt=\"\" class=\"wp-image-6244\" srcset=\"https:\/\/www.feuerwehrkostheim.de\/wp-content\/uploads\/2022\/01\/Spendenuebersicht-300x300.jpg 300w, https:\/\/www.feuerwehrkostheim.de\/wp-content\/uploads\/2022\/01\/Spendenuebersicht-150x150.jpg 150w, https:\/\/www.feuerwehrkostheim.de\/wp-content\/uploads\/2022\/01\/Spendenuebersicht.jpg 580w\" sizes=\"(max-width: 300px) 100vw, 300px\" \/><\/a><\/figure>\n\n\n\n<p class=\"wp-block-paragraph\">Die Kostheimer Feuerwehr ist mit ihren knapp 40 aktiven Feuerwehrfrauen und Feuerwehrm\u00e4nnern 24 Stunden am Tag &#8211; 7 Tage in der Woche &#8211; einsatzbereit, um in Notsituationen den B\u00fcrgern unseres Stadtteils oder der Stadt zur Hilfe eilen zu k\u00f6nnen. Zus\u00e4tzlich zu den sonst \u00fcblichen Einsatzschwerpunkten der Wiesbadener Freiwilligen Feuerwehren in den Bereichen Brandschutz und technische Hilfeleistung, wird in Kostheim auch die Wasserrettung seit Jahren aktiv durchgef\u00fchrt. Neben den umfangreichen Aufgaben der \u00f6ffentlich-rechtlichen Abteilung Feuerwehr, ist die Nachwuchs- und Jugendarbeit ein wichtiger Bestandteil unserer regelm\u00e4\u00dfigen Arbeit.<\/p>\n\n\n\n<p class=\"wp-block-paragraph\">W\u00e4hrend der Gro\u00dfteil der Ausstattung \u00fcber die Stadt Wiesbaden bereitgestellt wird, gibt es jedoch immer wieder Dinge, die \u00fcber den F\u00f6rderverein eigenst\u00e4ndig finanziert werden. Als Beispiel dient hier das in 2011 vollst\u00e4ndig aus eigenen Mitteln angeschaffte Mehrzweckboot. Auch in der Kinder- und Jugendf\u00f6rderung unterst\u00fctzt der Verein die Ausbilder und Betreuer finanziell.<\/p>\n\n\n\n<p class=\"wp-block-paragraph\">Mit Beginn des neuen Jahres hat die Feuerwehr Kostheim ihre M\u00f6glichkeiten erweitert, damit interessierte B\u00fcrgerinnen und B\u00fcrger die Arbeit der Kostheimer Wehr unterst\u00fctzen k\u00f6nnen. Neben den M\u00f6glichkeiten einer einmaligen Zuwendung gibt es auch Optionen einer dauerhaften Unterst\u00fctzung.<\/p>\n\n\n\n<p class=\"wp-block-paragraph\"><span style=\"color: #800000;\"><strong>Vier einfache Wege f\u00fcr Ihre Unterst\u00fctzung:<\/strong><\/span><br><\/p>\n\n\n\n<!--more-->\n\n\n\n<p class=\"has-text-align-left wp-block-paragraph\"><strong>1. Eink\u00e4ufe \u00fcber Amazon.Smile<\/strong><\/p>\n\n\n\n<p class=\"has-text-align-left wp-block-paragraph\">Leider seit 20. Februar 2023 von Amazon eingestellt!<\/p>\n\n\n\n<figure class=\"wp-block-image alignright\"><a href=\"https:\/\/www.paypal.com\/\" target=\"_blank\" rel=\"noopener\"><img loading=\"lazy\" decoding=\"async\" width=\"300\" height=\"150\" src=\"https:\/\/www.feuerwehrkostheim.de\/wp-content\/uploads\/2022\/01\/PayPal-300x150.jpg\" alt=\"\" class=\"wp-image-6254\" srcset=\"https:\/\/www.feuerwehrkostheim.de\/wp-content\/uploads\/2022\/01\/PayPal-300x150.jpg 300w, https:\/\/www.feuerwehrkostheim.de\/wp-content\/uploads\/2022\/01\/PayPal.jpg 474w\" sizes=\"(max-width: 300px) 100vw, 300px\" \/><\/a><\/figure>\n\n\n\n<p class=\"wp-block-paragraph\"><strong>2. Geldspende mittels PayPal<br><\/strong>Als neue M\u00f6glichkeit, die Kostheimer Feuerwehr finanziell zu unterst\u00fctzen, k\u00f6nnen Sie ab sofort Ihre Spende auch per PayPal senden.<\/p>\n\n\n\n<p class=\"wp-block-paragraph\">Die PayPal-Adresse lautet:<\/p>\n\n\n\n<figure class=\"wp-block-image aligncenter\"><a href=\"https:\/\/www.feuerwehrkostheim.de\/wp-content\/uploads\/2022\/01\/PayPal-Adresse.png\"><img loading=\"lazy\" decoding=\"async\" width=\"300\" height=\"30\" src=\"https:\/\/www.feuerwehrkostheim.de\/wp-content\/uploads\/2022\/01\/PayPal-Adresse-300x30.png\" alt=\"\" class=\"wp-image-6261\" srcset=\"https:\/\/www.feuerwehrkostheim.de\/wp-content\/uploads\/2022\/01\/PayPal-Adresse-300x30.png 300w, https:\/\/www.feuerwehrkostheim.de\/wp-content\/uploads\/2022\/01\/PayPal-Adresse.png 425w\" sizes=\"(max-width: 300px) 100vw, 300px\" \/><\/a><\/figure>\n\n\n\n<figure class=\"wp-block-image alignright\"><a href=\"http:\/\/www.feuerwehrkostheim.de\/wp-content\/dokumente\/formular_eintritt_verein_ffkostheim.pdf\" target=\"_blank\" rel=\"noopener\"><img loading=\"lazy\" decoding=\"async\" width=\"212\" height=\"300\" src=\"https:\/\/www.feuerwehrkostheim.de\/wp-content\/uploads\/2022\/01\/Eintritt-212x300.png\" alt=\"\" class=\"wp-image-6246\" srcset=\"https:\/\/www.feuerwehrkostheim.de\/wp-content\/uploads\/2022\/01\/Eintritt-212x300.png 212w, https:\/\/www.feuerwehrkostheim.de\/wp-content\/uploads\/2022\/01\/Eintritt.png 452w\" sizes=\"(max-width: 212px) 100vw, 212px\" \/><\/a><\/figure>\n\n\n\n<p class=\"wp-block-paragraph\"><strong>3. Mitgliedschaft im F\u00f6rderverein<\/strong><br>Um die Feuerwehr Kostheim dauerhaft als Mitglied des F\u00f6rdervereins zu unterst\u00fctzen, muss lediglich die Eintrittserkl\u00e4rung ausgef\u00fcllt und an die Feuerwehr zur\u00fcck geschickt werden (Am Mainzer Weg 3). Der (Mindest-)Mitgliedsbeitrag betr\u00e4gt aktuell 13\u20ac im Jahr und kann individuell im Formular auch h\u00f6her angesetzt werden.<\/p>\n\n\n\n<p class=\"wp-block-paragraph\">Zum herunterladen des Eintrittsformulars das Bild anklicken oder <a href=\"http:\/\/www.feuerwehrkostheim.de\/wp-content\/dokumente\/formular_eintritt_verein_ffkostheim.pdf\" target=\"_blank\" rel=\"noopener\">hier<\/a> klicken.<\/p>\n\n\n\n<p class=\"wp-block-paragraph\"><strong>4. Geldspende mittels Bank\u00fcberweisung<\/strong><br>Mit der normalen Bank\u00fcberweisung k\u00f6nnen Sie Ihre individuelle Spende direkt auf das Vereinskonto \u00fcberweisen.<\/p>\n\n\n\n<figure class=\"wp-block-image alignright\"><a href=\"https:\/\/www.feuerwehrkostheim.de\/wp-content\/uploads\/2022\/01\/Ueberweisung.jpg\" target=\"_blank\" rel=\"noopener\"><img loading=\"lazy\" decoding=\"async\" width=\"300\" height=\"212\" src=\"https:\/\/www.feuerwehrkostheim.de\/wp-content\/uploads\/2022\/01\/Ueberweisung-300x212.jpg\" alt=\"\" class=\"wp-image-6247\" srcset=\"https:\/\/www.feuerwehrkostheim.de\/wp-content\/uploads\/2022\/01\/Ueberweisung-300x212.jpg 300w, https:\/\/www.feuerwehrkostheim.de\/wp-content\/uploads\/2022\/01\/Ueberweisung-768x541.jpg 768w, https:\/\/www.feuerwehrkostheim.de\/wp-content\/uploads\/2022\/01\/Ueberweisung.jpg 1007w\" sizes=\"(max-width: 300px) 100vw, 300px\" \/><\/a><\/figure>\n\n\n\n<p class=\"wp-block-paragraph\"><em>F\u00fcr die Bankverbindung ben\u00f6tigen Sie die Kontodaten:<\/em><br>Freiwillige Feuerwehr Mainz-Kostheim<br>IBAN-Nummer:<br><em>DE87 5519 0000 0435 4810 15<\/em><br>BIC:<br><em>MVBMDE55XXX<\/em><\/p>\n\n\n\n<p class=\"wp-block-paragraph\">M\u00f6chten Sie Ihre Spenden\u00fcberweisung per Handy oder Tablet mit einer Banking-App ausf\u00fchren, gen\u00fcgt es, den obigen QR-Sode einzulesen. Hierin sind schon alle Bankdaten enthalten.<\/p>\n\n\n\n<figure class=\"wp-block-image alignright\"><a href=\"https:\/\/www.feuerwehrkostheim.de\/wp-content\/uploads\/2022\/01\/Steuer.jpg\"><img loading=\"lazy\" decoding=\"async\" width=\"300\" height=\"168\" src=\"https:\/\/www.feuerwehrkostheim.de\/wp-content\/uploads\/2022\/01\/Steuer-300x168.jpg\" alt=\"\" class=\"wp-image-6257\" srcset=\"https:\/\/www.feuerwehrkostheim.de\/wp-content\/uploads\/2022\/01\/Steuer-300x168.jpg 300w, https:\/\/www.feuerwehrkostheim.de\/wp-content\/uploads\/2022\/01\/Steuer-768x431.jpg 768w, https:\/\/www.feuerwehrkostheim.de\/wp-content\/uploads\/2022\/01\/Steuer.jpg 920w\" sizes=\"(max-width: 300px) 100vw, 300px\" \/><\/a><\/figure>\n\n\n\n<p class=\"wp-block-paragraph\"><strong>Spenden und Mitgliedsbeitrag von der Steuer absetzen<\/strong><br>Als gemeinn\u00fctziger Verein k\u00f6nnen Spenden und Mitgliedsbeitr\u00e4ge zugunsten unserer Feuerwehr von der Steuer abgesetzt werden.<\/p>\n\n\n\n<p class=\"wp-block-paragraph\">F\u00fcr den Mitgliedsbeitrag sowie die Geldspende (unabh\u00e4ngig ob per \u00dcberweisung oder PayPal) bis 300\u20ac gen\u00fcgt den Finanz\u00e4mtern als Nachweis der Zahlungsbeleg.<\/p>\n\n\n\n<p class=\"wp-block-paragraph\">F\u00fcr Spenden \u00fcber 300\u20ac k\u00f6nnen Spendenbescheinigungen ausgestellt werden. In diesen F\u00e4llen setzen Sie sich mit uns gerne in Verbindung:<\/p>\n\n\n\n<figure class=\"wp-block-image alignleft\"><a href=\"https:\/\/www.feuerwehrkostheim.de\/wp-content\/uploads\/2022\/01\/Spenden-Adresse.png\"><img loading=\"lazy\" decoding=\"async\" width=\"300\" height=\"27\" src=\"https:\/\/www.feuerwehrkostheim.de\/wp-content\/uploads\/2022\/01\/Spenden-Adresse-300x27.png\" alt=\"\" class=\"wp-image-6260\" srcset=\"https:\/\/www.feuerwehrkostheim.de\/wp-content\/uploads\/2022\/01\/Spenden-Adresse-300x27.png 300w, https:\/\/www.feuerwehrkostheim.de\/wp-content\/uploads\/2022\/01\/Spenden-Adresse.png 446w\" sizes=\"(max-width: 300px) 100vw, 300px\" \/><\/a><\/figure>\n","protected":false},"excerpt":{"rendered":"<p>Die Kostheimer Feuerwehr ist mit ihren knapp 40 aktiven Feuerwehrfrauen und Feuerwehrm\u00e4nnern 24 Stunden am Tag &#8211; 7 Tage in der Woche &#8211; einsatzbereit, um in Notsituationen den B\u00fcrgern unseres Stadtteils oder der Stadt zur Hilfe eilen zu k\u00f6nnen. Zus\u00e4tzlich zu den sonst \u00fcblichen Einsatzschwerpunkten der Wiesbadener Freiwilligen Feuerwehren in den Bereichen Brandschutz und technische [&hellip;]<\/p>\n","protected":false},"author":1,"featured_media":0,"parent":0,"menu_order":0,"comment_status":"closed","ping_status":"closed","template":"","meta":{"_et_pb_use_builder":"","_et_pb_old_content":"","_et_gb_content_width":"","_crdt_document":"","footnotes":""},"class_list":["post-6256","page","type-page","status-publish","hentry"],"_links":{"self":[{"href":"https:\/\/www.feuerwehrkostheim.de\/index.php?rest_route=\/wp\/v2\/pages\/6256","targetHints":{"allow":["GET"]}}],"collection":[{"href":"https:\/\/www.feuerwehrkostheim.de\/index.php?rest_route=\/wp\/v2\/pages"}],"about":[{"href":"https:\/\/www.feuerwehrkostheim.de\/index.php?rest_route=\/wp\/v2\/types\/page"}],"author":[{"embeddable":true,"href":"https:\/\/www.feuerwehrkostheim.de\/index.php?rest_route=\/wp\/v2\/users\/1"}],"replies":[{"embeddable":true,"href":"https:\/\/www.feuerwehrkostheim.de\/index.php?rest_route=%2Fwp%2Fv2%2Fcomments&post=6256"}],"version-history":[{"count":12,"href":"https:\/\/www.feuerwehrkostheim.de\/index.php?rest_route=\/wp\/v2\/pages\/6256\/revisions"}],"predecessor-version":[{"id":7019,"href":"https:\/\/www.feuerwehrkostheim.de\/index.php?rest_route=\/wp\/v2\/pages\/6256\/revisions\/7019"}],"wp:attachment":[{"href":"https:\/\/www.feuerwehrkostheim.de\/index.php?rest_route=%2Fwp%2Fv2%2Fmedia&parent=6256"}],"curies":[{"name":"wp","href":"https:\/\/api.w.org\/{rel}","templated":true}]}}