{"id":62,"date":"2011-05-04T18:27:11","date_gmt":"2011-05-04T16:27:11","guid":{"rendered":"http:\/\/www.feuerwehrkostheim.de\/ffk\/?page_id=62"},"modified":"2018-06-02T14:12:27","modified_gmt":"2018-06-02T13:12:27","slug":"infos","status":"publish","type":"page","link":"https:\/\/www.feuerwehrkostheim.de\/?page_id=62","title":{"rendered":"Info\u00b4s"},"content":{"rendered":"<p>\u00dcber diese INFO-Leiste habe Sie Zugriff auf unseren Kalender, die RSS-Feed\u00b4s und der Impressum-Seite. Weiterhin besteht die M\u00f6glichkeit, sich direkt in unseren Newsletter einzutragen, um keine Neuigkeiten oder \u00c4nderungen mehr zu verpassen.<\/p>\n<p><strong>Einfach den entsprechnenden Men\u00fcpunkt anklicken !<\/strong><\/p>\n","protected":false},"excerpt":{"rendered":"<p>\u00dcber diese INFO-Leiste habe Sie Zugriff auf unseren Kalender, die RSS-Feed\u00b4s und der Impressum-Seite. Weiterhin besteht die M\u00f6glichkeit, sich direkt in unseren Newsletter einzutragen, um keine Neuigkeiten oder \u00c4nderungen mehr zu verpassen. Einfach den entsprechnenden Men\u00fcpunkt anklicken !<\/p>\n","protected":false},"author":1,"featured_media":0,"parent":0,"menu_order":0,"comment_status":"closed","ping_status":"closed","template":"","meta":{"_et_pb_use_builder":"","_et_pb_old_content":"","_et_gb_content_width":"","_crdt_document":"","footnotes":""},"class_list":["post-62","page","type-page","status-publish","hentry"],"_links":{"self":[{"href":"https:\/\/www.feuerwehrkostheim.de\/index.php?rest_route=\/wp\/v2\/pages\/62","targetHints":{"allow":["GET"]}}],"collection":[{"href":"https:\/\/www.feuerwehrkostheim.de\/index.php?rest_route=\/wp\/v2\/pages"}],"about":[{"href":"https:\/\/www.feuerwehrkostheim.de\/index.php?rest_route=\/wp\/v2\/types\/page"}],"author":[{"embeddable":true,"href":"https:\/\/www.feuerwehrkostheim.de\/index.php?rest_route=\/wp\/v2\/users\/1"}],"replies":[{"embeddable":true,"href":"https:\/\/www.feuerwehrkostheim.de\/index.php?rest_route=%2Fwp%2Fv2%2Fcomments&post=62"}],"version-history":[{"count":0,"href":"https:\/\/www.feuerwehrkostheim.de\/index.php?rest_route=\/wp\/v2\/pages\/62\/revisions"}],"wp:attachment":[{"href":"https:\/\/www.feuerwehrkostheim.de\/index.php?rest_route=%2Fwp%2Fv2%2Fmedia&parent=62"}],"curies":[{"name":"wp","href":"https:\/\/api.w.org\/{rel}","templated":true}]}}