{"id":59,"date":"2011-05-04T18:26:15","date_gmt":"2011-05-04T16:26:15","guid":{"rendered":"http:\/\/www.feuerwehrkostheim.de\/ffk\/?page_id=59"},"modified":"2018-06-02T14:12:26","modified_gmt":"2018-06-02T13:12:26","slug":"chronik","status":"publish","type":"page","link":"https:\/\/www.feuerwehrkostheim.de\/?page_id=59","title":{"rendered":"Chronik"},"content":{"rendered":"<p>Der Brandschutz in Mainz-Kostheim war vor Gr\u00fcndung der Freiwilligen Feuerwehr sehr mangelhaft. Zwar gab es eine von den Mitgliedern des Gemeinderates gef\u00fchrte Pflichtfeuerwehr, diese konnte ihren Aufgaben jedoch nur v\u00f6llig unzureichend gerecht werden. Mangelnde Pflege der Ger\u00e4tschaften f\u00fchrten im Ernstfall nicht selten zu Problemen mit der Spritze oder zur Gebrauchsunf\u00e4higkeit von Schl\u00e4uchen und sonstigen Ger\u00e4tschaften. So kam es, dass man bei einem Feueralarm die Feuerspritze nicht im Feuerwehrger\u00e4tehaus vorfand, weil diese an einem alten Brandplatz verdreckt und unter Steine begraben zur\u00fcckgelassen wurde. Die B\u00fcrger der Gemeinde taten ihren Unwillen \u00fcber diese Vorkommnisse derart kund, dass sie die F\u00fchrer und Wehrm\u00e4nner, wie gesehen bei einem Brand in der Burgstra\u00dfe, mit Steinen bewarfen. In dieser Zeit wiederholten sich Br\u00e4nde in unserer Gemeinde in kurzen Abst\u00e4nden, so dass der Ort im Volksmund \u201cNeubrandenburg\u201d genannt wurde. Solche und andere Missst\u00e4nde veranlassten den damaligen B\u00fcrgermeister Westenberger, einige kr\u00e4ftige junge M\u00e4nner in die Amtsstube zu bestellen und ihnen anzuraten, eine Freiwillige Feuerwehr zu gr\u00fcnden.<\/p>\n","protected":false},"excerpt":{"rendered":"<p>Der Brandschutz in Mainz-Kostheim war vor Gr\u00fcndung der Freiwilligen Feuerwehr sehr mangelhaft. Zwar gab es eine von den Mitgliedern des Gemeinderates gef\u00fchrte Pflichtfeuerwehr, diese konnte ihren Aufgaben jedoch nur v\u00f6llig unzureichend gerecht werden. Mangelnde Pflege der Ger\u00e4tschaften f\u00fchrten im Ernstfall nicht selten zu Problemen mit der Spritze oder zur Gebrauchsunf\u00e4higkeit von Schl\u00e4uchen und sonstigen Ger\u00e4tschaften. [&hellip;]<\/p>\n","protected":false},"author":1,"featured_media":0,"parent":0,"menu_order":0,"comment_status":"closed","ping_status":"closed","template":"","meta":{"_et_pb_use_builder":"","_et_pb_old_content":"","_et_gb_content_width":"","_crdt_document":"","footnotes":""},"class_list":["post-59","page","type-page","status-publish","hentry"],"_links":{"self":[{"href":"https:\/\/www.feuerwehrkostheim.de\/index.php?rest_route=\/wp\/v2\/pages\/59","targetHints":{"allow":["GET"]}}],"collection":[{"href":"https:\/\/www.feuerwehrkostheim.de\/index.php?rest_route=\/wp\/v2\/pages"}],"about":[{"href":"https:\/\/www.feuerwehrkostheim.de\/index.php?rest_route=\/wp\/v2\/types\/page"}],"author":[{"embeddable":true,"href":"https:\/\/www.feuerwehrkostheim.de\/index.php?rest_route=\/wp\/v2\/users\/1"}],"replies":[{"embeddable":true,"href":"https:\/\/www.feuerwehrkostheim.de\/index.php?rest_route=%2Fwp%2Fv2%2Fcomments&post=59"}],"version-history":[{"count":0,"href":"https:\/\/www.feuerwehrkostheim.de\/index.php?rest_route=\/wp\/v2\/pages\/59\/revisions"}],"wp:attachment":[{"href":"https:\/\/www.feuerwehrkostheim.de\/index.php?rest_route=%2Fwp%2Fv2%2Fmedia&parent=59"}],"curies":[{"name":"wp","href":"https:\/\/api.w.org\/{rel}","templated":true}]}}