{"id":5843,"date":"2021-01-13T16:59:15","date_gmt":"2021-01-13T15:59:15","guid":{"rendered":"https:\/\/www.feuerwehrkostheim.de\/?page_id=5843"},"modified":"2023-10-06T14:42:40","modified_gmt":"2023-10-06T13:42:40","slug":"einsaetze-2021","status":"publish","type":"page","link":"https:\/\/www.feuerwehrkostheim.de\/?page_id=5843","title":{"rendered":"Eins\u00e4tze 2021"},"content":{"rendered":"\n<ul class=\"wp-block-list\">\n<li><strong>Einsatz 01 &#8211; 2021<\/strong><br>12. Januar \u2013 16:27 Uhr<br>H KLEMM 1 Y \u2013 Alarmgruppe mit FF Kastel<br>BAB 671<br><a title=\"\u201eUnfall auf der BAB671 H\u00f6he Hochheim S\u00fcd\" href=\"http:\/\/www.feuerwehrkostheim.de\/?p=5841 target=\" rel=\"noopener noreferrer\">Unfall auf der BAB671 H\u00f6he Hochheim S\u00fcd<\/a><\/li>\n\n\n\n<li><strong>Einsatz 02 &#8211; 2021<\/strong><br>21. Januar \u2013 14:38 Uhr<br>F2 \u2013 Alarmgruppe mit FF Kastel<br>Wiesbadener Stra\u00dfe<br><a title=\"\u201eBrand einer Elektroverteilung\" href=\"http:\/\/www.feuerwehrkostheim.de\/?p=5851 target=\" rel=\"noopener noreferrer\">Brand einer Elektroverteilung<\/a><\/li>\n\n\n\n<li><strong>Einsatz 03 &#8211; 2021<\/strong><br>30. Januar \u2013 12:30 Uhr<br>S AMTSHILFE<br>Mainufer<br><a title=\"\u201ePegel an Rhein und Main steigen \u2013 Hochwasserschutz wurde aufgebaut\" href=\"http:\/\/www.feuerwehrkostheim.de\/?p=5862 target=\" rel=\"noopener noreferrer\">Pegel an Rhein und Main steigen \u2013 Hochwasserschutz wurde aufgebaut<\/a><\/li>\n\n\n\n<li><strong>Einsatz 04 &#8211; 2021<\/strong><br>31. Januar \u2013 08. Februar<br>S AMTSHILFE<br>Mainufer &#8211; Hochwasserdeich<br><a title=\"\u201eHochwasserkontrolle \u2013 H\u00f6chstst\u00e4nde geringer als prognostiziert\" href=\"http:\/\/www.feuerwehrkostheim.de\/?p=5871 target=\" rel=\"noopener noreferrer\">Hochwasserkontrolle \u2013 H\u00f6chstst\u00e4nde geringer als prognostiziert<\/a><\/li>\n\n\n\n<li><strong>Einsatz 05 &#8211; 2021<\/strong><br>12. Februar \u2013 15:00 Uhr<br>S AMTSHILFE<br>Mainufer<br><a title=\"\u201eAbbau der Hochwasserspundw\u00e4nde\" href=\"http:\/\/www.feuerwehrkostheim.de\/?p=5893 target=\" rel=\"noopener noreferrer\">Abbau der Hochwasserspundw\u00e4nde<\/a><\/li>\n\n\n\n<li><strong>Einsatz 06 &#8211; 2021<\/strong><br>20. Februar \u2013 02:11 Uhr<br>F 1<br>Am G\u00fcckelsberg \/ Siedlung<br><a title=\"\u201eMehrere M\u00fclltonnen in Flammen aufgegangen\" href=\"http:\/\/www.feuerwehrkostheim.de\/?p=5902 target=\" rel=\"noopener noreferrer\">Mehrere M\u00fclltonnen in Flammen aufgegangen<\/a><\/li>\n\n\n\n<li><strong>Einsatz 07 &#8211; 2021<\/strong><br>24. Februar \u2013 15:01 Uhr<br>F LKW &#8211; Alarmgruppe mit FF Kastel<br>Kostheimer Landstra\u00dfe<br><a title=\"\u201eVerdacht auf einen brennenden Bagger auf der Gro\u00dfbaustelle\" href=\"http:\/\/www.feuerwehrkostheim.de\/?p=5906 target=\" rel=\"noopener noreferrer\">Verdacht auf einen brennenden Bagger auf der Gro\u00dfbaustelle<\/a><\/li>\n\n\n\n<li><strong>Einsatz 08 &#8211; 2021<\/strong><br>02. M\u00e4rz \u2013 18:13 Uhr<br>F 2<br>Hocheimer Stra\u00dfe<br><a title=\"\u201eRauchentwicklung aus Kfz-Werkstatt\" href=\"http:\/\/www.feuerwehrkostheim.de\/?p=5912 target=\" rel=\"noopener noreferrer\">Rauchentwicklung aus Kfz-Werkstatt<\/a><\/li>\n\n\n\n<li><strong>Einsatz 09 &#8211; 2021<\/strong><br>18. M\u00e4rz \u2013 22:05 Uhr<br>H FLUSS Y RHEIN WI<br>Rhein \u2013 unterhalb TH Br\u00fccke<br><a title=\"\u201ePersonensuche auf dem Rhein\" href=\"http:\/\/www.feuerwehrkostheim.de\/?p=5917 target=\" rel=\"noopener noreferrer\">Personensuche auf dem Rhein<\/a><\/li>\n\n\n\n<li><strong>Einsatz 10\/11 &#8211; 2021<\/strong><br>23. M\u00e4rz \u2013 09:30 Uhr<br>S WB \/ F2<br>Ger\u00e4tehaus \/ Alte Schmelze Schierstein<br><a title=\"\u201eWachbesetzung wegen Feuerwehreinsatz in Schierstein\" href=\"http:\/\/www.feuerwehrkostheim.de\/?p=5931 target=\" rel=\"noopener noreferrer\">Wachbesetzung wegen Feuerwehreinsatz in Schierstein<\/a><\/li>\n\n\n\n<li><strong>Einsatz 12 &#8211; 2021<\/strong><br>01. April \u2013 17:49 Uhr<br>F 2 &#8211; Alarmgruppe mit FF Kastel<br>Kronenstra\u00dfe<br><a title=\"\u201eAngebranntes Kochgut in der Kronenstra\u00dfe\" href=\"http:\/\/www.feuerwehrkostheim.de\/?p=5942 target=\" rel=\"noopener noreferrer\">Angebranntes Kochgut in der Kronenstra\u00dfe<\/a><\/li>\n\n\n\n<li><strong>Einsatz 13 &#8211; 2021<\/strong><br>04. Mai \u2013 13:26 Uhr<br>F 2 &#8211; Alarmgruppe mit FF Kastel<br>Wiesbadener Stra\u00dfe<br><a title=\"\u201eGemeldetes Feuer auf einem Balkon\" href=\"http:\/\/www.feuerwehrkostheim.de\/?p=5959 target=\" rel=\"noopener noreferrer\">Gemeldetes Feuer auf einem Balkon<\/a><\/li>\n\n\n\n<li><strong>Einsatz 14 &#8211; 2021<\/strong><br>05. Mai \u2013 17:29 Uhr<br>F 2 &#8211; Alarmgruppe mit FF Kastel<br>Gustavsburger Stra\u00dfe<br><a title=\"\u201eGemeldeter Wohnungsbrand in der Siedlung \u2013 Fehlalarm\" href=\"http:\/\/www.feuerwehrkostheim.de\/?p=5961 target=\" rel=\"noopener noreferrer\">Gemeldeter Wohnungsbrand in der Siedlung \u2013 Fehlalarm<\/a><\/li>\n\n\n\n<li><strong>Einsatz 15 &#8211; 2021<\/strong><br>05. Mai \u2013 18:54 Uhr<br>H FLUSS Y<br>Rhein \u2013 Kilometer 505<br><a title=\"\u201eGekenterter Sportsegler auf dem Rhein\" href=\"http:\/\/www.feuerwehrkostheim.de\/?p=5964 target=\" rel=\"noopener noreferrer\">Gekenterter Sportsegler auf dem Rhein<\/a><\/li>\n\n\n\n<li><strong>Einsatz 16 &#8211; 2021<\/strong><br>07. Mai \u2013 20:06 Uhr<br>F 2<br>Im Sampel<br><a title=\"\u201eVerdacht auf einen Kaminbrand \u201cIm Sampel\u201d\" href=\"http:\/\/www.feuerwehrkostheim.de\/?p=5966 target=\" rel=\"noopener noreferrer\">Verdacht auf einen Kaminbrand \u201cIm Sampel\u201d<\/a><\/li>\n\n\n\n<li><strong>Einsatz 17 &#8211; 2021<\/strong><br>08. Mai \u2013 22:00 Uhr<br>H FLUSS Y RHEIN WI<br>Rhein &#8211; H\u00f6he TH Br\u00fccke<br><a title=\"\u201ePerson im Rhein schnell gesichert\" href=\"http:\/\/www.feuerwehrkostheim.de\/?p=5969 target=\" rel=\"noopener noreferrer\">Person im Rhein schnell gesichert<\/a><\/li>\n\n\n\n<li><strong>Einsatz 18 &#8211; 2021<\/strong><br>17. Mai \u2013 17:00 Uhr<br>F 2 Y &#8211; Alarmgruppe mit FF Kastel<br>Kommerzienrat-Disch-Br\u00fccke 1 &#8211; Fa. Essity<br><a title=\"\u201eBrand im Papierwerk schnell gel\u00f6scht\" href=\"http:\/\/www.feuerwehrkostheim.de\/?p=5973 target=\" rel=\"noopener noreferrer\">Brand im Papierwerk schnell gel\u00f6scht<\/a><\/li>\n\n\n\n<li><strong>Einsatz 19 &#8211; 2021<\/strong><br>23. Mai \u2013 18:09 Uhr<br>F 2<br>Eichenstra\u00dfe<br><a title=\"\u201eTechnischer Defekt einer Abzugshaube \u2013 musterg\u00fcltiges Verhalten verhindert Schlimmeres\" href=\"http:\/\/www.feuerwehrkostheim.de\/?p=5975 target=\" rel=\"noopener noreferrer\">Technischer Defekt einer Abzugshaube \u2013 musterg\u00fcltiges Verhalten verhindert Schlimmeres<\/a><\/li>\n\n\n\n<li><strong>Einsatz 20 &#8211; 2021<\/strong><br>25. Mai \u2013 13:09 Uhr<br>F 2 &#8211; Alarmgruppe mit FF Kastel<br>Viktoriastra\u00dfe<br><a title=\"\u201eBrandverdacht \u2013 kein Feuer feststellbar\" href=\"http:\/\/www.feuerwehrkostheim.de\/?p=5978 target=\" rel=\"noopener noreferrer\">Brandverdacht \u2013 kein Feuer feststellbar<\/a><\/li>\n\n\n\n<li><strong>Einsatz 21 &#8211; 2021<\/strong><br>28. Mai \u2013 20:38 Uhr<br>F 2<br>Kommerzienrat-Disch-Br\u00fccke 1 &#8211; Fa. Essity<br><a title=\"\u201eUnterst\u00fctzung der Werkfeuerwehr\" href=\"http:\/\/www.feuerwehrkostheim.de\/?p=5980 target=\" rel=\"noopener noreferrer\">Unterst\u00fctzung der Werkfeuerwehr<\/a><\/li>\n\n\n\n<li><strong>Einsatz 22 &#8211; 2021<\/strong><br>30. Mai \u2013 13:54 Uhr<br>F 2<br>Im Sampel<br><a title=\"\u201eRauchentwicklung vom Balkon\" href=\"http:\/\/www.feuerwehrkostheim.de\/?p=5982 target=\" rel=\"noopener noreferrer\">Rauchentwicklung vom Balkon<\/a><\/li>\n\n\n\n<li><strong>Einsatz 23 &#8211; 2021<\/strong><br>31. Mai \u2013 08:40 Uhr<br>F 2 &#8211; Alarmgruppe mit FF Kastel<br>Hochheimer Stra\u00dfe<br><a title=\"\u201eBrandverdacht in der Hochheimer Stra\u00dfe\" href=\"http:\/\/www.feuerwehrkostheim.de\/?p=5984 target=\" rel=\"noopener noreferrer\">Brandverdacht in der Hochheimer Stra\u00dfe<\/a><\/li>\n\n\n\n<li><strong>Einsatz 24 &#8211; 2021<\/strong><br>04. Juni \u2013 12:59 Uhr<br>H FLUSS Y RHEIN WI<br>Rhein \u2013 H\u00f6he Johannes-Go\u00dfner-Stra\u00dfe<br><a title=\"\u201eSchwimmer sorgt f\u00fcr Wasserrettungseinsatz\" href=\"http:\/\/www.feuerwehrkostheim.de\/?p=5999 target=\" rel=\"noopener noreferrer\">Schwimmer sorgt f\u00fcr Wasserrettungseinsatz<\/a><\/li>\n\n\n\n<li><strong>Einsatz 25-34 &#8211; 2021<\/strong><br>05. Juni \u2013 16:46 Uhr<br>U ALARM<br>Stadtgebiet Wiesbaden<br><a title=\"\u201eStarkregen sorgte f\u00fcr eine Vielzahl von Eins\u00e4tzen\" href=\"http:\/\/www.feuerwehrkostheim.de\/?p=6002 target=\" rel=\"noopener noreferrer\">Starkregen sorgte f\u00fcr eine Vielzahl von Eins\u00e4tzen<\/a><\/li>\n\n\n\n<li><strong>Einsatz 35 &#8211; 2021<\/strong><br>11. Juni \u2013 11:18 Uhr<br>H GAS 1 CO &#8211; Alarmgruppe mit FF Kastel<br>Rathausstra\u00dfe<br><a title=\"\u201eFehlalarm eines CO-Warnmelders\" href=\"http:\/\/www.feuerwehrkostheim.de\/?p=6006 target=\" rel=\"noopener noreferrer\">Fehlalarm eines CO-Warnmelders<\/a><\/li>\n\n\n\n<li><strong>Einsatz 36 &#8211; 2021<\/strong><br>12. Juni \u2013 15:42 Uhr<br>S WB<br>Ger\u00e4tehaus Kostheim<br><a title=\"\u201eWachbereitschaft wegen eines Brandes in Breckenheim\" href=\"http:\/\/www.feuerwehrkostheim.de\/?p=6010 target=\" rel=\"noopener noreferrer\">Wachbereitschaft wegen eines Brandes in Breckenheim<\/a><\/li>\n\n\n\n<li><strong>Einsatz 37 &#8211; 2021<\/strong><br>16. Juni \u2013 16:11 Uhr<br>S WB<br>Ger\u00e4tehaus Kostheim<br><a title=\"\u201eErneute Einsatzbereitschaft wegen Feuer in der Innenstadt\" href=\"http:\/\/www.feuerwehrkostheim.de\/?p=6012 target=\" rel=\"noopener noreferrer\">Erneute Einsatzbereitschaft wegen Feuer in der Innenstadt<\/a><\/li>\n\n\n\n<li><strong>Einsatz 38 &#8211; 2021<\/strong><br>18. Juni \u2013 10:54 Uhr<br>F 2 &#8211; Alarmgruppe mit FF Kastel<br>Wiesbadener Landstra\u00dfe<br><a title=\"\u201eGewollter Abbrand l\u00f6st Feuerwehreinsatz aus\" href=\"http:\/\/www.feuerwehrkostheim.de\/?p=6019 target=\" rel=\"noopener noreferrer\">Gewollter Abbrand l\u00f6st Feuerwehreinsatz aus<\/a><\/li>\n\n\n\n<li><strong>Einsatz 39 &#8211; 2021<\/strong><br>24. Juni \u2013 10:15 Uhr<br>F 2 &#8211; Alarmgruppe mit FF Kastel<br>Anna-Birle-Stra\u00dfe<br><a title=\"\u201eEinsatz im Kasteler Gewerbegebiet\" href=\"http:\/\/www.feuerwehrkostheim.de\/?p=6015 target=\" rel=\"noopener noreferrer\">Einsatz im Kasteler Gewerbegebiet<\/a><\/li>\n\n\n\n<li><strong>Einsatz 40 &#8211; 2021<\/strong><br>25. Juni \u2013 15:53 Uhr<br>H GEFAHR 1 &#8211; Alarmgruppe mit FF Kastel<br>Schmalweg<br><a title=\"\u201eAusgetretenes Gefahrgut sorgt f\u00fcr stundenlangen Einsatz\" href=\"http:\/\/www.feuerwehrkostheim.de\/?p=6017 target=\" rel=\"noopener noreferrer\" data-wplink-edit=\"true\">Ausgetretenes Gefahrgut sorgt f\u00fcr stundenlangen Einsatz<\/a><\/li>\n\n\n\n<li><strong>Einsatz 41\/42 &#8211; 2021<\/strong><br>29. Juni \u2013 15:59 Uhr<br>Feuerwehrger\u00e4tehaus \/ Hochheimer Stra\u00dfe<br>U ALARM \/ U WASS 1<br><a href=\"http:\/\/www.feuerwehrkostheim.de\/?p=6023\" target=\"_blank\" rel=\"noreferrer noopener\">Unwetterfront \u00fcberquert Wiesbaden<\/a><\/li>\n\n\n\n<li><strong>Einsatz 43 &#8211; 2021<\/strong><br>09. Juli \u2013 17:50 Uhr<br>Salzburger Stra\u00dfe<br>F 2 &#8211; Alarmgruppe mit FF Kastel<br><a href=\"http:\/\/www.feuerwehrkostheim.de\/?p=6028\" target=\"_blank\" rel=\"noreferrer noopener\">Gemeldeter K\u00fcchenbrand in der Siedlung<\/a><\/li>\n\n\n\n<li><strong>Einsatz 44 &#8211; 2021<\/strong><br>13. Juli \u2013 16:00 Uhr<br>Brita Arena<br>BSD<br><a href=\"http:\/\/www.feuerwehrkostheim.de\/?p=6034\" target=\"_blank\" rel=\"noreferrer noopener\">Brandsicherheitsdienst in der Brita Arena<\/a><\/li>\n\n\n\n<li><strong>Einsatz 45 &#8211; 2021<\/strong><br>17. Juli \u2013 01:30 Uhr<br>Messe D\u00fcsseldorf<br>ALARM L\u00c4NDEREINSATZ<br><a href=\"http:\/\/www.feuerwehrkostheim.de\/?p=6042\" target=\"_blank\" rel=\"noreferrer noopener\">\u00dcber\u00f6rtliche Hilfe \u2013 Bereitstellung im Katastrophengebiet<\/a><\/li>\n\n\n\n<li><strong>Einsatz 46 &#8211; 2021<\/strong><br>22. Juli \u2013 18:31 Uhr<br>Alte Winterstra\u00dfe<br>F 2<br><a href=\"http:\/\/www.feuerwehrkostheim.de\/?p=6049\" target=\"_blank\" rel=\"noreferrer noopener\">Feuer in einer Wohnung<\/a><\/li>\n\n\n\n<li><strong>Einsatz 47 &#8211; 2021<\/strong><br>01. August \u2013 10:55 Uhr<br>R\u00f6merfeld<br>F 2<br><a href=\"http:\/\/www.feuerwehrkostheim.de\/?p=6052\" target=\"_blank\" rel=\"noreferrer noopener\">L\u00f6schversuch bei brennendem \u00d6l f\u00fchrt zu Verletzungen<\/a><\/li>\n\n\n\n<li><strong>Einsatz 48 &#8211; 2021<\/strong><br>15. August \u2013 01:46 Uhr<br>Rhein &#8211; Unterhalb TH-Br\u00fccke<br>H FLUSS Y RHEIN WI<br><a href=\"http:\/\/www.feuerwehrkostheim.de\/?p=6055\" target=\"_blank\" rel=\"noreferrer noopener\">Personen springen in den Rhein<\/a><\/li>\n\n\n\n<li><strong>Einsatz 49 &#8211; 2021<\/strong><br>18. August \u2013 16:31 Uhr<br>Kommerzienrat-Disch-Br\u00fccke 1 \/ Fa. Essity<br>F 2 &#8211; Alarmgruppe mit FF Kastel<br><a href=\"http:\/\/www.feuerwehrkostheim.de\/?p=6058\" target=\"_blank\" rel=\"noreferrer noopener\">Unterst\u00fctzung im Papierwerk<\/a><\/li>\n\n\n\n<li><strong>Einsatz 50 &#8211; 2021<\/strong><br>21. August \u2013 16:34 Uhr<br>BAB 66 \/ Erbenheim &#8211; Nordenstadt<br>F 1 &#8211; Alarmgruppe mit FF Kastel<br><a href=\"http:\/\/www.feuerwehrkostheim.de\/?p=6060\" target=\"_blank\" rel=\"noreferrer noopener\">Gemeldeter PKW-Brand auf der A66<\/a><\/li>\n\n\n\n<li><strong>Einsatz 51 &#8211; 2021<\/strong><br>29. August \u2013 11:59 Uhr<br>Kommerzienrat-Disch-Br\u00fccke 1 \/ Fa. Essity<br>F 2<br><a href=\"http:\/\/www.feuerwehrkostheim.de\/?p=6068\" target=\"_blank\" rel=\"noreferrer noopener\">Unterst\u00fctzung im Papierwerk<\/a><\/li>\n\n\n\n<li><strong>Einsatz 52 &#8211; 2021<\/strong><br>06. September \u2013 08:41 Uhr<br>Rhein &#8211; H\u00f6he Biebrich<br>H FLUSS Y RHEIN WI<br><a href=\"http:\/\/www.feuerwehrkostheim.de\/?p=6073\" target=\"_blank\" rel=\"noreferrer noopener\">Wasserrettungseinsatz auf dem Rhein schnell abgebrochen<\/a><\/li>\n\n\n\n<li><strong>Einsatz 53 &#8211; 2021<\/strong><br>10. September \u2013 04:35 Uhr<br>Am R\u00fcbenberg<br>F 1<br><a href=\"http:\/\/www.feuerwehrkostheim.de\/?p=6076\" target=\"_blank\" rel=\"noreferrer noopener\">M\u00fclltonnen gehen in Flammen auf<\/a><\/li>\n\n\n\n<li><strong>Einsatz 54 &#8211; 2021<\/strong><br>16. September \u2013 15:57 Uhr<br>Ehemaliges Linde-Gel\u00e4nde<br>F 1<br><a href=\"http:\/\/www.feuerwehrkostheim.de\/?p=6090\" target=\"_blank\" rel=\"noreferrer noopener\">Unratfeuer in unwegsamen Gel\u00e4nde<\/a><\/li>\n\n\n\n<li><strong>Einsatz 55 &#8211; 2021<\/strong><br>25. September \u2013 19:31 Uhr<br>Im Sampel<br>F 1<br><a href=\"http:\/\/www.feuerwehrkostheim.de\/?p=6100\" target=\"_blank\" rel=\"noreferrer noopener\">Gewollter Abbrand l\u00f6st Feuerwehreinsatz aus<\/a><\/li>\n\n\n\n<li><strong>Einsatz 56 &#8211; 2021<\/strong><br>26. September \u2013 12:24 Uhr<br>Passauer Stra\u00dfe<br>F 2<br><a href=\"http:\/\/www.feuerwehrkostheim.de\/?p=6102\" target=\"_blank\" rel=\"noreferrer noopener\">Brandverdacht in der Siedlung<\/a><\/li>\n\n\n\n<li><strong>Einsatz 57 &#8211; 2021<\/strong><br>29. September \u2013 12:23 Uhr<br>Feuerwehrger\u00e4tehaus<br>Besetzung Meldestelle<br><a href=\"http:\/\/www.feuerwehrkostheim.de\/?p=6104\" target=\"_blank\" rel=\"noreferrer noopener\">Notrufausfall: Feuerwehrger\u00e4teh\u00e4user als Anlaufstelle besetzt<\/a><\/li>\n\n\n\n<li><strong>Einsatz 58 &#8211; 2021<\/strong><br>07. Oktober \u2013 20:12 Uhr<br>Kostheimer Landstra\u00dfe<br>F 1<br><a href=\"http:\/\/www.feuerwehrkostheim.de\/?p=6108\" target=\"_blank\" rel=\"noreferrer noopener\">Unratfeuer unterhalb der Lindebr\u00fccke<\/a><\/li>\n\n\n\n<li><strong>Einsatz 59 &#8211; 2021<\/strong><br>14. Oktober \u2013 07:39 Uhr<br>Feuerwehrger\u00e4tehaus<br>S WB<br><a href=\"http:\/\/www.feuerwehrkostheim.de\/?p=6117\" target=\"_blank\" rel=\"noreferrer noopener\">Wachbesetzung wegen Feuer in Erbenheim<\/a><\/li>\n\n\n\n<li><strong>Einsatz 60 &#8211; 2021<\/strong><br>14. Oktober \u2013 17:25 Uhr<br>Rhein<br>H FLUSS Y RHEIN WI<br><a href=\"http:\/\/www.feuerwehrkostheim.de\/?p=6119\" target=\"_blank\" rel=\"noreferrer noopener\">Vermeintlich gekenterter Kanufahrer auf dem Rhein<\/a><\/li>\n\n\n\n<li><strong>Einsatz 61 &#8211; 2021<\/strong><br>15. Oktober \u2013 11:19 Uhr<br>Feuerwehrger\u00e4tehaus<br>S WB<br><a href=\"http:\/\/www.feuerwehrkostheim.de\/?p=6121\" target=\"_blank\" rel=\"noreferrer noopener\">Erneute Wachbesetzung am Feuerwehrger\u00e4tehaus<\/a><\/li>\n\n\n\n<li><strong>Einsatz 62 &#8211; 2021<\/strong><br>16. Oktober \u2013 18:35 Uhr<br>BAB 671 <br>F 1 &#8211; Alarmgruppe mit FF Kastel<br><a href=\"http:\/\/www.feuerwehrkostheim.de\/?p=6128\" target=\"_blank\" rel=\"noreferrer noopener\">In Vollbrand stehender Kleintransporter auf der Autobahn<\/a><\/li>\n\n\n\n<li><strong>Einsatz 63 &#8211; 2021<\/strong><br>23. Oktober \u2013 02:17 Uhr<br>Fl\u00f6rsheimer Stra\u00dfe<br>F 1<br><a href=\"http:\/\/www.feuerwehrkostheim.de\/?p=6132\" target=\"_blank\" rel=\"noreferrer noopener\">M\u00fclltonnenbrand greift auf Geb\u00fcsch \u00fcber<\/a><\/li>\n\n\n\n<li><strong>Einsatz 64 &#8211; 2021<\/strong><br>23. Oktober \u2013 12:54 Uhr<br>Feuerwehrger\u00e4tehaus<br>S WB<br><a href=\"http:\/\/www.feuerwehrkostheim.de\/?p=6135\" target=\"_blank\" rel=\"noreferrer noopener\">Herstellen der Einsatzbereitschaft am Ger\u00e4tehaus<\/a><\/li>\n\n\n\n<li><strong>Einsatz 65 &#8211; 2021<\/strong><br>23. Oktober \u2013 16:09 Uhr<br>Hauptstra\u00dfe <br>F 2<br><a href=\"http:\/\/www.feuerwehrkostheim.de\/?p=6137\" target=\"_blank\" rel=\"noreferrer noopener\">Brandverdacht in der Hauptstra\u00dfe<\/a><\/li>\n\n\n\n<li><strong>Einsatz 66 &#8211; 2021<\/strong><br>24. Oktober \u2013 01:24 Uhr<br>Hauptstra\u00dfe <br>F 1<br><a href=\"http:\/\/www.feuerwehrkostheim.de\/?p=6139\" target=\"_blank\" rel=\"noreferrer noopener\">Erneut ein n\u00e4chtlicher M\u00fclltonnenbrand<\/a><\/li>\n\n\n\n<li><strong>Einsatz 67 &#8211; 2021<\/strong><br>01. November \u2013 03:13 Uhr<br>Uthmannstra\u00dfe<br>F 2<br><a href=\"http:\/\/www.feuerwehrkostheim.de\/?p=6147\" target=\"_blank\" rel=\"noreferrer noopener\">Feuer im Gewerbeobjekt: geringer Brandschaden \u2013 sehr hoher Rauchschaden<\/a><\/li>\n\n\n\n<li><strong>Einsatz 68 &#8211; 2021<\/strong><br>05. November \u2013 12:23 Uhr<br>Boelckestra\u00dfe<br>F 2 &#8211; Alarmgruppe mit FF Kastel<br><a href=\"http:\/\/www.feuerwehrkostheim.de\/?p=6152\" target=\"_blank\" rel=\"noreferrer noopener\">Feuer in einer Toilette<\/a><\/li>\n\n\n\n<li><strong>Einsatz 69 &#8211; 2021<\/strong><br>11. November \u2013 05:21 Uhr<br>Feuerwehrgher\u00e4tehaus<br>Besetzung Meldestelle<br><a href=\"http:\/\/www.feuerwehrkostheim.de\/?p=6159\" target=\"_blank\" rel=\"noreferrer noopener\">Notrufausfall \u2013 Feuerwehrger\u00e4tehaus als Anlaufstelle besetzt<\/a><\/li>\n\n\n\n<li><strong>Einsatz 70 &#8211; 2021<\/strong><br>15. November \u2013 15:54 Uhr<br>Im Sampel<br>F 2 Y \/ Alarmgruppe mit FF-Kastel<br><a href=\"http:\/\/www.feuerwehrkostheim.de\/?p=6161\" target=\"_blank\" rel=\"noreferrer noopener\">Brandverdacht im Sampel-Hochhaus<\/a><\/li>\n\n\n\n<li><strong>Einsatz 71 &#8211; 2021<\/strong><br>17. November \u2013 08:56 Uhr<br>Rhein <br>H FLUSS Y RHEIN WI<br><a href=\"http:\/\/www.feuerwehrkostheim.de\/?p=6163\" target=\"_blank\" rel=\"noreferrer noopener\">Wasserrettungseinsatz auf dem Rhein<\/a><\/li>\n\n\n\n<li><strong>Einsatz 72 &#8211; 2021<\/strong><br>19. November \u2013 23:29 Uhr<br>Rhein <br>H FLUSS Y RHEIN WI<br><a href=\"http:\/\/www.feuerwehrkostheim.de\/?p=6165\" target=\"_blank\" rel=\"noreferrer noopener\">Person im Rhein schnell gesichert<\/a><\/li>\n\n\n\n<li><strong>Einsatz 73 &#8211; 2021<\/strong><br>25. November \u2013 02:44 Uhr<br>Zelterstra\u00dfe<br>F 2<br><a href=\"http:\/\/www.feuerwehrkostheim.de\/?p=6174\" target=\"_blank\" rel=\"noreferrer noopener\">Angebranntes Kochgut im Mehrfamilienhaus<\/a><\/li>\n\n\n\n<li><strong>Einsatz 74 &#8211; 2021<\/strong><br>30. November \u2013 06:44 Uhr<br>Maaraue<br>F 2 &#8211; Alarmgruppe mit FF Kastel<br><a href=\"http:\/\/www.feuerwehrkostheim.de\/?p=6178\" target=\"_blank\" rel=\"noreferrer noopener\">Wohnwagen brennt auf der Maaraue nieder<\/a><\/li>\n\n\n\n<li><strong>Einsatz 75 &#8211; 2021<\/strong><br>05. Dezember \u2013 18:56 Uhr<br>Uthmannstra\u00dfe<br>F 2<br><a href=\"http:\/\/www.feuerwehrkostheim.de\/?p=6198\" target=\"_blank\" rel=\"noreferrer noopener\">Flammenschein ruft Feuerwehr auf den Plan<\/a><\/li>\n\n\n\n<li><strong>Einsatz 76 &#8211; 2021<\/strong><br>07. Dezember \u2013 12:42 Uhr<br>Admiral-Scheer-Stra\u00dfe<br>F 2 &#8211; Alarmgruppe mit FF Kastel<br><a href=\"http:\/\/www.feuerwehrkostheim.de\/?p=6201\" target=\"_blank\" rel=\"noreferrer noopener\">Kamin gibt Rauchzeichen \u2013 Nachbarn alarmieren die Feuerwehr<\/a><\/li>\n\n\n\n<li><strong>Einsatz 77 &#8211; 2021<\/strong><br>12. Dezember \u2013 09:41 Uhr<br>Kommerzienrat-Disch-Br\u00fccke 1 \/ Fa. Essity<br>F 2<br><a href=\"http:\/\/www.feuerwehrkostheim.de\/?p=6203\" target=\"_blank\" rel=\"noreferrer noopener\">Entstehungsbrand schnell gel\u00f6scht<\/a><\/li>\n\n\n\n<li><strong>Einsatz 78 &#8211; 2021<\/strong><br>16. Dezember \u2013 12:45 Uhr<br>Feuerwehrger\u00e4tehaus<br>S WB<br><a href=\"http:\/\/www.feuerwehrkostheim.de\/?p=6207\" target=\"_blank\" rel=\"noreferrer noopener\">Einsatzbereitschaft am Feuerwehrger\u00e4tehaus<\/a><\/li>\n\n\n\n<li><strong>Einsatz 79 &#8211; 2021<\/strong><br>28. Dezember \u2013 07:05 Uhr<br>Feuerwehrger\u00e4tehaus<br>S WB<br><a href=\"http:\/\/www.feuerwehrkostheim.de\/?p=6218\" target=\"_blank\" rel=\"noreferrer noopener\">Einsatzbereitschaft wegen Misthaufenbrand<\/a><\/li>\n<\/ul>\n","protected":false},"excerpt":{"rendered":"","protected":false},"author":1,"featured_media":0,"parent":751,"menu_order":0,"comment_status":"closed","ping_status":"closed","template":"","meta":{"_et_pb_use_builder":"","_et_pb_old_content":"","_et_gb_content_width":"","_crdt_document":"","footnotes":""},"class_list":["post-5843","page","type-page","status-publish","hentry"],"_links":{"self":[{"href":"https:\/\/www.feuerwehrkostheim.de\/index.php?rest_route=\/wp\/v2\/pages\/5843","targetHints":{"allow":["GET"]}}],"collection":[{"href":"https:\/\/www.feuerwehrkostheim.de\/index.php?rest_route=\/wp\/v2\/pages"}],"about":[{"href":"https:\/\/www.feuerwehrkostheim.de\/index.php?rest_route=\/wp\/v2\/types\/page"}],"author":[{"embeddable":true,"href":"https:\/\/www.feuerwehrkostheim.de\/index.php?rest_route=\/wp\/v2\/users\/1"}],"replies":[{"embeddable":true,"href":"https:\/\/www.feuerwehrkostheim.de\/index.php?rest_route=%2Fwp%2Fv2%2Fcomments&post=5843"}],"version-history":[{"count":8,"href":"https:\/\/www.feuerwehrkostheim.de\/index.php?rest_route=\/wp\/v2\/pages\/5843\/revisions"}],"predecessor-version":[{"id":7321,"href":"https:\/\/www.feuerwehrkostheim.de\/index.php?rest_route=\/wp\/v2\/pages\/5843\/revisions\/7321"}],"up":[{"embeddable":true,"href":"https:\/\/www.feuerwehrkostheim.de\/index.php?rest_route=\/wp\/v2\/pages\/751"}],"wp:attachment":[{"href":"https:\/\/www.feuerwehrkostheim.de\/index.php?rest_route=%2Fwp%2Fv2%2Fmedia&parent=5843"}],"curies":[{"name":"wp","href":"https:\/\/api.w.org\/{rel}","templated":true}]}}