{"id":54,"date":"2011-05-04T18:23:34","date_gmt":"2011-05-04T16:23:34","guid":{"rendered":"http:\/\/www.feuerwehrkostheim.de\/ffk\/?page_id=54"},"modified":"2025-06-11T12:00:56","modified_gmt":"2025-06-11T11:00:56","slug":"verein","status":"publish","type":"page","link":"https:\/\/www.feuerwehrkostheim.de\/?page_id=54","title":{"rendered":"Verein"},"content":{"rendered":"\n<p class=\"wp-block-paragraph\">Der Verein Freiwillige Feuerwehr Mainz-Kostheim, wurde im Jahre 1874 gegr\u00fcndet.<\/p>\n\n\n\n<p class=\"wp-block-paragraph\">Die Aufgaben des Vereins bestehen darin,<br>&#8211; das Feuerwehrwesen der Gemeinde Mainz-Kostheim zu f\u00f6rdern,<br>&#8211; f\u00fcr den Brandschutzgedanken zu werben,<br>&#8211; interessierte Einwohner f\u00fcr die Freiwillige Feuerwehr zu gewinnen<br>&#8211; \u00fcber den Brandschutz zu beraten,<br>&#8211; die Jugendfeuerwehr sowie die Bambinis zu f\u00f6rdern.<\/p>\n\n\n\n<p class=\"wp-block-paragraph\">Seit Mai 2025 lenkt folgender Gesamtvorstand die Geschicke des Vereins:<br>Pascal Schuth (1. Vorsitzender) \u00a0\u00a0\u00a0Rayen Touati (2. Vorsitzender)<br>Christian Schmitt (Kassierer) \u00a0\u00a0\u00a0 Fabian Wotzlaw (Schriftf\u00fchrer, Jugendfeuerwehrwart)<br>Tobnias Steinmetz (Wehrf\u00fchrer) Stefan Wagner (Jugendfeuerwehrwart) Dimo Stark (Bambinibetreuer)<br>Mathias Jost, Mustapha Berchane und Oliver Stein (alle Beisitzer)<\/p>\n\n\n\n<p class=\"wp-block-paragraph\">Derzeit unterst\u00fctzen 309 Mitglieder die Arbeit der Freiwilligen Feuerwehr Mainz-Kostheim. Der Mitgliedsbeitrag bel\u00e4uft sich auf <strong>13\u20ac pro Jahr<\/strong>. Wenn auch Sie Mitglied werden m\u00f6chten, gen\u00fcgt eine kurze Mail mit Ihrer Adresse und sie bekommen die n\u00f6tigen Unterlagen per Mail oder Post zugeschickt.<\/p>\n\n\n\n<p class=\"has-text-align-center wp-block-paragraph\"><span style=\"line-height: 1.45em; background-color: initial;\"><b>Die Feuerwehr Kostheim hilft Ihnen &#8211;<\/b><br><b>unterst\u00fctzen&nbsp;Sie die Kostheimer Feuerwehr!<\/b><\/span><\/p>\n\n\n\n<p class=\"has-text-align-center wp-block-paragraph\"><strong><span style=\"line-height: 1.45em; background-color: initial;\">Werden Sie Mitglied<br>.. f\u00fcr 13\u20ac pro Jahr<\/span><\/strong><\/p>\n\n\n\n<p class=\"has-text-align-center wp-block-paragraph\"><strong><a href=\"http:\/\/www.feuerwehrkostheim.de\/wp-content\/dokumente\/formular_eintritt_verein_ffkostheim.pdf\" target=\"_blank\" rel=\"noopener noreferrer\">DOWNLOAD Eintrittserkl\u00e4rung<\/a><\/strong><\/p>\n\n\n\n<p class=\"wp-block-paragraph\"><strong><em>Neue Mitgliederverwaltung<\/em><\/strong><\/p>\n\n\n\n<figure class=\"wp-block-image alignright is-resized is-style-default\"><img loading=\"lazy\" decoding=\"async\" width=\"938\" height=\"253\" src=\"https:\/\/www.feuerwehrkostheim.de\/wp-content\/uploads\/2023\/03\/easyVerein_Banner-Partner_Transparent.png\" alt=\"\" class=\"wp-image-6775\" style=\"width:374px;height:100px\" srcset=\"https:\/\/www.feuerwehrkostheim.de\/wp-content\/uploads\/2023\/03\/easyVerein_Banner-Partner_Transparent.png 938w, https:\/\/www.feuerwehrkostheim.de\/wp-content\/uploads\/2023\/03\/easyVerein_Banner-Partner_Transparent-300x81.png 300w, https:\/\/www.feuerwehrkostheim.de\/wp-content\/uploads\/2023\/03\/easyVerein_Banner-Partner_Transparent-768x207.png 768w\" sizes=\"(max-width: 938px) 100vw, 938px\" \/><\/figure>\n\n\n\n<p class=\"wp-block-paragraph\">Mit den hohen Anforderungen an den Schutz der Daten unserer Mitglieder, haben die Verantwortlichen im M\u00e4rz 2023 beschlossen, die Verwaltung, Pflege und Speicherung der Mitgliedsstammdaten neu zu organisieren. Mit &#8220;easyVerein &#8211; Vereinsverwaltungssoftware&#8221; wurde ein System gefunden, dass neben der Sicherheit der Daten auch dar\u00fcber hinaus weitere zeitgem\u00e4\u00dfe Vereinstools zur Verf\u00fcgung stellt.<\/p>\n\n\n\n<p class=\"wp-block-paragraph\">Als gemeinn\u00fctzige Hilfsorganisation gew\u00e4hrt uns der Anbieter dar\u00fcber hinaus einen F\u00f6rderrabatt auf das von uns ben\u00f6tigte Lizenz Modell.<\/p>\n\n\n\n<div style=\"height:100px\" aria-hidden=\"true\" class=\"wp-block-spacer\"><\/div>\n\n\n\n<h2 class=\"wp-block-heading\">Schnell und einfach Mitglied werden:<\/h2>\n\n\n\n<iframe src=\"https:\/\/easyverein.com\/public\/ffkostheim\/applicationform\/10645?iframe=True\" style=\"width: 100%; min-height: 1800px;\"><\/iframe><br><small><a href=\"https:\/\/easyverein.com\" title=\"Vereinsverwaltungssoftware easyVerein\">Vereinsverwaltung von easyVerein<\/a><\/small>\n","protected":false},"excerpt":{"rendered":"<p>Der Verein Freiwillige Feuerwehr Mainz-Kostheim, wurde im Jahre 1874 gegr\u00fcndet. Die Aufgaben des Vereins bestehen darin,&#8211; das Feuerwehrwesen der Gemeinde Mainz-Kostheim zu f\u00f6rdern,&#8211; f\u00fcr den Brandschutzgedanken zu werben,&#8211; interessierte Einwohner f\u00fcr die Freiwillige Feuerwehr zu gewinnen&#8211; \u00fcber den Brandschutz zu beraten,&#8211; die Jugendfeuerwehr sowie die Bambinis zu f\u00f6rdern. Seit Mai 2025 lenkt folgender Gesamtvorstand die [&hellip;]<\/p>\n","protected":false},"author":1,"featured_media":0,"parent":0,"menu_order":0,"comment_status":"closed","ping_status":"closed","template":"","meta":{"_et_pb_use_builder":"","_et_pb_old_content":"","_et_gb_content_width":"","_crdt_document":"","footnotes":""},"class_list":["post-54","page","type-page","status-publish","hentry"],"_links":{"self":[{"href":"https:\/\/www.feuerwehrkostheim.de\/index.php?rest_route=\/wp\/v2\/pages\/54","targetHints":{"allow":["GET"]}}],"collection":[{"href":"https:\/\/www.feuerwehrkostheim.de\/index.php?rest_route=\/wp\/v2\/pages"}],"about":[{"href":"https:\/\/www.feuerwehrkostheim.de\/index.php?rest_route=\/wp\/v2\/types\/page"}],"author":[{"embeddable":true,"href":"https:\/\/www.feuerwehrkostheim.de\/index.php?rest_route=\/wp\/v2\/users\/1"}],"replies":[{"embeddable":true,"href":"https:\/\/www.feuerwehrkostheim.de\/index.php?rest_route=%2Fwp%2Fv2%2Fcomments&post=54"}],"version-history":[{"count":16,"href":"https:\/\/www.feuerwehrkostheim.de\/index.php?rest_route=\/wp\/v2\/pages\/54\/revisions"}],"predecessor-version":[{"id":8478,"href":"https:\/\/www.feuerwehrkostheim.de\/index.php?rest_route=\/wp\/v2\/pages\/54\/revisions\/8478"}],"wp:attachment":[{"href":"https:\/\/www.feuerwehrkostheim.de\/index.php?rest_route=%2Fwp%2Fv2%2Fmedia&parent=54"}],"curies":[{"name":"wp","href":"https:\/\/api.w.org\/{rel}","templated":true}]}}