{"id":421,"date":"2011-08-23T16:40:30","date_gmt":"2011-08-23T14:40:30","guid":{"rendered":"http:\/\/www.feuerwehrkostheim.de\/ffk\/?page_id=421"},"modified":"2018-06-02T14:12:27","modified_gmt":"2018-06-02T13:12:27","slug":"lf-10-10","status":"publish","type":"page","link":"https:\/\/www.feuerwehrkostheim.de\/?page_id=421","title":{"rendered":"LF 10-10"},"content":{"rendered":"<p><a title=\"LF 10\/10 - 22\/43 von FF-Kostheim bei Flickr\" href=\"http:\/\/www.flickr.com\/photos\/ffkostheim\/sets\/72157629986196135\/\" target=\"_blank\" rel=\"noopener\"><img loading=\"lazy\" decoding=\"async\" class=\"alignright\" style=\"border: 4px solid #D8D8D8;\" src=\"http:\/\/farm6.staticflickr.com\/5114\/7152104737_6f14001d61_m.jpg\" alt=\"LF 10\/10 - 22\/43\" width=\"240\" height=\"160\" \/><\/a> Das LF10-10, ein Mercedes-Benz Atego 1122 AFE, wurde im Jahr 2010 gebaut und an die Kostheimer Wehr \u00fcbergeben. Es dient als Ersatz f\u00fcr das bis dahin eingesetzte und mittlerweile 25 Jahre alte LF16. Entgegen dem sonst \u00fcblichen 600l -Wassertank wurde das neue L\u00f6schfahrzeug mit einem 1000l-Wassertank ausgestattet. Die etwa 11t werden mit einem 220PS-Motor \u00fcber die Stra\u00dfen &#8211; und dank des Allrades auch \u00fcber unbefestigtes Gel\u00e4nde &#8211; bewegt.<\/p>\n<ul>\n<li>Fahrgestell: Mercedes-Benz Atego 1122 AFE<\/li>\n<li>Auf-\/Ausbau: Magirus, Weisweil<\/li>\n<li>Baujahr: 2010<\/li>\n<li>Erstzulassung: 01.04.2010<\/li>\n<li>Einzelbereifung<\/li>\n<li>Hubraum: 4820 cm\u00b3<\/li>\n<li>Leistung:\u00a0 218 PS \/ 160 kWbei 2200 U\/min.<\/li>\n<li>H\u00f6chstgeschwindigkeit: 100 km\/h<\/li>\n<li>zul. Gesamtgewicht: 11000 kg<\/li>\n<li>L\u00e4nge: 7 m<\/li>\n<li>Breite: 2,5 m<\/li>\n<li>H\u00f6he: 3,3 m<\/li>\n<\/ul>\n<p><a title=\"LF 10\/10 - 22\/43 von FF-Kostheim bei Flickr\" href=\"http:\/\/www.flickr.com\/photos\/ffkostheim\/sets\/72157629986196135\/\" target=\"_blank\" rel=\"noopener\"><img loading=\"lazy\" decoding=\"async\" class=\"aligncenter\" style=\"border: 4px solid #D8D8D8;\" src=\"http:\/\/farm9.staticflickr.com\/8017\/7006035022_c3c2ab6f5a_m.jpg\" alt=\"LF 10\/10 - 22\/43\" width=\"240\" height=\"180\" \/><\/a><\/p>\n<ul>\n<li>Feuerl\u00f6schkreiselpumpe: Magirus FPN 10-1000<\/li>\n<li>L\u00f6schmittelvorrat: 1000 Liter Wasser<\/li>\n<li>Schaummittelvorrat: 120 Liter<\/li>\n<li>Stromerzeuger: 8kVA<\/li>\n<li>Lichtmast: 2 x 1000 Watt<\/li>\n<li>Tragkraftspritze: Rosenbauer Fox 1500\/10<\/li>\n<li>Beklebung: 3M fluoreszierende Tagesleuchtfolie Serie 3480, RAL 3026<\/li>\n<li>Funkrufname: Florian Wiesbaden 22\/43<\/li>\n<\/ul>\n","protected":false},"excerpt":{"rendered":"<p>Das LF10-10, ein Mercedes-Benz Atego 1122 AFE, wurde im Jahr 2010 gebaut und an die Kostheimer Wehr \u00fcbergeben. Es dient als Ersatz f\u00fcr das bis dahin eingesetzte und mittlerweile 25 Jahre alte LF16. Entgegen dem sonst \u00fcblichen 600l -Wassertank wurde das neue L\u00f6schfahrzeug mit einem 1000l-Wassertank ausgestattet. Die etwa 11t werden mit einem 220PS-Motor \u00fcber [&hellip;]<\/p>\n","protected":false},"author":1,"featured_media":0,"parent":41,"menu_order":0,"comment_status":"closed","ping_status":"closed","template":"","meta":{"_et_pb_use_builder":"","_et_pb_old_content":"","_et_gb_content_width":"","_crdt_document":"","footnotes":""},"class_list":["post-421","page","type-page","status-publish","hentry"],"_links":{"self":[{"href":"https:\/\/www.feuerwehrkostheim.de\/index.php?rest_route=\/wp\/v2\/pages\/421","targetHints":{"allow":["GET"]}}],"collection":[{"href":"https:\/\/www.feuerwehrkostheim.de\/index.php?rest_route=\/wp\/v2\/pages"}],"about":[{"href":"https:\/\/www.feuerwehrkostheim.de\/index.php?rest_route=\/wp\/v2\/types\/page"}],"author":[{"embeddable":true,"href":"https:\/\/www.feuerwehrkostheim.de\/index.php?rest_route=\/wp\/v2\/users\/1"}],"replies":[{"embeddable":true,"href":"https:\/\/www.feuerwehrkostheim.de\/index.php?rest_route=%2Fwp%2Fv2%2Fcomments&post=421"}],"version-history":[{"count":0,"href":"https:\/\/www.feuerwehrkostheim.de\/index.php?rest_route=\/wp\/v2\/pages\/421\/revisions"}],"up":[{"embeddable":true,"href":"https:\/\/www.feuerwehrkostheim.de\/index.php?rest_route=\/wp\/v2\/pages\/41"}],"wp:attachment":[{"href":"https:\/\/www.feuerwehrkostheim.de\/index.php?rest_route=%2Fwp%2Fv2%2Fmedia&parent=421"}],"curies":[{"name":"wp","href":"https:\/\/api.w.org\/{rel}","templated":true}]}}