{"id":35,"date":"2011-05-04T18:14:53","date_gmt":"2011-05-04T16:14:53","guid":{"rendered":"http:\/\/www.feuerwehrkostheim.de\/ffk\/?page_id=35"},"modified":"2025-03-05T07:59:42","modified_gmt":"2025-03-05T06:59:42","slug":"jugendfeuerwehr","status":"publish","type":"page","link":"https:\/\/www.feuerwehrkostheim.de\/?page_id=35","title":{"rendered":"Jugendfeuerwehr"},"content":{"rendered":"<p>Die Kostheimer Jugendfeuerwehr besteht derzeit aus 16 Jugendlichen im Alter von 10 bis 17 Jahren. Betreut werden sie seit Februar 2025 von Stefan Wagner, der neben der Terminplanung auch f\u00fcr den Inhalt der \u00dcbungen verantwortlich ist. Zur Unterst\u00fctzung stehen ihm Oliver Stein als Stellvertreter zur Seite.<\/p>\n<p>Neben dem haupts\u00e4chlichen Ziel, den Nachwuchs der aktiven Feuerwehr zu f\u00f6rdern, wird der Gemeinschaftssinn in den Vordergrund gestellt. Bei den stattfindenden \u00dcbungen ist Abwechslung immer garantiert. Nicht nur die blanke Theorie und Praxis werden vermittelt, sondern auch Freizeitaktivit\u00e4ten wie Schwimmen, Zeltfahrten und dergleichen stehen auf dem Dienstplan.<\/p>\n<p>Wer zwischen 10 und 17 Jahren alt ist, und auch mal Lust hat, sich die Arbeit in der Jugendfeuerwehr n\u00e4her anzuschauen, kann gerne an einem der \u00dcbungstermine im Ger\u00e4tehaus vorbei kommen. Ihr seid herzlich willkommen.<\/p>\n<div style=\"width: 510px\" class=\"wp-caption aligncenter\"><img decoding=\"async\" class=\" \" title=\"Titelbild Jugendfeuerwehr\" src=\"http:\/\/www.feuerwehrkostheim.de\/wp-content\/bilder\/jf\/jf_titelbild.jpg\" width=\"500\" \/><p class=\"wp-caption-text\">Jugendfeuerwehr &#8211; das etwas andere Hobby!<\/p><\/div>\n<p><iframe loading=\"lazy\" hcb-fetch-image-from=\"https:\/\/vimeo.com\/338526579\" title=\"Jugendfeuerwehr Kostheim - das etwas andere Hobby\" src=\"https:\/\/player.vimeo.com\/video\/338526579?dnt=1&amp;app_id=122963\" width=\"1080\" height=\"608\" frameborder=\"0\" allow=\"autoplay; fullscreen; picture-in-picture; clipboard-write; encrypted-media\"><\/iframe><\/p>\n","protected":false},"excerpt":{"rendered":"<p>Die Kostheimer Jugendfeuerwehr besteht derzeit aus 16 Jugendlichen im Alter von 10 bis 17 Jahren. Betreut werden sie seit Februar 2025 von Stefan Wagner, der neben der Terminplanung auch f\u00fcr den Inhalt der \u00dcbungen verantwortlich ist. Zur Unterst\u00fctzung stehen ihm Oliver Stein als Stellvertreter zur Seite. Neben dem haupts\u00e4chlichen Ziel, den Nachwuchs der aktiven Feuerwehr [&hellip;]<\/p>\n","protected":false},"author":1,"featured_media":0,"parent":0,"menu_order":0,"comment_status":"closed","ping_status":"closed","template":"","meta":{"_et_pb_use_builder":"","_et_pb_old_content":"","_et_gb_content_width":"","_crdt_document":"","footnotes":""},"class_list":["post-35","page","type-page","status-publish","hentry"],"_links":{"self":[{"href":"https:\/\/www.feuerwehrkostheim.de\/index.php?rest_route=\/wp\/v2\/pages\/35","targetHints":{"allow":["GET"]}}],"collection":[{"href":"https:\/\/www.feuerwehrkostheim.de\/index.php?rest_route=\/wp\/v2\/pages"}],"about":[{"href":"https:\/\/www.feuerwehrkostheim.de\/index.php?rest_route=\/wp\/v2\/types\/page"}],"author":[{"embeddable":true,"href":"https:\/\/www.feuerwehrkostheim.de\/index.php?rest_route=\/wp\/v2\/users\/1"}],"replies":[{"embeddable":true,"href":"https:\/\/www.feuerwehrkostheim.de\/index.php?rest_route=%2Fwp%2Fv2%2Fcomments&post=35"}],"version-history":[{"count":3,"href":"https:\/\/www.feuerwehrkostheim.de\/index.php?rest_route=\/wp\/v2\/pages\/35\/revisions"}],"predecessor-version":[{"id":8341,"href":"https:\/\/www.feuerwehrkostheim.de\/index.php?rest_route=\/wp\/v2\/pages\/35\/revisions\/8341"}],"wp:attachment":[{"href":"https:\/\/www.feuerwehrkostheim.de\/index.php?rest_route=%2Fwp%2Fv2%2Fmedia&parent=35"}],"curies":[{"name":"wp","href":"https:\/\/api.w.org\/{rel}","templated":true}]}}