{"id":33,"date":"2011-05-04T18:14:25","date_gmt":"2011-05-04T16:14:25","guid":{"rendered":"http:\/\/www.feuerwehrkostheim.de\/ffk\/?page_id=33"},"modified":"2018-06-02T14:12:26","modified_gmt":"2018-06-02T13:12:26","slug":"einsatzabteilung","status":"publish","type":"page","link":"https:\/\/www.feuerwehrkostheim.de\/?page_id=33","title":{"rendered":"Einsatzabteilung"},"content":{"rendered":"<p>In dieser Kategorie sind alle wichtigen Infos, rund um unsere Einsatzabteilung zu finden.<\/p>\n<p>Neben der \u00dcbersicht der derzeitigen Aktiven, gibts hier auch Informationen \u00fcber unsere aktuellen sowie fr\u00fcheren Einsatzfahrzeuge. Auch der aktuelle Dienstplan kann hier als PDF-Datei heruntergeladen werden.<\/p>\n<p>Wer Lust hat, sich einmal etwas n\u00e4her mit dem Thema Feuerwehr und der damit verbundenen Einsatzabteilung zu befassen, kann sich gerne per Mail melden oder gleich zu einem der aufgef\u00fchrten \u00dcbungsdienste ins Feuerwehrger\u00e4tehaus kommen. Zwar ist die derzeitige Einsatzst\u00e4rke mit etwa 36 Aktiven eine stattliche Zahl, doch es gibt immer noch ein Pl\u00e4tzchen f\u00fcr engagierte und interessierte Leute &#8211; egal ob Mann oder Frau. Auch Quereinsteiger, also diejenigen, die noch nie einer Feuerwehr angeh\u00f6rten oder in einer Jugendfeuerwehr aktiv waren, sind herzlich willkommen.<\/p>\n<p>Feuerwehrmann oder Feuerwehrfrau kann grob gesagt jeder werden, der das 17. Lebensjahr vollendet, die \u00e4rztliche Untersuchung (Allgemeine Feuerwehrtauglichkeit &#8211; AFT) erfolgreich \u00fcberstanden und den Grundlehrgang bestanden hat.<\/p>\n<p>&nbsp;<\/p>\n","protected":false},"excerpt":{"rendered":"<p>In dieser Kategorie sind alle wichtigen Infos, rund um unsere Einsatzabteilung zu finden. Neben der \u00dcbersicht der derzeitigen Aktiven, gibts hier auch Informationen \u00fcber unsere aktuellen sowie fr\u00fcheren Einsatzfahrzeuge. Auch der aktuelle Dienstplan kann hier als PDF-Datei heruntergeladen werden. Wer Lust hat, sich einmal etwas n\u00e4her mit dem Thema Feuerwehr und der damit verbundenen Einsatzabteilung [&hellip;]<\/p>\n","protected":false},"author":1,"featured_media":0,"parent":0,"menu_order":0,"comment_status":"closed","ping_status":"closed","template":"","meta":{"_et_pb_use_builder":"","_et_pb_old_content":"","_et_gb_content_width":"","_crdt_document":"","footnotes":""},"class_list":["post-33","page","type-page","status-publish","hentry"],"_links":{"self":[{"href":"https:\/\/www.feuerwehrkostheim.de\/index.php?rest_route=\/wp\/v2\/pages\/33","targetHints":{"allow":["GET"]}}],"collection":[{"href":"https:\/\/www.feuerwehrkostheim.de\/index.php?rest_route=\/wp\/v2\/pages"}],"about":[{"href":"https:\/\/www.feuerwehrkostheim.de\/index.php?rest_route=\/wp\/v2\/types\/page"}],"author":[{"embeddable":true,"href":"https:\/\/www.feuerwehrkostheim.de\/index.php?rest_route=\/wp\/v2\/users\/1"}],"replies":[{"embeddable":true,"href":"https:\/\/www.feuerwehrkostheim.de\/index.php?rest_route=%2Fwp%2Fv2%2Fcomments&post=33"}],"version-history":[{"count":0,"href":"https:\/\/www.feuerwehrkostheim.de\/index.php?rest_route=\/wp\/v2\/pages\/33\/revisions"}],"wp:attachment":[{"href":"https:\/\/www.feuerwehrkostheim.de\/index.php?rest_route=%2Fwp%2Fv2%2Fmedia&parent=33"}],"curies":[{"name":"wp","href":"https:\/\/api.w.org\/{rel}","templated":true}]}}