{"id":2860,"date":"2016-01-04T17:08:15","date_gmt":"2016-01-04T15:08:15","guid":{"rendered":"http:\/\/www.feuerwehrkostheim.de\/?page_id=2860"},"modified":"2025-06-11T12:02:10","modified_gmt":"2025-06-11T11:02:10","slug":"mitgliederversammlung","status":"publish","type":"page","link":"https:\/\/www.feuerwehrkostheim.de\/?page_id=2860","title":{"rendered":"Mitgliederversammlung"},"content":{"rendered":"\n<p class=\"has-text-align-center wp-block-paragraph\">Einmal j\u00e4hrlich findet&nbsp; die Mitgliederversammlung des Vereins der Kostheimer Feuerwehr statt.<\/p>\n\n\n\n<p class=\"has-text-align-center wp-block-paragraph\"><strong>Die n\u00e4chste Mitgliederversammlung ist am 22. M\u00c4RZ 2026<\/strong>.<\/p>\n\n\n\n<p class=\"has-text-align-center wp-block-paragraph\">Sobald die Einladung hierzu vorliegt, wird sie nachfolgend im PDF-Format abgelegt.<\/p>\n\n\n\n<div style=\"height:100px\" aria-hidden=\"true\" class=\"wp-block-spacer\"><\/div>\n\n\n\n<p class=\"has-text-align-center wp-block-paragraph\">Hier die aktuelle Vereinssatzung &#8211; ebenfalls im PDF-Format:<\/p>\n\n\n\n<p class=\"has-text-align-center wp-block-paragraph\"><strong><a href=\"http:\/\/www.feuerwehrkostheim.de\/wp-content\/dokumente\/satzung_2015.pdf\" target=\"_blank\" rel=\"noopener noreferrer\">Aktuelle Vereinssatzung<\/a><\/strong><\/p>\n\n\n\n<p class=\"has-text-align-center wp-block-paragraph\">Sollten Sie kein Adobe Acrobat Reader installiert haben,<br>k\u00f6nnen Sie dies \u00fcber folgenden Link nachholen.<\/p>\n\n\n\n<figure class=\"wp-block-image aligncenter\"><a href=\"http:\/\/www.adobe.de\/products\/acrobat\/readstep2.html\" target=\"_blank\" rel=\"noopener noreferrer\"><img decoding=\"async\" src=\"http:\/\/www.feuerwehrkostheim.de\/wp-content\/bilder\/sonstige\/logo_adobe.gif\" alt=\"\" title=\"Direktlink Adobe\"\/><\/a><\/figure>\n","protected":false},"excerpt":{"rendered":"<p>Einmal j\u00e4hrlich findet&nbsp; die Mitgliederversammlung des Vereins der Kostheimer Feuerwehr statt. Die n\u00e4chste Mitgliederversammlung ist am 22. M\u00c4RZ 2026. Sobald die Einladung hierzu vorliegt, wird sie nachfolgend im PDF-Format abgelegt. Hier die aktuelle Vereinssatzung &#8211; ebenfalls im PDF-Format: Aktuelle Vereinssatzung Sollten Sie kein Adobe Acrobat Reader installiert haben,k\u00f6nnen Sie dies \u00fcber folgenden Link nachholen.<\/p>\n","protected":false},"author":1,"featured_media":0,"parent":54,"menu_order":0,"comment_status":"closed","ping_status":"closed","template":"","meta":{"_et_pb_use_builder":"","_et_pb_old_content":"","_et_gb_content_width":"","_crdt_document":"","footnotes":""},"class_list":["post-2860","page","type-page","status-publish","hentry"],"_links":{"self":[{"href":"https:\/\/www.feuerwehrkostheim.de\/index.php?rest_route=\/wp\/v2\/pages\/2860","targetHints":{"allow":["GET"]}}],"collection":[{"href":"https:\/\/www.feuerwehrkostheim.de\/index.php?rest_route=\/wp\/v2\/pages"}],"about":[{"href":"https:\/\/www.feuerwehrkostheim.de\/index.php?rest_route=\/wp\/v2\/types\/page"}],"author":[{"embeddable":true,"href":"https:\/\/www.feuerwehrkostheim.de\/index.php?rest_route=\/wp\/v2\/users\/1"}],"replies":[{"embeddable":true,"href":"https:\/\/www.feuerwehrkostheim.de\/index.php?rest_route=%2Fwp%2Fv2%2Fcomments&post=2860"}],"version-history":[{"count":19,"href":"https:\/\/www.feuerwehrkostheim.de\/index.php?rest_route=\/wp\/v2\/pages\/2860\/revisions"}],"predecessor-version":[{"id":8479,"href":"https:\/\/www.feuerwehrkostheim.de\/index.php?rest_route=\/wp\/v2\/pages\/2860\/revisions\/8479"}],"up":[{"embeddable":true,"href":"https:\/\/www.feuerwehrkostheim.de\/index.php?rest_route=\/wp\/v2\/pages\/54"}],"wp:attachment":[{"href":"https:\/\/www.feuerwehrkostheim.de\/index.php?rest_route=%2Fwp%2Fv2%2Fmedia&parent=2860"}],"curies":[{"name":"wp","href":"https:\/\/api.w.org\/{rel}","templated":true}]}}