{"id":2840,"date":"2016-01-01T19:08:04","date_gmt":"2016-01-01T17:08:04","guid":{"rendered":"http:\/\/www.feuerwehrkostheim.de\/?page_id=2840"},"modified":"2018-06-02T14:12:27","modified_gmt":"2018-06-02T13:12:27","slug":"einsaetze-2016","status":"publish","type":"page","link":"https:\/\/www.feuerwehrkostheim.de\/?page_id=2840","title":{"rendered":"Eins\u00e4tze 2016"},"content":{"rendered":"<ul>\n<li><strong>Einsatz 01 &#8211; 2016<\/strong><br \/>\n01. Januar 2016 \u2013 00:26 Uhr<br \/>\nIm Sampel 1<br \/>\n<a title=\"Arbeitsreicher Jahreswechsel \u2013 Brennende M\u00fclltonne nach PKW-Brand\" href=\"http:\/\/www.feuerwehrkostheim.de\/?p=2850\">Arbeitsreicher Jahreswechsel \u2013 Brennende M\u00fclltonne nach PKW-Brand<\/a><\/li>\n<\/ul>\n<ul>\n<li><strong>Einsatz 02 &#8211; 2016<\/strong><br \/>\n01. Januar 2016 \u2013 05:13 Uhr<br \/>\nUthmannstra\u00dfe 47<br \/>\n<a title=\"Erneut eine brennende M\u00fclltonne\" href=\"http:\/\/www.feuerwehrkostheim.de\/?p=2854\">Erneut eine brennende M\u00fclltonne<\/a><\/li>\n<\/ul>\n<ul>\n<li><strong>Einsatz 03 &#8211; 2016<\/strong><br \/>\n07. Januar 2016 \u2013 05:13 Uhr<br \/>\nRhein &#8211; TH-Br\u00fccke<br \/>\n<a title=\"Person im Rhein \u2013 schnell au\u00dfer Gefahr\" href=\"http:\/\/www.feuerwehrkostheim.de\/?p=2870\">Person im Rhein \u2013 schnell au\u00dfer Gefahr<\/a><\/li>\n<\/ul>\n<ul>\n<li><strong>Einsatz 04 &#8211; 2016<\/strong><br \/>\n07. Januar 2016 \u2013 19:49 Uhr<br \/>\nMain &#8211; Schleuse Kostheim<br \/>\n<a title=\"Gro\u00dfeinsatz der Hilfsorganisationen auf dem Main \u2013 Person vermisst\" href=\"http:\/\/www.feuerwehrkostheim.de\/?p=2873\">Gro\u00dfeinsatz der Hilfsorganisationen auf dem Main \u2013 Person vermisst<\/a><\/li>\n<\/ul>\n<ul>\n<li><strong>Einsatz 05 &#8211; 2016<\/strong><br \/>\n08. Januar 2016 \u2013 16:18 Uhr<br \/>\nHauptstra\u00dfe 1 &#8211; Firma SCA<br \/>\n<a title=\"Brand im Papierwerk schnell gel\u00f6scht\" href=\"http:\/\/www.feuerwehrkostheim.de\/?p=2876\">Brand im Papierwerk schnell gel\u00f6scht<\/a><\/li>\n<\/ul>\n<ul>\n<li><strong>Einsatz 06 &#8211; 2016<\/strong><br \/>\n13. Januar 2016 \u2013 14:06 Uhr<br \/>\nSteinern Stra\u00dfe 10 &#8211; Firma Elster GmbH<br \/>\n<a title=\"Brandgeruch l\u00f6st Einsatz aus\" href=\"http:\/\/www.feuerwehrkostheim.de\/?p=2878\">Brandgeruch l\u00f6st Einsatz aus<\/a><\/li>\n<\/ul>\n<ul>\n<li><strong>Einsatz 07 &#8211; 2016<\/strong><br \/>\n26. Januar 2016 \u2013 15:53 Uhr<br \/>\nK\u00f6nigsflo\u00df 16<br \/>\n<a title=\"Interener Rauchmelder ausgel\u00f6st\" href=\"http:\/\/www.feuerwehrkostheim.de\/?p=2884\">Interener Rauchmelder ausgel\u00f6st<\/a><\/li>\n<\/ul>\n<ul>\n<li><strong>Einsatz 08 &#8211; 2016<\/strong><br \/>\n29. Januar 2016 \u2013 18:10 Uhr<br \/>\nInnsrbrucker Stra\u00dfe<br \/>\n<a title=\"Brennender PKW neben Wohngeb\u00e4ude\" href=\"http:\/\/www.feuerwehrkostheim.de\/?p=2890\">Brennender PKW neben Wohngeb\u00e4ude<\/a><\/li>\n<\/ul>\n<ul>\n<li><strong>Einsatz 09 &#8211; 2016<\/strong><br \/>\n05. Februar 2016 \u2013 06:10 Uhr<br \/>\nGewerbegebiet Kastel<br \/>\n<a title=\"Rauchentwicklung in einem IT-Raum\" href=\"http:\/\/www.feuerwehrkostheim.de\/?p=2899\">Rauchentwicklung in einem IT-Raum<\/a><\/li>\n<\/ul>\n<ul>\n<li><strong>Einsatz 10 &#8211; 2016<\/strong><br \/>\n19. Februar 2016 \u2013 23:00 Uhr<br \/>\nSalzburger Stra\u00dfe<br \/>\n<a title=\"Papiercontainer geht in Flammen auf\" href=\"http:\/\/www.feuerwehrkostheim.de\/?p=2909\">Papiercontainer geht in Flammen auf<\/a><\/li>\n<\/ul>\n<ul>\n<li><strong>Einsatz 11 &#8211; 2016<\/strong><br \/>\n22. Februar 2016 \u2013 22:20 Uhr<br \/>\nUthmannstra\u00dfe<br \/>\n<a title=\"Brandverdacht in der Uthmannstra\u00dfe\" href=\"http:\/\/www.feuerwehrkostheim.de\/?p=2915\">Brandverdacht in der Uthmannstra\u00dfe<\/a><\/li>\n<\/ul>\n<ul>\n<li><strong>Einsatz 12 &#8211; 2016<\/strong><br \/>\n05. M\u00e4rz 2016 \u2013 03:24 Uhr<br \/>\nR\u00f6merfeld 6<br \/>\n<a title=\"Brandverdacht im Hochhaus\" href=\"http:\/\/www.feuerwehrkostheim.de\/?p=2919\">Brandverdacht im Hochhaus<\/a><\/li>\n<\/ul>\n<ul>\n<li><strong>Einsatz 13 &#8211; 2016<\/strong><br \/>\n15. M\u00e4rz 2016 \u2013 09:42 Uhr<br \/>\nR\u00f6merfeld<br \/>\n<a title=\"Rauchentwicklung aus L\u00fcftungschacht einer Tiefgarage\" href=\"http:\/\/www.feuerwehrkostheim.de\/?p=2923\">Rauchentwicklung aus L\u00fcftungschacht einer Tiefgarage<\/a><\/li>\n<\/ul>\n<ul>\n<li><strong>Einsatz 14 \/ 15 &#8211; 2016<\/strong><br \/>\n16. M\u00e4rz 2016 \u2013 00:50 Uhr<br \/>\nSteinern Stra\u00dfe \/ Im Sampel<br \/>\n<a title=\"Erneut Kleinbr\u00e4nde \u2013 Festnahmen durch die Polizei\" href=\"http:\/\/www.feuerwehrkostheim.de\/?p=2925\">Erneut Kleinbr\u00e4nde \u2013 Festnahmen durch die Polizei<\/a><\/li>\n<\/ul>\n<ul>\n<li><strong>Einsatz 16 &#8211; 2016<\/strong><br \/>\n16. M\u00e4rz 2016 \u2013 16:52 Uhr<br \/>\nR\u00fcbenbergweg<br \/>\n<a title=\"Brennender Strohballen im Feld\" href=\"http:\/\/www.feuerwehrkostheim.de\/?p=2927\">Brennender Strohballen im Feld<\/a><\/li>\n<\/ul>\n<ul>\n<li><strong>Einsatz 17 &#8211; 2016<\/strong><br \/>\n27. M\u00e4rz 2016 \u2013 16:29 Uhr<br \/>\nMainufer<br \/>\n<a title=\"Feuer im Unterholz am Mainufer\" href=\"http:\/\/www.feuerwehrkostheim.de\/?p=2933\">Feuer im Unterholz am Mainufer<\/a><\/li>\n<\/ul>\n<ul>\n<li><strong>Einsatz 18 &#8211; 2016<\/strong><br \/>\n02. April 2016 \u2013 21:19 Uhr<br \/>\nMaaraue<br \/>\n<a title=\"Brennender M\u00fclleimer auf der Maaraue\" href=\"http:\/\/www.feuerwehrkostheim.de\/?p=2937\">Brennender M\u00fclleimer auf der Maaraue<\/a><\/li>\n<\/ul>\n<ul>\n<li><strong>Einsatz 19 &#8211; 2016<\/strong><br \/>\n02. April 2016 \u2013 23:22 Uhr<br \/>\nRhein H\u00f6he TH-Br\u00fccke<br \/>\n<a title=\"Herrenloses Schlauchboot l\u00f6st Gro\u00dfeinsatz aus\" href=\"http:\/\/www.feuerwehrkostheim.de\/?p=2939\">Herrenloses Schlauchboot l\u00f6st Gro\u00dfeinsatz aus<\/a><\/li>\n<\/ul>\n<ul>\n<li><strong>Einsatz 20 &#8211; 2016<\/strong><br \/>\n04. April 2016 \u2013 00:24 Uhr<br \/>\nHauptstra\u00dfe 1 &#8211; Firma SCA<br \/>\n<a title=\"Zur Unterst\u00fctzung im Papierwerk\" href=\"http:\/\/www.feuerwehrkostheim.de\/?p=2941\">Zur Unterst\u00fctzung im Papierwerk<\/a><\/li>\n<\/ul>\n<ul>\n<li><strong>Einsatz 21 &#8211; 2016<\/strong><br \/>\n04. April 2016 \u2013 19:27 Uhr<br \/>\nRhein Unterhalb TH-Br\u00fccke<br \/>\n<a title=\"Person im Rhein \u2013 erneute Suchaktion\" href=\"http:\/\/www.feuerwehrkostheim.de\/?p=2946\">Person im Rhein \u2013 erneute Suchaktion<\/a><\/li>\n<\/ul>\n<ul>\n<li><strong>Einsatz 22 &#8211; 2016<\/strong><br \/>\n22. April 2016 \u2013 00:18 Uhr<br \/>\nHallgarter Stra\u00dfe<br \/>\n<a title=\"Brandgeruch gemeldet \u2013 nichts feststellbar\" href=\"http:\/\/www.feuerwehrkostheim.de\/?p=2952\">Brandgeruch gemeldet \u2013 nichts feststellbar<\/a><\/li>\n<\/ul>\n<ul>\n<li><strong>Einsatz 23 &#8211; 2016<\/strong><br \/>\n23. April 2016 \u2013 07:13 Uhr<br \/>\nIm Sampel 1<br \/>\n<a title=\"Heulender Rauchmelder und Brandgeruch\" href=\"http:\/\/www.feuerwehrkostheim.de\/?p=2955\">Heulender Rauchmelder und Brandgeruch<\/a><\/li>\n<\/ul>\n<ul>\n<li><strong>Einsatz 24 &#8211; 2016<\/strong><br \/>\n29. April 2016 \u2013 14:21 Uhr<br \/>\nKastel \/ Johannes-Go\u00dfner-Stra\u00dfe<br \/>\n<a title=\"Brandverdacht entpuppt sich als angebranntes Kochgut\" href=\"http:\/\/www.feuerwehrkostheim.de\/?p=2963\">Brandverdacht entpuppt sich als angebranntes Kochgut<\/a><\/li>\n<\/ul>\n<ul>\n<li><strong>Einsatz 25 &#8211; 2016<\/strong><br \/>\n03. Mai 2016 \u2013 01:08 Uhr<br \/>\nHauptstra\u00dfe 1 &#8211; Firma SCA<br \/>\n<a title=\"Feuer im Papierwerk schnell gel\u00f6scht\" href=\"http:\/\/www.feuerwehrkostheim.de\/?p=2966\">Feuer im Papierwerk schnell gel\u00f6scht<\/a><\/li>\n<\/ul>\n<ul>\n<li><strong>Einsatz 26 &#8211; 2016<\/strong><br \/>\n04. Mai 2016 \u2013 11:09 Uhr<br \/>\nAm\u00f6neburg \/ Wiesbadener Landstra\u00dfe 7<br \/>\n<a title=\"Brennender Unrathaufen am Geb\u00e4ude\" href=\"http:\/\/www.feuerwehrkostheim.de\/?p=2970\">Brennender Unrathaufen am Geb\u00e4ude<\/a><\/li>\n<\/ul>\n<ul>\n<li><strong>Einsatz 27 &#8211; 2016<\/strong><br \/>\n05. Mai 2016 \u2013 19:01 Uhr<br \/>\nMaaraue<br \/>\n<a title=\"Brennender Abfalleimer an der Grillwiese\" href=\"http:\/\/www.feuerwehrkostheim.de\/?p=2972\">Brennender Abfalleimer an der Grillwiese<\/a><\/li>\n<\/ul>\n<ul>\n<li><strong>Einsatz 28 &#8211; 2016<\/strong><br \/>\n08. Mai 2016 \u2013 09:25 Uhr<br \/>\nMittlerer Sampelweg<br \/>\n<a title=\"Teile eines Tiergeheges brennen\" href=\"http:\/\/www.feuerwehrkostheim.de\/?p=2974\">Teile eines Tiergeheges brennen<\/a><\/li>\n<\/ul>\n<ul>\n<li><strong>Einsatz 29 &#8211; 2016<\/strong><br \/>\n09. Mai 2016 \u2013 10:10 Uhr<br \/>\nKastel \/ In der Witz<br \/>\n<a title=\"Feuer in der K\u00fcche \u2013 Rauchmelder schl\u00e4gt Alarm\" href=\"http:\/\/www.feuerwehrkostheim.de\/?p=2976\">Feuer in der K\u00fcche \u2013 Rauchmelder schl\u00e4gt Alarm<\/a><\/li>\n<\/ul>\n<ul>\n<li><strong>Einsatz 30 &#8211; 2016<\/strong><br \/>\n11. Mai 2016 \u2013 06:34 Uhr<br \/>\nRhein H\u00f6he Biebrich<br \/>\n<a title=\"PKW kopf\u00fcber im Wasser \u2013 Gro\u00dfeinsatz auf dem Rhein\" href=\"http:\/\/www.feuerwehrkostheim.de\/?p=2982\">PKW kopf\u00fcber im Wasser \u2013 Gro\u00dfeinsatz auf dem Rhein<\/a><\/li>\n<\/ul>\n<ul>\n<li><strong>Eins\u00e4tze 31-33 &#8211; 2016<\/strong><br \/>\n13. Mai 2016 \u2013 14:57 Uhr<br \/>\nFeuerwache 2 \/ Stadtgebiet<br \/>\n<a title=\"Gewitterregen sorgt f\u00fcr Wachbesetzung und Unwettereins\u00e4tze\" href=\"http:\/\/www.feuerwehrkostheim.de\/?p=2986\">Gewitterregen sorgt f\u00fcr Wachbesetzung und Unwettereins\u00e4tze<\/a><\/li>\n<\/ul>\n<ul>\n<li><strong>Einsatz 34 &#8211; 2016<\/strong><br \/>\n16. Mai 2016 \u2013 18:53 Uhr<br \/>\nRhein H\u00f6he km 504<br \/>\n<a title=\"Person im Rhein gemeldet\" href=\"http:\/\/www.feuerwehrkostheim.de\/?p=2991\">Person im Rhein gemeldet<\/a><\/li>\n<\/ul>\n<ul>\n<li><strong>Einsatz 35 &#8211; 2016<\/strong><br \/>\n22. Mai 2016 \u2013 02:25 Uhr<br \/>\nHochheimer Stra\u00dfe 58<br \/>\n<a title=\"Abfalls\u00e4cke brennen\" href=\"http:\/\/www.feuerwehrkostheim.de\/?p=2998\">Abfalls\u00e4cke brennen<\/a><\/li>\n<\/ul>\n<ul>\n<li><strong>Einsatz 36 bis 41 &#8211; 2016<\/strong><br \/>\n27. Mai 2016 \u2013 19:09 Uhr<br \/>\nStadtgebiet Wiesbaden<br \/>\n<a title=\"Schweres Unwetter h\u00e4lt Feuerwehren auf trab\" href=\"http:\/\/www.feuerwehrkostheim.de\/?p=3002\">Schweres Unwetter h\u00e4lt Feuerwehren auf trab<\/a><\/li>\n<\/ul>\n<ul>\n<li><strong>Einsatz 42 &#8211; 2016<\/strong><br \/>\n30. Mai 2016 \u2013 20:00 Uhr<br \/>\nAlsenstra\u00dfe &#8211; Kastel<br \/>\n<a title=\"Angebranntes Kochgut l\u00e4sst Rauchmelder aufheulen\" href=\"http:\/\/www.feuerwehrkostheim.de\/?p=3006\">Angebranntes Kochgut l\u00e4sst Rauchmelder aufheulen<\/a><\/li>\n<\/ul>\n<ul>\n<li><strong>Einsatz 43 &#8211; 2016<\/strong><br \/>\n09. Juni 2016 \u2013 10:45 Uhr<br \/>\nLudwigsrampe &#8211; Kastel<br \/>\n<a title=\"Gemeldete Rauchentwicklung im Bereich Hochkreisel\" href=\"http:\/\/www.feuerwehrkostheim.de\/?p=3010\">Gemeldete Rauchentwicklung im Bereich Hochkreisel<\/a><\/li>\n<\/ul>\n<ul>\n<li><strong>Einsatz 44 &#8211; 2016<\/strong><br \/>\n12. Juni 2016 \u2013 17:05 Uhr<br \/>\nUlmenstra\u00dfe<br \/>\n<a title=\"Gewitterguss sorgt f\u00fcr Wasser im Keller\" href=\"http:\/\/www.feuerwehrkostheim.de\/?p=3014\">Gewitterguss sorgt f\u00fcr Wasser im Keller<\/a><\/li>\n<\/ul>\n<ul>\n<li><strong>Einsatz 45 &#8211; 2016<\/strong><br \/>\n21. Juni 2016 \u2013 20:01 Uhr<br \/>\nHochheimer Stra\u00dfe<br \/>\n<a title=\"Lauter Knall und Rauchentwicklung in der Siedlung\" href=\"http:\/\/www.feuerwehrkostheim.de\/?p=3026\">Lauter Knall und Rauchentwicklung in der Siedlung<\/a><\/li>\n<\/ul>\n<ul>\n<li><strong>Einsatz 46 &#8211; 2016<\/strong><br \/>\n21. Juni 2016 \u2013 23:10 Uhr<br \/>\nBAB 671 &#8211; H\u00f6he Abfahrt Biebrich<br \/>\n<a title=\"Verkehrsunfall auf der A671 H\u00f6he Abfahrt Biebrich\" href=\"http:\/\/www.feuerwehrkostheim.de\/?p=3028\">Verkehrsunfall auf der A671 H\u00f6he Abfahrt Biebrich<\/a><\/li>\n<\/ul>\n<ul>\n<li><strong>Einsatz 47-51 &#8211; 2016<\/strong><br \/>\n25. Juni 2016 \u2013 05:14 Uhr<br \/>\nStadtgebiet<br \/>\n<a title=\"Zahlreiche Eins\u00e4tze nach Unwetter\" href=\"http:\/\/www.feuerwehrkostheim.de\/?p=3031\">Zahlreiche Eins\u00e4tze nach Unwetter<\/a><\/li>\n<\/ul>\n<ul>\n<li><strong>Einsatz 52 &#8211; 2016<\/strong><br \/>\n04. Juli 2016 \u2013 13:43 Uhr<br \/>\nJohannes-Go\u00dfner-Stra\u00dfe<br \/>\n<a title=\"Rauchmelder ausgel\u00f6st \u2013 Fehlalarm\" href=\"http:\/\/www.feuerwehrkostheim.de\/?p=3054\">Rauchmelder ausgel\u00f6st \u2013 Fehlalarm<\/a><\/li>\n<\/ul>\n<ul>\n<li><strong>Einsatz 53 &#8211; 2016<\/strong><br \/>\n11. Juli 2016 \u2013 21:07 Uhr<br \/>\nEichenstra\u00dfe 4<br \/>\n<a title=\"Feuer mit Decke gel\u00f6scht \u2013 gr\u00f6\u00dferen Schaden verhindert\" href=\"http:\/\/www.feuerwehrkostheim.de\/?p=3057\">Feuer mit Decke gel\u00f6scht \u2013 gr\u00f6\u00dferen Schaden verhindert<\/a><\/li>\n<\/ul>\n<ul>\n<li><strong>Einsatz 54 &#8211; 2016<\/strong><br \/>\n13. Juli 2016 \u2013 16:27 Uhr<br \/>\nM\u00fcfflingstra\u00dfe<br \/>\n<a title=\"B\u00f6schungsbrand am Gleisbett\" href=\"http:\/\/www.feuerwehrkostheim.de\/?p=3059\">B\u00f6schungsbrand am Gleisbett<\/a><\/li>\n<\/ul>\n<ul>\n<li><strong>Einsatz 55 &#8211; 2016<\/strong><br \/>\n15. Juli 2016 \u2013 17:24 Uhr<br \/>\nAm Gleisdreieck \/ Kastel<br \/>\n<a title=\"Feuer im Kasteler Gleisdreieck\" href=\"http:\/\/www.feuerwehrkostheim.de\/?p=3062\">Feuer im Kasteler Gleisdreieck<\/a><\/li>\n<\/ul>\n<ul>\n<li><strong>Einsatz 56 &#8211; 2016<\/strong><br \/>\n16. Juli 2016 \u2013 10:58 Uhr<br \/>\nRinkerweg \/ Kastel<br \/>\n<a title=\"Gartenh\u00fctte abgebrannt \u2013 FF Kostheim unterst\u00fctzt bei Nachl\u00f6scharbeiten\" href=\"http:\/\/www.feuerwehrkostheim.de\/?p=3065\">Gartenh\u00fctte abgebrannt \u2013 FF Kostheim unterst\u00fctzt bei Nachl\u00f6scharbeiten<\/a><\/li>\n<\/ul>\n<ul>\n<li><strong>Einsatz 57 &#8211; 2016<\/strong><br \/>\n26. Juli 2016 \u2013 16:57 Uhr<br \/>\nHauptstra\u00dfe 137<br \/>\n<a title=\"\u2026 dann war Schluss mit Ruhe \u2026 \u2013 Blitz schl\u00e4gt in Sirene ein\" href=\"http:\/\/www.feuerwehrkostheim.de\/?p=3077\">\u2026 dann war Schluss mit Ruhe \u2026 \u2013 Blitz schl\u00e4gt in Sirene ein<\/a><\/li>\n<\/ul>\n<ul>\n<li><strong>Einsatz 58 &#8211; 2016<\/strong><br \/>\n27. Juli 2016 \u2013 16:24 Uhr<br \/>\nHauptstra\u00dfe 1 &#8211; Firma SCA<br \/>\n<a title=\"Schwelbrand in einer Leichtbauwand\" href=\"http:\/\/www.feuerwehrkostheim.de\/?p=3082\">Schwelbrand in einer Leichtbauwand<\/a><\/li>\n<\/ul>\n<ul>\n<li><strong>Einsatz 59 &#8211; 2016<\/strong><br \/>\n27. Juli 2016 \u2013 18:35 Uhr<br \/>\nRhein &#8211; Schiersteiner Br\u00fccke<br \/>\n<a title=\"Person im Rhein schnell au\u00dfer Gefahr\" href=\"http:\/\/www.feuerwehrkostheim.de\/?p=3084\">Person im Rhein schnell au\u00dfer Gefahr<\/a><\/li>\n<\/ul>\n<ul>\n<li><strong>Einsatz 60 &#8211; 2016<\/strong><br \/>\n28. Juli 2016 \u2013 16:19 Uhr<br \/>\nMainzer Stra\u00dfe &#8211; Kastel<br \/>\n<a title=\"Brennende Hecke durch Anwohner gel\u00f6scht\" href=\"http:\/\/www.feuerwehrkostheim.de\/?p=3087\">Brennende Hecke durch Anwohner gel\u00f6scht<\/a><\/li>\n<\/ul>\n<ul>\n<li><strong>Einsatz 61 &#8211; 2016<\/strong><br \/>\n03. August 2016 \u2013 18:20 Uhr<br \/>\nWilhelm-Leuschner-Schule<br \/>\n<a title=\"Brandverdacht im Bereich der WLS\" href=\"http:\/\/www.feuerwehrkostheim.de\/?p=3092\">Brandverdacht im Bereich der WLS<\/a><\/li>\n<\/ul>\n<ul>\n<li><strong>Einsatz 62 &#8211; 2016<\/strong><br \/>\n07. August 2016 \u2013 00:57 Uhr<br \/>\nRektor-Stamm-Weg<br \/>\n<a title=\"M\u00fclltonnen gehen in Flammen auf\" href=\"http:\/\/www.feuerwehrkostheim.de\/?p=3099\">M\u00fclltonnen gehen in Flammen auf<\/a><\/li>\n<\/ul>\n<ul>\n<li><strong>Einsatz 63 &#8211; 2016<\/strong><br \/>\n12. August 2016 \u2013 23:19 Uhr<br \/>\nRhein &#8211; TH-Br\u00fccke<br \/>\n<a title=\"Person aus dem Rhein gerettet\" href=\"http:\/\/www.feuerwehrkostheim.de\/?p=3102\">Person aus dem Rhein gerettet<\/a><\/li>\n<\/ul>\n<ul>\n<li><strong>Einsatz 64 &#8211; 2016<\/strong><br \/>\n16. August 2016 \u2013 22:44 Uhr<br \/>\nHauptstra\u00dfe 58<br \/>\n<a title=\"Brandverdacht in der Hauptstra\u00dfe\" href=\"http:\/\/www.feuerwehrkostheim.de\/?p=3104\">Brandverdacht in der Hauptstra\u00dfe<\/a><\/li>\n<\/ul>\n<ul>\n<li><strong>Einsatz 65 &#8211; 2016<\/strong><br \/>\n20. August 2016 \u2013 21:25 Uhr<br \/>\nHauptstra\u00dfe 13<br \/>\n<a title=\"Brennende M\u00fclltonne verursacht hohen Sachschaden\" href=\"http:\/\/www.feuerwehrkostheim.de\/?p=3108\">Brennende M\u00fclltonne verursacht hohen Sachschaden<\/a><\/li>\n<\/ul>\n<ul>\n<li><strong>Einsatz 66 &#8211; 2016<\/strong><br \/>\n22. August 2016 \u2013 21:39 Uhr<br \/>\nFl\u00f6rsheimer Stra\u00dfe 47<br \/>\n<a title=\"Wieder brennen M\u00fclltonnen\" href=\"http:\/\/www.feuerwehrkostheim.de\/?p=3111\">Wieder brennen M\u00fclltonnen<\/a><\/li>\n<\/ul>\n<ul>\n<li><strong>Einsatz 67 &#8211; 2016<\/strong><br \/>\n28. August 2016 \u2013 16:30 Uhr<br \/>\nSchiersteiner Hafen<br \/>\n<a title=\"Gekentertes Boot im Hafen gemeldet\" href=\"http:\/\/www.feuerwehrkostheim.de\/?p=3116\">Gekentertes Boot im Hafen gemeldet<\/a><\/li>\n<\/ul>\n<ul>\n<li><strong>Einsatz 68 &#8211; 2016<\/strong><br \/>\n31. August 2016 \u2013 01:19 Uhr<br \/>\nRhein &#8211; Kaiserbr\u00fccke<br \/>\n<a title=\"Rettung aus dem Rhein in vermeintlich letzter Sekunde\" href=\"http:\/\/www.feuerwehrkostheim.de\/?p=3119\">Rettung aus dem Rhein in vermeintlich letzter Sekunde<\/a><\/li>\n<\/ul>\n<ul>\n<li><strong>Einsatz 69 &#8211; 2016<\/strong><br \/>\n31. August 2016 \u2013 23:28 Uhr<br \/>\nBischhofsheimer Stra\u00dfe<br \/>\n<a title=\"PKW-Brand in der Siedlung \u2013 Hinweise auf Brandstiftung\" href=\"http:\/\/www.feuerwehrkostheim.de\/?p=3121\">PKW-Brand in der Siedlung \u2013 Hinweise auf Brandstiftung<\/a><\/li>\n<\/ul>\n<ul>\n<li><strong>Einsatz 70 &#8211; 2016<\/strong><br \/>\n01. September 2016 \u2013 19:30 Uhr<br \/>\nRhein &#8211; TH-Br\u00fccke<br \/>\n<a title=\"Erneuter Rettungseinsatz auf dem Rhein\" href=\"http:\/\/www.feuerwehrkostheim.de\/?p=3124\">Erneuter Rettungseinsatz auf dem Rhein<\/a><\/li>\n<\/ul>\n<ul>\n<li><strong>Einsatz 71 &#8211; 2016<\/strong><br \/>\n03. September 2016 \u2013 18:23 Uhr<br \/>\nKostheimer Landstra\u00dfe<br \/>\n<a title=\"Unrat brennt in Unterf\u00fchrung\" href=\"http:\/\/www.feuerwehrkostheim.de\/?p=3130\">Unrat brennt in Unterf\u00fchrung<\/a><\/li>\n<\/ul>\n<ul>\n<li><strong>Einsatz 72 &#8211; 2016<\/strong><br \/>\n06. September 2016 \u2013 20:19 Uhr<br \/>\nRettbergsaue<br \/>\n<a title=\"Sicherheitslandung eines Hei\u00dfluftballons l\u00f6st Gro\u00dfeinsatz aus\" href=\"http:\/\/www.feuerwehrkostheim.de\/?p=3134\">Sicherheitslandung eines Hei\u00dfluftballons l\u00f6st Gro\u00dfeinsatz aus<\/a><\/li>\n<\/ul>\n<ul>\n<li><strong>Einsatz 73 &#8211; 2016<\/strong><br \/>\n07. September 2016 \u2013 16:20 Uhr<br \/>\nSteigweg<br \/>\n<a title=\"Feuer am Bahndamm\" href=\"http:\/\/www.feuerwehrkostheim.de\/?p=3137\">Feuer am Bahndamm<\/a><\/li>\n<\/ul>\n<ul>\n<li><strong>Einsatz 74 &#8211; 2016<\/strong><br \/>\n15. September 2016 \u2013 17:52 Uhr<br \/>\nRhein &#8211; Schloss Biebrich<br \/>\n<a title=\"Gekentertes Paddelboot auf dem Rhein\" href=\"http:\/\/www.feuerwehrkostheim.de\/?p=3144\">Gekentertes Paddelboot auf dem Rhein<\/a><\/li>\n<\/ul>\n<ul>\n<li><strong>Einsatz 75 &#8211; 2016<\/strong><br \/>\n17. September 2016 \u2013 16:35 Uhr<br \/>\nRhein<br \/>\n<a title=\"Erneut Person im Rhein gemeldet\" href=\"http:\/\/www.feuerwehrkostheim.de\/?p=3148\">Erneut Person im Rhein gemeldet<\/a><\/li>\n<\/ul>\n<ul>\n<li><strong>Einsatz 76 &#8211; 2016<\/strong><br \/>\n20. September 2016 \u2013 07:11 Uhr<br \/>\nGrazer Stra\u00dfe 46<br \/>\n<a title=\"Rauchentwicklung im Mehrfamilienhaus\" href=\"http:\/\/www.feuerwehrkostheim.de\/?p=3196\">Rauchentwicklung im Mehrfamilienhaus<\/a><\/li>\n<\/ul>\n<ul>\n<li><strong>Einsatz 77 &#8211; 2016<\/strong><br \/>\n12. Oktober 2016 \u2013 14:35 Uhr<br \/>\nR\u00f6merfeld 2<br \/>\n<a title=\"Kellerbrand im Mehrfamilienhaus schnell gel\u00f6scht\" href=\"http:\/\/www.feuerwehrkostheim.de\/?p=3211\">Kellerbrand im Mehrfamilienhaus schnell gel\u00f6scht<\/a><\/li>\n<\/ul>\n<ul>\n<li><strong>Einsatz 78 &#8211; 2016<\/strong><br \/>\n13. Oktober 2016 \u2013 21:34 Uhr<br \/>\nMaaraue<br \/>\n<a title=\"Abfallk\u00fcbel brennt auf der Maaraue \u2013 Feuerschein sichtbar\" href=\"http:\/\/www.feuerwehrkostheim.de\/?p=3216\">Abfallk\u00fcbel brennt auf der Maaraue \u2013 Feuerschein sichtbar<\/a><\/li>\n<\/ul>\n<ul>\n<li><strong>Einsatz 79 &#8211; 2016<\/strong><br \/>\n22. Oktober 2016 \u2013 15:12 Uhr<br \/>\nHauptstra\u00dfe 101<br \/>\n<a title=\"Schwelbrand in Zwischendecke schnell bemerkt und gel\u00f6scht\" href=\"http:\/\/www.feuerwehrkostheim.de\/?p=3247\">Schwelbrand in Zwischendecke schnell bemerkt und gel\u00f6scht<\/a><\/li>\n<\/ul>\n<ul>\n<li><strong>Einsatz 80 &#8211; 2016<\/strong><br \/>\n04. November 2016 \u2013 07:16 Uhr<br \/>\nHochheimer Stra\u00dfe<br \/>\n<a title=\"Brenndender LKW-Reifen gemeldet\" href=\"http:\/\/www.feuerwehrkostheim.de\/?p=3259\">Brenndender LKW-Reifen gemeldet<\/a><\/li>\n<\/ul>\n<ul>\n<li><strong>Einsatz 81 &#8211; 2016<\/strong><br \/>\n08. November 2016 \u2013 23:23 Uhr<br \/>\nHochheimer Stra\u00dfe 68<br \/>\n<a title=\"Brennender Reifen am geparkten PKW schnell bemerkt und gel\u00f6scht\" href=\"http:\/\/www.feuerwehrkostheim.de\/?p=3267\">Brennender Reifen am geparkten PKW schnell bemerkt und gel\u00f6scht<\/a><\/li>\n<\/ul>\n<ul>\n<li><strong>Einsatz 82 &#8211; 2016<\/strong><br \/>\n16. November 2016 \u2013 18:44 Uhr<br \/>\nMittlerer Sampelweg<br \/>\n<a title=\"Kleinkraftrad am Friedhof abgebrannt\" href=\"http:\/\/www.feuerwehrkostheim.de\/?p=3278\">Kleinkraftrad am Friedhof abgebrannt<\/a><\/li>\n<\/ul>\n<ul>\n<li><strong>Einsatz 83 &#8211; 2016<\/strong><br \/>\n17. November 2016 \u2013 17:44 Uhr<br \/>\nKostheimer Landstra\u00dfe 79<br \/>\n<a title=\"Kurzschluss im Sicherungskasten\" href=\"http:\/\/www.feuerwehrkostheim.de\/?p=3281\">Kurzschluss im Sicherungskasten<\/a><\/li>\n<\/ul>\n<ul>\n<li><strong>Einsatz 84 &#8211; 2016<\/strong><br \/>\n21. November 2016 \u2013 18:32 Uhr<br \/>\nHochheimer Stra\u00dfe 74<br \/>\n<a title=\"Rauchmelder und Brandgeruch l\u00f6sen Feuerwehreinsatz aus\" href=\"http:\/\/www.feuerwehrkostheim.de\/?p=3284\">Rauchmelder und Brandgeruch l\u00f6sen Feuerwehreinsatz aus<\/a><\/li>\n<\/ul>\n<ul>\n<li><strong>Einsatz 85 &#8211; 2016<\/strong><br \/>\n22. November 2016 \u2013 14:25 Uhr<br \/>\nAm\u00f6neburg &#8211; Melanchthonstra\u00dfe 20<br \/>\n<a title=\"Angebranntes Kochgut in Am\u00f6neburg\" href=\"http:\/\/www.feuerwehrkostheim.de\/?p=3286\">Angebranntes Kochgut in Am\u00f6neburg<\/a><\/li>\n<\/ul>\n<ul>\n<li><strong>Einsatz 86 &#8211; 2016<\/strong><br \/>\n23. November 2016 \u2013 20:05 Uhr<br \/>\nMaaraue<br \/>\n<a title=\"Mehrere Verletzte nach Unfall auf der Maaraue - PKW brennt v\u00f6llig aus\" href=\"http:\/\/www.feuerwehrkostheim.de\/?p=3290\">Mehrere Verletzte nach Unfall auf der Maaraue &#8211; PKW brennt v\u00f6llig aus<\/a><\/li>\n<\/ul>\n<ul>\n<li><strong>Einsatz 87 &#8211; 2016<\/strong><br \/>\n27. November 2016 \u2013 16:05 Uhr<br \/>\nRhein &#8211; H\u00f6he TH-Br\u00fccke<br \/>\n<a title=\"Person im Rhein gemeldet\" href=\"http:\/\/www.feuerwehrkostheim.de\/?p=3298\">Person im Rhein gemeldet<\/a><\/li>\n<\/ul>\n<ul>\n<li><strong>Einsatz 88 &#8211; 2016<\/strong><br \/>\n29. November 2016 \u2013 11:03 Uhr<br \/>\nHauptstra\u00dfe 1 &#8211; Firma SCA<br \/>\n<a title=\"Feuer an Papiermaschine schnell gel\u00f6scht\" href=\"http:\/\/www.feuerwehrkostheim.de\/?p=3302\">Feuer an Papiermaschine schnell gel\u00f6scht<\/a><\/li>\n<\/ul>\n<ul>\n<li><strong>Einsatz 89 &#8211; 2016<\/strong><br \/>\n03. Dezember 2016 \u2013 15:42 Uhr<br \/>\nHe\u00dflerweg<br \/>\n<a title=\"Unbeaufsichtigtes Gartenfeuer l\u00f6st Feuerwehreinsatz aus\" href=\"http:\/\/www.feuerwehrkostheim.de\/?p=3306\">Unbeaufsichtigtes Gartenfeuer l\u00f6st Feuerwehreinsatz aus<\/a><\/li>\n<\/ul>\n<ul>\n<li><strong>Einsatz 90 &#8211; 2016<\/strong><br \/>\n03. Dezember 2016 \u2013 16:19 Uhr<br \/>\nHe\u00dflerweg<br \/>\n<a title=\"Voraushelfereinsatz bei gest\u00fcrzter Person\" href=\"http:\/\/www.feuerwehrkostheim.de\/?p=3309\">Voraushelfereinsatz bei gest\u00fcrzter Person<\/a><\/li>\n<\/ul>\n","protected":false},"excerpt":{"rendered":"<p>Einsatz 01 &#8211; 2016 01. Januar 2016 \u2013 00:26 Uhr Im Sampel 1 Arbeitsreicher Jahreswechsel \u2013 Brennende M\u00fclltonne nach PKW-Brand Einsatz 02 &#8211; 2016 01. Januar 2016 \u2013 05:13 Uhr Uthmannstra\u00dfe 47 Erneut eine brennende M\u00fclltonne Einsatz 03 &#8211; 2016 07. Januar 2016 \u2013 05:13 Uhr Rhein &#8211; TH-Br\u00fccke Person im Rhein \u2013 schnell au\u00dfer [&hellip;]<\/p>\n","protected":false},"author":1,"featured_media":0,"parent":751,"menu_order":0,"comment_status":"closed","ping_status":"closed","template":"","meta":{"_et_pb_use_builder":"","_et_pb_old_content":"","_et_gb_content_width":"","_crdt_document":"","footnotes":""},"class_list":["post-2840","page","type-page","status-publish","hentry"],"_links":{"self":[{"href":"https:\/\/www.feuerwehrkostheim.de\/index.php?rest_route=\/wp\/v2\/pages\/2840","targetHints":{"allow":["GET"]}}],"collection":[{"href":"https:\/\/www.feuerwehrkostheim.de\/index.php?rest_route=\/wp\/v2\/pages"}],"about":[{"href":"https:\/\/www.feuerwehrkostheim.de\/index.php?rest_route=\/wp\/v2\/types\/page"}],"author":[{"embeddable":true,"href":"https:\/\/www.feuerwehrkostheim.de\/index.php?rest_route=\/wp\/v2\/users\/1"}],"replies":[{"embeddable":true,"href":"https:\/\/www.feuerwehrkostheim.de\/index.php?rest_route=%2Fwp%2Fv2%2Fcomments&post=2840"}],"version-history":[{"count":0,"href":"https:\/\/www.feuerwehrkostheim.de\/index.php?rest_route=\/wp\/v2\/pages\/2840\/revisions"}],"up":[{"embeddable":true,"href":"https:\/\/www.feuerwehrkostheim.de\/index.php?rest_route=\/wp\/v2\/pages\/751"}],"wp:attachment":[{"href":"https:\/\/www.feuerwehrkostheim.de\/index.php?rest_route=%2Fwp%2Fv2%2Fmedia&parent=2840"}],"curies":[{"name":"wp","href":"https:\/\/api.w.org\/{rel}","templated":true}]}}