{"id":2542,"date":"2015-05-30T12:13:35","date_gmt":"2015-05-30T10:13:35","guid":{"rendered":"http:\/\/www.feuerwehrkostheim.de\/?page_id=2542"},"modified":"2018-06-02T14:12:27","modified_gmt":"2018-06-02T13:12:27","slug":"einsaetze-2011","status":"publish","type":"page","link":"https:\/\/www.feuerwehrkostheim.de\/?page_id=2542","title":{"rendered":"Eins\u00e4tze 2011"},"content":{"rendered":"<ul>\n<li><strong>Einsatz 01 &#8211; 2011<\/strong><br \/>\n03. Januar 2011 \u2013 01:35 Uhr<br \/>\nTeufelsprung \/ Im Sampel<br \/>\n<a title=\"Brennende M\u00fclltonnen schnell gel\u00f6scht - Kellerbrand verhindert\" href=\"http:\/\/www.feuerwehrkostheim.de\/?p=1086\">Brennende M\u00fclltonnen schnell gel\u00f6scht &#8211; Kellerbrand verhindert<\/a><\/li>\n<\/ul>\n<ul>\n<li><strong>Einsatz 02 &#8211; 2011<\/strong><br \/>\n07. Januar 2011 \u2013 19:58 Uhr<br \/>\nMainstra\u00dfe Biebrich<br \/>\n<a title=\"Gro\u00dfbrand in Biebrich \u2013 5h-Einsatz f\u00fcr die FF Kostheim\" href=\"http:\/\/www.feuerwehrkostheim.de\/?p=1080\">Gro\u00dfbrand in Biebrich \u2013 5h-Einsatz f\u00fcr die FF Kostheim<\/a><\/li>\n<\/ul>\n<ul>\n<li><strong>Einsatz 03 &#8211; 2011<\/strong><br \/>\n12. (bis 20.) Januar 2011 \u2013 16:28 Uhr<br \/>\nMaindamm<br \/>\n<a title=\"Hochwasser am Main \u2013 Deichwache angeordnet\" href=\"http:\/\/www.feuerwehrkostheim.de\/?p=1076\">Hochwasser am Main \u2013 Deichwache angeordnet<\/a><\/li>\n<\/ul>\n<ul>\n<li><strong>Einsatz 04 &#8211; 2011<\/strong><br \/>\n15. Januar 2011 \u2013 10:15 Uhr<br \/>\nRosengasse<br \/>\n<a title=\"Undichte Spundwand in der Rosengasse\" href=\"http:\/\/www.feuerwehrkostheim.de\/?p=1065\">Undichte Spundwand in der Rosengasse<\/a><\/li>\n<\/ul>\n<ul>\n<li><strong>Einsatz 05 &#8211; 2011<\/strong><br \/>\n15. Januar 2011 \u2013 20:15 Uhr<br \/>\nReiterhof<br \/>\n<a title=\"Vermeintlich vom Wasser eingeschlossene Person\" href=\"http:\/\/www.feuerwehrkostheim.de\/?p=1062\">Vermeintlich vom Wasser eingeschlossene Person<\/a><\/li>\n<\/ul>\n<ul>\n<li><strong>Einsatz 06 &#8211; 2011<\/strong><br \/>\n02. Februar 2011 \u2013 14:08 Uhr<br \/>\nPassauer Stra\u00dfe<br \/>\n<a title=\"K\u00fcchenbrand in der Passauer Stra\u00dfe\" href=\"http:\/\/www.feuerwehrkostheim.de\/?p=1029\">K\u00fcchenbrand in der Passauer Stra\u00dfe<\/a><\/li>\n<\/ul>\n<ul>\n<li><strong>Einsatz 07 &#8211; 2011<\/strong><br \/>\n23. Februar 2011 \u2013 15:39 Uhr<br \/>\nHauptstra\u00dfe 1 &#8211; Fa. SCA<br \/>\n<a title=\"Fehlalarm Firma SCA\" href=\"http:\/\/www.feuerwehrkostheim.de\/?p=1023\">Fehlalarm Firma SCA<\/a><\/li>\n<\/ul>\n<ul>\n<li><strong>Einsatz 08 &#8211; 2011<\/strong><br \/>\n25. Februar 2011 \u2013 19:09 Uhr<br \/>\nHinter dem Gotthelf 16<br \/>\n<a title=\"Brennender Bioethanolkamin ger\u00e4t au\u00dfer Kontrolle\" href=\"http:\/\/www.feuerwehrkostheim.de\/?p=1021\">Brennender Bioethanolkamin ger\u00e4t au\u00dfer Kontrolle<\/a><\/li>\n<\/ul>\n<ul>\n<li><strong>Einsatz 09 &#8211; 2011<\/strong><br \/>\n01. M\u00e4rz 2011 \u2013 17:40 Uhr<br \/>\nAn der Taunusbahn 38<br \/>\n<a title=\"K\u00fcchenbrand macht Wohnung unbewohnbar \u2013 niemand verletzt\" href=\"http:\/\/www.feuerwehrkostheim.de\/?p=1019\">K\u00fcchenbrand macht Wohnung unbewohnbar \u2013 niemand verletzt<\/a><\/li>\n<\/ul>\n<ul>\n<li><strong>Einsatz 10 &#8211; 2011<\/strong><br \/>\n03. M\u00e4rz 2011 \u2013 17:40 Uhr<br \/>\nIm Sampel 114<br \/>\n<a title=\"Brandgeruch im Treppenhaus\" href=\"http:\/\/www.feuerwehrkostheim.de\/?p=1017\">Brandgeruch im Treppenhaus<\/a><\/li>\n<\/ul>\n<ul>\n<li><strong>Einsatz 11 &#8211; 2011<\/strong><br \/>\n20. M\u00e4rz 2011 \u2013 15:20 Uhr<br \/>\nIm Sampel<br \/>\n<a title=\"Brennende GMT\" href=\"http:\/\/www.feuerwehrkostheim.de\/?p=1014\">Brennende GMT<\/a><\/li>\n<\/ul>\n<ul>\n<li><strong>Einsatz 12 &#8211; 2011<\/strong><br \/>\n26. M\u00e4rz 2011 \u2013 12:07 Uhr<br \/>\nMittlerer Sampelweg<br \/>\n<a title=\"Meldung \u00fcber \u201cBrandverdacht\u201d durch Sicherheitszentrale\" href=\"http:\/\/www.feuerwehrkostheim.de\/?p=1012\">Meldung \u00fcber \u201cBrandverdacht\u201d durch Sicherheitszentrale<\/a><\/li>\n<\/ul>\n<ul>\n<li><strong>Einsatz 13 &#8211; 2011<\/strong><br \/>\n01. April 2011 \u2013 19:50 Uhr<br \/>\nEichenstra\u00dfe<br \/>\n<a title=\"Wasserleitung defekt \u2013 b\u00f6se \u00dcberraschung bei der R\u00fcckkehr\" href=\"http:\/\/www.feuerwehrkostheim.de\/?p=1010\">Meldung \u00fcber \u201cWasserleitung defekt \u2013 b\u00f6se \u00dcberraschung bei der R\u00fcckkehr<\/a><\/li>\n<\/ul>\n<ul>\n<li><strong>Einsatz 14 &#8211; 2011<\/strong><br \/>\n25. April 2011 \u2013 23:53 Uhr<br \/>\nM\u00fcnchhofstra\u00dfe<br \/>\n<a title=\"Brennende Altpapiertonne\" href=\"http:\/\/www.feuerwehrkostheim.de\/?p=1010\">Meldung \u00fcber \u201cBrennende Altpapiertonne<\/a><\/li>\n<\/ul>\n<ul>\n<li><strong>Einsatz 15 &#8211; 2011<\/strong><br \/>\n26. April 2011 \u2013 00:13 Uhr<br \/>\nOtto-Suhr-Ring<br \/>\n<a title=\"Brandverdacht im Kasteler Otto-Suhr-Ring\" href=\"http:\/\/www.feuerwehrkostheim.de\/?p=1006\">Brandverdacht im Kasteler Otto-Suhr-Ring<\/a><\/li>\n<\/ul>\n<ul>\n<li><strong>Einsatz 16 &#8211; 2011<\/strong><br \/>\n30. April 2011 \u2013 12:23 Uhr<br \/>\nIm Sampel 2<br \/>\n<a title=\"Feuer im dritten Stock eines Hochhauses\" href=\"http:\/\/www.feuerwehrkostheim.de\/?p=769\">Feuer im dritten Stock eines Hochhauses<\/a><\/li>\n<\/ul>\n<ul>\n<li><strong>Einsatz 17 &#8211; 2011<\/strong><br \/>\n04. Mai 2011 \u2013 21:38 Uhr<br \/>\nM\u00fchlweg 13A<br \/>\n<a title=\"Gro\u00dfbrand im Kostheimer M\u00fchlweg \u2013 Lagerhalle und Werkstatt brennen nieder\" href=\"http:\/\/www.feuerwehrkostheim.de\/?p=607\">Gro\u00dfbrand im Kostheimer M\u00fchlweg \u2013 Lagerhalle und Werkstatt brennen nieder<\/a><\/li>\n<\/ul>\n<ul>\n<li><strong>Einsatz 18 &#8211; 2011<\/strong><br \/>\n05. Mai 2011 \u2013 17:02 Uhr<br \/>\nM\u00fchlweg 2<br \/>\n<a title=\"Unratfeuer ger\u00e4t au\u00dfer Kontrolle \u2013 erneutes Feuer im M\u00fchlweg\" href=\"http:\/\/www.feuerwehrkostheim.de\/?p=605\">Unratfeuer ger\u00e4t au\u00dfer Kontrolle \u2013 erneutes Feuer im M\u00fchlweg<\/a><\/li>\n<\/ul>\n<ul>\n<li><strong>Einsatz 19 &#8211; 2011<\/strong><br \/>\n07. Mai 2011 \u2013 21:36 Uhr<br \/>\nBereich Oberer Sampelweg<br \/>\n<a title=\"Wieder Feuerschein im Feld\" href=\"http:\/\/www.feuerwehrkostheim.de\/?p=601\">Wieder Feuerschein im Feld<\/a><\/li>\n<\/ul>\n<ul>\n<li><strong>Einsatz 20 &#8211; 2011<\/strong><br \/>\n10. Mai 2011 \u2013 21:17 Uhr<br \/>\nBereich Oberer Sampelweg<br \/>\n<a title=\"Rauchentwicklung im Bereich des Kostheimer Friedhofes\" href=\"http:\/\/www.feuerwehrkostheim.de\/?p=599\">Rauchentwicklung im Bereich des Kostheimer Friedhofes<\/a><\/li>\n<\/ul>\n<ul>\n<li><strong>Einsatz 21 &#8211; 2011<\/strong><br \/>\n18. Mai 2011 \u2013 02:45 Uhr<br \/>\nHauptstra\u00dfe 1 &#8211; Fa. SCA<br \/>\n<a title=\"Feuer in einer Filteranlage\" href=\"http:\/\/www.feuerwehrkostheim.de\/?p=597\">Feuer in einer Filteranlage<\/a><\/li>\n<\/ul>\n<ul>\n<li><strong>Einsatz 22 &#8211; 2011<\/strong><br \/>\n18. Mai 2011 \u2013 17:17 Uhr<br \/>\nSteinern-Kreuz-Weg<br \/>\n<a title=\"Vermeintliches Unratfeuer\" href=\"http:\/\/www.feuerwehrkostheim.de\/?p=595\">Vermeintliches Unratfeuer<\/a><\/li>\n<\/ul>\n<ul>\n<li><strong>Einsatz 23 &#8211; 2011<\/strong><br \/>\n25. Mai 2011 \u2013 20:14 Uhr<br \/>\nR\u00f6merfeld 6<br \/>\n<a title=\"Brandgeruch im Hochhaus\" href=\"http:\/\/www.feuerwehrkostheim.de\/?p=585\">Brandgeruch im Hochhaus<\/a><\/li>\n<\/ul>\n<ul>\n<li><strong>Einsatz 24 &#8211; 2011<\/strong><br \/>\n28. Mai 2011 \u2013 13:10 Uhr<br \/>\nR\u00fcbenbergweg<br \/>\n<a title=\"Brennender Mulch- und Heuhaufen\" href=\"http:\/\/www.feuerwehrkostheim.de\/?p=575\">Brennender Mulch- und Heuhaufen<\/a><\/li>\n<\/ul>\n<ul>\n<li><strong>Einsatz 24 &#8211; 2011<\/strong><br \/>\n28. Mai 2011 \u2013 18:28 Uhr<br \/>\nIn der Witz<br \/>\n<a title=\"Zur T\u00fcr\u00f6ffnung in die Witz\" href=\"http:\/\/www.feuerwehrkostheim.de\/?p=579\">Zur T\u00fcr\u00f6ffnung in die Witz<\/a><\/li>\n<\/ul>\n<ul>\n<li><strong>Einsatz 25 &#8211; 2011<\/strong><br \/>\n30. Mai 2011 \u2013 14:21 Uhr<br \/>\nR\u00fcbenbergweg<br \/>\n<a title=\"Mulchhaufen brennt erneut \u2013 wieder Einsatz \u00fcber 6 Stunden\" href=\"http:\/\/www.feuerwehrkostheim.de\/?p=572\">Mulchhaufen brennt erneut \u2013 wieder Einsatz \u00fcber 6 Stunden<\/a><\/li>\n<\/ul>\n<p><em>&#8230; der Rest wird noch erg\u00e4nzt &#8230;.<\/em><\/p>\n","protected":false},"excerpt":{"rendered":"<p>Einsatz 01 &#8211; 2011 03. Januar 2011 \u2013 01:35 Uhr Teufelsprung \/ Im Sampel Brennende M\u00fclltonnen schnell gel\u00f6scht &#8211; Kellerbrand verhindert Einsatz 02 &#8211; 2011 07. Januar 2011 \u2013 19:58 Uhr Mainstra\u00dfe Biebrich Gro\u00dfbrand in Biebrich \u2013 5h-Einsatz f\u00fcr die FF Kostheim Einsatz 03 &#8211; 2011 12. (bis 20.) Januar 2011 \u2013 16:28 Uhr Maindamm [&hellip;]<\/p>\n","protected":false},"author":1,"featured_media":0,"parent":751,"menu_order":0,"comment_status":"closed","ping_status":"open","template":"","meta":{"_et_pb_use_builder":"","_et_pb_old_content":"","_et_gb_content_width":"","_crdt_document":"","footnotes":""},"class_list":["post-2542","page","type-page","status-publish","hentry"],"_links":{"self":[{"href":"https:\/\/www.feuerwehrkostheim.de\/index.php?rest_route=\/wp\/v2\/pages\/2542","targetHints":{"allow":["GET"]}}],"collection":[{"href":"https:\/\/www.feuerwehrkostheim.de\/index.php?rest_route=\/wp\/v2\/pages"}],"about":[{"href":"https:\/\/www.feuerwehrkostheim.de\/index.php?rest_route=\/wp\/v2\/types\/page"}],"author":[{"embeddable":true,"href":"https:\/\/www.feuerwehrkostheim.de\/index.php?rest_route=\/wp\/v2\/users\/1"}],"replies":[{"embeddable":true,"href":"https:\/\/www.feuerwehrkostheim.de\/index.php?rest_route=%2Fwp%2Fv2%2Fcomments&post=2542"}],"version-history":[{"count":0,"href":"https:\/\/www.feuerwehrkostheim.de\/index.php?rest_route=\/wp\/v2\/pages\/2542\/revisions"}],"up":[{"embeddable":true,"href":"https:\/\/www.feuerwehrkostheim.de\/index.php?rest_route=\/wp\/v2\/pages\/751"}],"wp:attachment":[{"href":"https:\/\/www.feuerwehrkostheim.de\/index.php?rest_route=%2Fwp%2Fv2%2Fmedia&parent=2542"}],"curies":[{"name":"wp","href":"https:\/\/api.w.org\/{rel}","templated":true}]}}