{"id":1714,"date":"2013-10-26T08:57:23","date_gmt":"2013-10-26T06:57:23","guid":{"rendered":"http:\/\/www.feuerwehrkostheim.de\/?page_id=1714"},"modified":"2018-06-02T14:12:28","modified_gmt":"2018-06-02T13:12:28","slug":"bf-tag-2013","status":"publish","type":"page","link":"https:\/\/www.feuerwehrkostheim.de\/?page_id=1714","title":{"rendered":"BF-Tag 2013"},"content":{"rendered":"<h2>Kostheimer Jugendfeuerwehr \u00fcbt gemeinsam mit Jugendrotreuz Mainspitze &#8211; Gro\u00dfbrand in der Nacht<\/h2>\n<p>Nachdem vor 7 Jahren der letzte Berufsfeuerwehrtag in Kostheim veranstaltet wurde, startete am letzten Samstag im Oktober, p\u00fcnktlich um 07:30 Uhr die 25-Stunden-Schicht mit dem obligatorischen Antreten vor der Fahrzeughalle. 17 Jungen und M\u00e4dchen der Jugendfeuerwehr, sowie f\u00fcnf Jugendrotkreuzer wurden von der \u00dcbungsleitung auf die zur Verf\u00fcgung stehenden Fahrzeuge verteilt. Insgesamt waren vier Feuerwehrfahrzeuge und ein Krankentransportwagen eingesetzt. Neben den zwei eigenen L\u00f6schfahrzeugen und dem Mannschaftswagen musste auch das Jugend-L\u00f6schfahrzeug vom Stadtjugendfeuerwehrverband Wiesbaden besetzt werden.<\/p>\n<p><a title=\"Berufsfeuerwehrtag 2013 - 26.\/27.10.13 von FF-Kostheim bei Flickr\" href=\"http:\/\/www.flickr.com\/photos\/ffkostheim\/sets\/72157637158308656\" target=\"_blank\" rel=\"noopener\"><img loading=\"lazy\" decoding=\"async\" class=\"alignleft\" style=\"border: 4px solid #D8D8D8;\" src=\"http:\/\/farm6.staticflickr.com\/5498\/10593004486_0c42953463_m.jpg\" alt=\"Berufsfeuerwehrtag 2013 - 26.\/27.10.13\" width=\"240\" height=\"159\" \/><\/a> Nach dem Fr\u00fchst\u00fcck, fand eine Unterrichtseinheit \u00fcber das Thema Digital-Funk statt. Die Nachwuchskr\u00e4fte werden den ganzen Tag mit der neusten Technik, die sich gerade in der Einf\u00fchrungsphase befindet, arbeiten.<\/p>\n<p><strong>Brandmeldereinlauf Firma SCA<\/strong><br \/>\nNach der ersten Unterrichtseinheit zum Thema Digitalfunk ging man \u00fcber zu allgemeinen Gr\u00fcnarbeiten rund um das Ger\u00e4tehaus. Doch das Unkraut rupfen wurde durch den ersten Einsatz unterbrochen. Gemeldet \u00fcber eine reelle Melderausl\u00f6sung durch die Wiesbadener Leistelle wurde ein Brandmeldereinlauf bei der Firma SCA gemeldet. Der komplette Nachwuchsl\u00f6schzug samt DRK machte sich auf den Weg in das Papierwerk. Als man vor Ort eintraf wurde man von einem Bediensteten eingewiesen. Der aktive Meldebereich wurde abgesucht, da man nichts feststellen konnte, r\u00fcckte man kurze Zeit sp\u00e4ter wieder ein.<\/p>\n<p><strong>\u00d6lspur \u201eAn der Taunusbahn\u201c<\/strong><br \/>\n<a title=\"Berufsfeuerwehrtag 2013 - 26.\/27.10.13 von FF-Kostheim bei Flickr\" href=\"http:\/\/www.flickr.com\/photos\/ffkostheim\/sets\/72157637158308656\" target=\"_blank\" rel=\"noopener\"><img loading=\"lazy\" decoding=\"async\" class=\"alignright\" style=\"border: 4px solid #D8D8D8;\" src=\"http:\/\/farm8.staticflickr.com\/7397\/10593009176_c2ff381572_m.jpg\" alt=\"Berufsfeuerwehrtag 2013 - 26.\/27.10.13\" width=\"240\" height=\"159\" \/><\/a> Viel Zeit zum Erholen gab es aber diesmal nicht. W\u00e4hrend der Krankentransportwagen zu einer gest\u00fcrzten Person gerufen wurde, musste eine gr\u00f6\u00dfere \u00d6lspur \u2013 imitiert durch Kakaopulver &#8211; in der Stra\u00dfe \u201eAn der Taunusbahn\u201c aufgenommen werden. Nachdem das \u201e\u00d6l\u201c mittels Bindemittel zusammengekehrt war, wurde die Stra\u00dfe abschlie\u00dfend mit einem Strahlrohr sauber gespritzt.<\/p>\n<p>Als die Feuerwehrkameraden noch in den letzten Z\u00fcgen mit der Stra\u00dfenreinigung waren, gab es auch schon den n\u00e4chsten rettungsdienstlichen Einsatz. In der Mathildenstra\u00dfe hatte sich eine Frau bei Reinigungsarbeiten eines offenen Kamins den Unterarm verbrannt. Da die Vitalfunktionen der Frau ohne Bedenken waren, konnte man sich auf die fachm\u00e4nnische Versorgung der Wunde beschr\u00e4nken.<\/p>\n<p><a title=\"Berufsfeuerwehrtag 2013 - 26.\/27.10.13 von FF-Kostheim bei Flickr\" href=\"http:\/\/www.flickr.com\/photos\/ffkostheim\/sets\/72157637158308656\" target=\"_blank\" rel=\"noopener\"><img loading=\"lazy\" decoding=\"async\" class=\"alignleft\" style=\"border: 4px solid #D8D8D8;\" src=\"http:\/\/farm8.staticflickr.com\/7324\/10593016736_701ebb00eb_m.jpg\" alt=\"Berufsfeuerwehrtag 2013 - 26.\/27.10.13\" width=\"240\" height=\"159\" \/><\/a><strong>Feuer am B\u00fcrgerhaus<\/strong><br \/>\nP\u00fcnktlich zur Mittagszeit wurde es erst einmal ruhiger. Die selbst zubereitete St\u00e4rkung in Form von Spaghetti konnte gem\u00fctlich zu sich genommen werden. Doch f\u00fcr eine ausgiebige Verdauungsphase blieb keine Zeit. Ein Anrufer meldete in der \u00dcbungsleitstelle neben einer starken Rauchentwicklung am Kostheimer B\u00fcrgerhaus auch mehrere gef\u00e4hrdete Personen. Umgehend wurde der Hausalarm ausgel\u00f6st und die Kr\u00e4fte auf den Weg geschickt und zus\u00e4tzlich die Drehleiter der Berufsfeuerwehr angefordert. An der Einsatzstelle begann man mit der Rettung der Verletzten und einem umfassenden L\u00f6schangriff. Die verletzten Personen wurden vom DRK versorgt und insgesamt 5 Strahlrohre unter \u00dcbungs-PA vorgenommen. Per Drehleiter wurde die Einsatzstelle von oben kontrolliert.<\/p>\n<p><a title=\"Berufsfeuerwehrtag 2013 - 26.\/27.10.13 von FF-Kostheim bei Flickr\" href=\"http:\/\/www.flickr.com\/photos\/ffkostheim\/sets\/72157637158308656\" target=\"_blank\" rel=\"noopener\"><img loading=\"lazy\" decoding=\"async\" class=\"alignright\" style=\"border: 4px solid #D8D8D8;\" src=\"http:\/\/farm3.staticflickr.com\/2870\/10593906593_5d09d9f148_m.jpg\" alt=\"Berufsfeuerwehrtag 2013 - 26.\/27.10.13\" width=\"240\" height=\"160\" \/><\/a> <strong> Hilfeleistung am Aussichtsturm<\/strong><br \/>\nKurz nachdem alle am Standort und die Fahrzeuge wieder einsatzbereit waren mussten die Jungsanis zum Kostheimer Aufsichtsturm ausr\u00fccken. Dort musste eine Person mit Anzeichen eines Herzinfarktes versorgt werden. Da sie auf der oberen Plattform lag und sicher zum Boden zu verbringen war, wurde ein L\u00f6schfahrzeug \u00fcber die \u00dcbungsleitstelle nachgefordert. Mit dessen Unterst\u00fctzung\u00a0 war die Verletzte schnell und sicher im KTW verladen.<\/p>\n<p>Bevor eine weitere Unterrichtseinheit \u2013 Erste Hilfe \u2013 gestartet werden konnte, musste sich das Kleinalarmfahrzeug in Form des TSF-W, einem eingeklemmten Hund \u2013 ein niedliches Kuscheltier \u2013 annehmen. Im Bereich des F\u00e4hncheskreuzes war dies in einem Zaun eingeklemmt und musste befreit werden.<\/p>\n<p><a title=\"Berufsfeuerwehrtag 2013 - 26.\/27.10.13 von FF-Kostheim bei Flickr\" href=\"http:\/\/www.flickr.com\/photos\/ffkostheim\/sets\/72157637158308656\" target=\"_blank\" rel=\"noopener\"><img loading=\"lazy\" decoding=\"async\" class=\"alignleft\" style=\"border: 4px solid #D8D8D8;\" src=\"http:\/\/farm3.staticflickr.com\/2891\/10593671486_eefbabaaba_m.jpg\" alt=\"Berufsfeuerwehrtag 2013 - 26.\/27.10.13\" width=\"240\" height=\"160\" \/><\/a> <strong>Verkehrsunfall mit mehreren Verletzten &#8211; OB Sven Gerich zu Besuch<\/strong><br \/>\nGerade in eine l\u00e4ngere Freizeitphase platzte gegen 16:35 Uhr der n\u00e4chste, gr\u00f6\u00dfere Einsatz. Gemeldet wurde ein Verkehrsunfall zwischen zwei PKW in der Anton-Hehn-Stra\u00dfe. Da auch von mehreren verletzten Personen die Rede war, alarmierte die \u00dcbungsleitstelle neben den Feuerwehreinheiten direkt auch zwei Rettungsfahrzeuge. Als man vor Ort eintraf, musste zuerst die umfangreiche Lage erkundet werden. Bei einem Frontalunfall zwischen zwei Fahrzeugen, waren zwei Personen eingeklemmt und die jeweiligen Fahrer verletzt.<br \/>\n<a title=\"Berufsfeuerwehrtag 2013 - 26.\/27.10.13 von FF-Kostheim bei Flickr\" href=\"http:\/\/www.flickr.com\/photos\/ffkostheim\/sets\/72157637158308656\" target=\"_blank\" rel=\"noopener\"><img loading=\"lazy\" decoding=\"async\" class=\"alignright\" style=\"border: 4px solid #D8D8D8;\" src=\"http:\/\/farm4.staticflickr.com\/3762\/10593689234_8c2490323c_m.jpg\" alt=\"Berufsfeuerwehrtag 2013 - 26.\/27.10.13\" width=\"240\" height=\"160\" \/><\/a> Da beide eingeklemmten bewusstlos waren, entschied man sich f\u00fcr eine Crashrettung. Die nur leicht verletzten Fahrer mussten in der ersten Phase nur betreut werden, w\u00e4hrend zus\u00e4tzlich zu den Rettungsma\u00dfnahmen noch der Brandschutz aufgebaut werden musste. Bei diesem \u00dcbungseinsatz konnte ein ganz besonderer Gast begr\u00fc\u00dft werden \u2013 Oberb\u00fcrgermeister Sven Gerich, selbst einmal Feuerwehrmann in Biebrich, machte sich ein Bild \u00fcber den Leistungsstand der Nachwuchskr\u00e4fte.<\/p>\n<p><a title=\"Berufsfeuerwehrtag 2013 - 26.\/27.10.13 von FF-Kostheim bei Flickr\" href=\"http:\/\/www.flickr.com\/photos\/ffkostheim\/sets\/72157637158308656\" target=\"_blank\" rel=\"noopener\"><img loading=\"lazy\" decoding=\"async\" class=\"aligncenter\" style=\"border: 4px solid #D8D8D8;\" src=\"http:\/\/farm4.staticflickr.com\/3794\/10593691114_b87fb9a76f.jpg\" alt=\"Berufsfeuerwehrtag 2013 - 26.\/27.10.13\" width=\"500\" height=\"232\" \/><\/a><\/p>\n<p><a title=\"Berufsfeuerwehrtag 2013 - 26.\/27.10.13 von FF-Kostheim bei Flickr\" href=\"http:\/\/www.flickr.com\/photos\/ffkostheim\/sets\/72157637158308656\" target=\"_blank\" rel=\"noopener\"><img loading=\"lazy\" decoding=\"async\" class=\"alignleft\" style=\"border: 4px solid #D8D8D8;\" src=\"http:\/\/farm4.staticflickr.com\/3830\/10593309673_85063bc4ed_m.jpg\" alt=\"Berufsfeuerwehrtag 2013 - 26.\/27.10.13\" width=\"240\" height=\"159\" \/><\/a> <strong>M\u00fclltonnenbr\u00e4nde<\/strong><br \/>\nNoch bevor zum Abendessen \u00fcbergegangen werden konnte, musste mit den L\u00f6schfahrzeugen erneut ausger\u00fcckt werden. Innerhalb k\u00fcrzester Zeit bekam die \u00dcbungszentrale zwei brennende M\u00fclltonnen gemeldet, eine in der N\u00e4he der Krautgartenschule, die andere im Siebenmorgenweg. Beide Br\u00e4nde konnten durch die Vornahme je eines Strahlrohres gel\u00f6scht werden.<\/p>\n<p>Der Abend verlief deutlich ruhiger. Nach dem Abendessen wurde gemeinsam ein Film angeschaut. Nur die San-Besatzung musste noch einmal auf die Maaraue ausr\u00fccken. Hier war eine verletzte, hilflose Person vorgefunden worden, die nicht nur unter deutlichen Alkoholeinfluss stand sondern zus\u00e4tzlich noch aggressiv gegen\u00fcber den Helfern auftrat. Nur unter erschwerten Bedingungen konnte die Person letztendlich versorgt werden.<br \/>\nUm kurz nach Mitternacht lief der n\u00e4chste Einsatz in der \u00dcbungsleitstelle ein. Mindestens eine Person wurde in H\u00f6he des Kostheimer Rudervereins auf der Maaraue vermisst. Nachdem Beleuchtungsger\u00e4t aufgebaut war, wurde eine Kette gebildet und der Bereich gro\u00dffl\u00e4chig abgesucht. Bevor aber alle Vermissten aufgefunden und dem Rettungsdienst \u00fcbergeben werden konnten, brachen die Verantwortlichen den \u00dcbungseinsatz aufgrund des str\u00f6menden Regens vorsichtshalber ab.<\/p>\n<p><strong>Gro\u00dfbrand auf dem ehemaligen Linde-Werksge\u00e4nde<\/strong><br \/>\n<a title=\"Berufsfeuerwehrtag 2013 - 26.\/27.10.13 von FF-Kostheim bei Flickr\" href=\"http:\/\/www.flickr.com\/photos\/ffkostheim\/sets\/72157637158308656\" target=\"_blank\" rel=\"noopener\"><img loading=\"lazy\" decoding=\"async\" class=\"alignleft\" style=\"border: 4px solid #D8D8D8;\" src=\"http:\/\/farm8.staticflickr.com\/7413\/10593613394_f7e38f47bd_m.jpg\" alt=\"Berufsfeuerwehrtag 2013 - 26.\/27.10.13\" width=\"240\" height=\"180\" \/><\/a> Im Ger\u00e4tehaus kehre nun endg\u00fcltig Ruhe ein. Es war alles leise und in den Feldbetten schliefen Jugendliche, die einen anstrengenden, aber abwechslungsreichen Tag hinter sich hatten. Als um kurz nach halb f\u00fcnf in der Fr\u00fch das Licht anging und der Gong ert\u00f6nte, dauerte es bei einigen schon eine gewisse Zeit, bis sie realisiert hatten, wo sie sich gerade befanden. Doch die M\u00fcdigkeit war schon bald wie weggeblasen. Die hell leuchtenden Alaramtableaus signalisierten alle Fahrzeuge besetzen und die Durchsage k\u00fcndigte einen Gro\u00dfbrand in der Kostheimer Landstra\u00dfe an. Schon auf der Anfahrt wurden vereinzelt die Augen deutlich gr\u00f6\u00dfer \u2013 heller Feuerschein wies den Anr\u00fcckenden Kr\u00e4ften den Weg.<\/p>\n<p><a title=\"Berufsfeuerwehrtag 2013 - 26.\/27.10.13 von FF-Kostheim bei Flickr\" href=\"http:\/\/www.flickr.com\/photos\/ffkostheim\/sets\/72157637158308656\" target=\"_blank\" rel=\"noopener\"><img loading=\"lazy\" decoding=\"async\" class=\"alignright\" style=\"border: 4px solid #D8D8D8;\" src=\"http:\/\/farm4.staticflickr.com\/3814\/10593679316_dfedf3b843_m.jpg\" alt=\"Berufsfeuerwehrtag 2013 - 26.\/27.10.13\" width=\"240\" height=\"146\" \/><\/a> Als man auf das Werksgel\u00e4nde einbog, sah man regelrecht auf ein kleines Inferno. Auf dem Vorplatz des Firmengeb\u00e4udes standen drei Stapel mit insgesamt knapp 300 Holzpaletten in hellem Feuerschein. Um der Aufgabe Herr zu werden teilte man sich auf. W\u00e4hrend das LF 10 \/ 10 direkt mit der Brandbek\u00e4mpfung und Absicherung des benachbarten Geb\u00e4udes begann, wurde von der Mannschaft des LF 16 \u2013 TS zusammen mit dem TSF-W eine aus 13 B-Schl\u00e4uchen (ca. 260 Meter) bestehende Wasserversorgung aufgebaut.<\/p>\n<p><a title=\"Berufsfeuerwehrtag 2013 - 26.\/27.10.13 von FF-Kostheim bei Flickr\" href=\"http:\/\/www.flickr.com\/photos\/ffkostheim\/sets\/72157637158308656\" target=\"_blank\" rel=\"noopener\"><img loading=\"lazy\" decoding=\"async\" class=\"alignleft\" style=\"border: 4px solid #D8D8D8;\" src=\"http:\/\/farm8.staticflickr.com\/7457\/10593566953_8742f88a29_m.jpg\" alt=\"Berufsfeuerwehrtag 2013 - 26.\/27.10.13\" width=\"240\" height=\"159\" \/><\/a> Als diese sichergestellt war, wurden weitere Rohre vorgenommen. Insgesamt kamen sechs Hohl- und Mehrzweckstrahlrohre zum Einsatz. Auch wenn der j\u00fcngste Brandsch\u00fctzer gerade mal 11 Jahre alt war, wurde das Feuer vorbildlich und schnell gel\u00f6scht.<\/p>\n<p>Die Nachl\u00f6scharbeiten wurden ebenso gr\u00fcndlich durchgef\u00fchrt wie bei den \u201eGro\u00dfen\u201c \u2013 keiner wollte ein erneutes Aufflammen des Feuers. Ein gespielter, verwirrter Firmenangeh\u00f6riger wurde vom Jugendrotkreuz \u201eeingefangen\u201c und behandelt. Nach zwei Stunden waren auch die Nachl\u00f6scharbeiten beendet und man konnte den R\u00fcckbau der eingesetzten Schlauche und Ger\u00e4te starten. Gegen sieben waren alle Fahrzeuge wieder im Ger\u00e4tehaus und mit frischen Schl\u00e4uchen best\u00fcckt.<\/p>\n<p>Kurze Zeit sp\u00e4ter ert\u00f6nte erneut der Gong. Doch w\u00e4hrend viele an den n\u00e4chsten Einsatz dachten, war es nur der Schlussgong f\u00fcr einen \u00e4u\u00dferst au\u00dfergew\u00f6hnlichen und interessanten Tag der trotz seiner insgesamt 25 Stunden wie im Flug vergangen war.<\/p>\n<p style=\"text-align: left;\"><a title=\"Berufsfeuerwehrtag 2013 - 26.\/27.10.13 von FF-Kostheim bei Flickr\" href=\"http:\/\/www.flickr.com\/photos\/ffkostheim\/sets\/72157637158308656\" target=\"_blank\" rel=\"noopener\"><img loading=\"lazy\" decoding=\"async\" class=\"aligncenter\" style=\"border: 4px solid #D8D8D8;\" src=\"http:\/\/farm6.staticflickr.com\/5482\/10593318845_de9bed938d.jpg\" alt=\"Berufsfeuerwehrtag 2013 - 26.\/27.10.13\" width=\"500\" height=\"204\" \/><\/a><\/p>\n<p style=\"text-align: left;\">Bei dem abschlie\u00dfenden\u00a0 Fr\u00fchst\u00fcck, bei dem einige der Eltern teilgenommen haben, wurden erste Bilder sowie einige Videos pr\u00e4sentiert. So manches Schmankerl wurde erz\u00e4hlt und die Eltern waren erstaunt \u00fcber den Ehrgeiz, den ihre Z\u00f6glinge in Verbindung mit ihrem Hobby \u2013 ob Jugendfeuerwehr oder Jugendrotkreuz \u2013 an den Tag legten.<\/p>\n","protected":false},"excerpt":{"rendered":"<p>Kostheimer Jugendfeuerwehr \u00fcbt gemeinsam mit Jugendrotreuz Mainspitze &#8211; Gro\u00dfbrand in der Nacht Nachdem vor 7 Jahren der letzte Berufsfeuerwehrtag in Kostheim veranstaltet wurde, startete am letzten Samstag im Oktober, p\u00fcnktlich um 07:30 Uhr die 25-Stunden-Schicht mit dem obligatorischen Antreten vor der Fahrzeughalle. 17 Jungen und M\u00e4dchen der Jugendfeuerwehr, sowie f\u00fcnf Jugendrotkreuzer wurden von der \u00dcbungsleitung [&hellip;]<\/p>\n","protected":false},"author":1,"featured_media":0,"parent":1710,"menu_order":0,"comment_status":"closed","ping_status":"open","template":"","meta":{"_et_pb_use_builder":"","_et_pb_old_content":"","_et_gb_content_width":"","_crdt_document":"","footnotes":""},"class_list":["post-1714","page","type-page","status-publish","hentry"],"_links":{"self":[{"href":"https:\/\/www.feuerwehrkostheim.de\/index.php?rest_route=\/wp\/v2\/pages\/1714","targetHints":{"allow":["GET"]}}],"collection":[{"href":"https:\/\/www.feuerwehrkostheim.de\/index.php?rest_route=\/wp\/v2\/pages"}],"about":[{"href":"https:\/\/www.feuerwehrkostheim.de\/index.php?rest_route=\/wp\/v2\/types\/page"}],"author":[{"embeddable":true,"href":"https:\/\/www.feuerwehrkostheim.de\/index.php?rest_route=\/wp\/v2\/users\/1"}],"replies":[{"embeddable":true,"href":"https:\/\/www.feuerwehrkostheim.de\/index.php?rest_route=%2Fwp%2Fv2%2Fcomments&post=1714"}],"version-history":[{"count":0,"href":"https:\/\/www.feuerwehrkostheim.de\/index.php?rest_route=\/wp\/v2\/pages\/1714\/revisions"}],"up":[{"embeddable":true,"href":"https:\/\/www.feuerwehrkostheim.de\/index.php?rest_route=\/wp\/v2\/pages\/1710"}],"wp:attachment":[{"href":"https:\/\/www.feuerwehrkostheim.de\/index.php?rest_route=%2Fwp%2Fv2%2Fmedia&parent=1714"}],"curies":[{"name":"wp","href":"https:\/\/api.w.org\/{rel}","templated":true}]}}