{"id":1257,"date":"2012-11-20T20:45:56","date_gmt":"2012-11-20T18:45:56","guid":{"rendered":"http:\/\/www.feuerwehrkostheim.de\/?page_id=1257"},"modified":"2018-06-02T14:12:26","modified_gmt":"2018-06-02T13:12:26","slug":"das-geratehaus","status":"publish","type":"page","link":"https:\/\/www.feuerwehrkostheim.de\/?page_id=1257","title":{"rendered":"Das Ger\u00e4tehaus"},"content":{"rendered":"<p>Das Ger\u00e4tehaus der Kostheimer Feuerwehr befindet sich &#8220;Am Mainzer Weg&#8221;, direkt neben dem Entwicklungszentrum der Firma Carrier &#8211; dem ehemaligen Werk 2 der Firma Linde.<\/p>\n<div style=\"width: 464px\" class=\"wp-caption aligncenter\"><img loading=\"lazy\" decoding=\"async\" class=\"  \" src=\"http:\/\/www.feuerwehrkostheim.de\/wp-content\/bilder\/einsatzabteilung\/geraetehaus\/fwgh1.jpg\" alt=\"\" width=\"454\" height=\"279\" \/><p class=\"wp-caption-text\">Unser derzeitiges Ger\u00e4tehaus &#8220;Am Mainzer Weg&#8221;<\/p><\/div>\n<p style=\"text-align: center;\"><strong>\u00a0Die Ger\u00e4teh\u00e4user in der Vergangenheit<\/strong><\/p>\n<div style=\"width: 464px\" class=\"wp-caption aligncenter\"><img loading=\"lazy\" decoding=\"async\" class=\"  \" src=\"http:\/\/www.feuerwehrkostheim.de\/wp-content\/bilder\/einsatzabteilung\/geraetehaus\/fwgh2.jpg\" alt=\"\" width=\"454\" height=\"279\" \/><p class=\"wp-caption-text\">Das erste Ger\u00e4tehaus in der Schulstra\u00dfe. Es war bis 1958 in Gebrauch. &#8220;<\/p><\/div>\n<div style=\"width: 464px\" class=\"wp-caption aligncenter\"><img loading=\"lazy\" decoding=\"async\" class=\"  \" src=\"http:\/\/www.feuerwehrkostheim.de\/wp-content\/bilder\/einsatzabteilung\/geraetehaus\/fwgh3.jpg\" alt=\"\" width=\"454\" height=\"279\" \/><p class=\"wp-caption-text\">Am 19. Oktober 1958 war die Schl\u00fcssel\u00fcbergabe f\u00fcr das neue Ger\u00e4tehaus &#8220;Am Mainzer Weg&#8221;.<\/p><\/div>\n<div style=\"width: 464px\" class=\"wp-caption aligncenter\"><img loading=\"lazy\" decoding=\"async\" class=\"  \" src=\"http:\/\/www.feuerwehrkostheim.de\/wp-content\/bilder\/einsatzabteilung\/geraetehaus\/fwgh4.jpg\" alt=\"\" width=\"454\" height=\"279\" \/><p class=\"wp-caption-text\"><br \/>Im Juli 1980 wurde mit dem Ausbau des Feuerwehrger\u00e4tehaus begonnen. Ein Sozialraum, ein Lehrsaal mit B\u00fcro und eine K\u00fcche wurden angebaut..<\/p><\/div>\n<p style=\"text-align: center;\">Im November 1993 wurde das Feuerwehrger\u00e4tehaus erweitert und erhielt eine weitere Fahrzeughalle, Sozialr\u00e4ume f\u00fcr aktiven Frauen und M\u00e4dchen in der Jugendfeuerwehr, eine Heizung f\u00fcr die Fahrzeughallen sowie neue isolierende Hallentore.<\/p>\n","protected":false},"excerpt":{"rendered":"<p>Das Ger\u00e4tehaus der Kostheimer Feuerwehr befindet sich &#8220;Am Mainzer Weg&#8221;, direkt neben dem Entwicklungszentrum der Firma Carrier &#8211; dem ehemaligen Werk 2 der Firma Linde. \u00a0Die Ger\u00e4teh\u00e4user in der Vergangenheit Im November 1993 wurde das Feuerwehrger\u00e4tehaus erweitert und erhielt eine weitere Fahrzeughalle, Sozialr\u00e4ume f\u00fcr aktiven Frauen und M\u00e4dchen in der Jugendfeuerwehr, eine Heizung f\u00fcr die [&hellip;]<\/p>\n","protected":false},"author":1,"featured_media":0,"parent":33,"menu_order":0,"comment_status":"closed","ping_status":"open","template":"","meta":{"_et_pb_use_builder":"","_et_pb_old_content":"","_et_gb_content_width":"","_crdt_document":"","footnotes":""},"class_list":["post-1257","page","type-page","status-publish","hentry"],"_links":{"self":[{"href":"https:\/\/www.feuerwehrkostheim.de\/index.php?rest_route=\/wp\/v2\/pages\/1257","targetHints":{"allow":["GET"]}}],"collection":[{"href":"https:\/\/www.feuerwehrkostheim.de\/index.php?rest_route=\/wp\/v2\/pages"}],"about":[{"href":"https:\/\/www.feuerwehrkostheim.de\/index.php?rest_route=\/wp\/v2\/types\/page"}],"author":[{"embeddable":true,"href":"https:\/\/www.feuerwehrkostheim.de\/index.php?rest_route=\/wp\/v2\/users\/1"}],"replies":[{"embeddable":true,"href":"https:\/\/www.feuerwehrkostheim.de\/index.php?rest_route=%2Fwp%2Fv2%2Fcomments&post=1257"}],"version-history":[{"count":0,"href":"https:\/\/www.feuerwehrkostheim.de\/index.php?rest_route=\/wp\/v2\/pages\/1257\/revisions"}],"up":[{"embeddable":true,"href":"https:\/\/www.feuerwehrkostheim.de\/index.php?rest_route=\/wp\/v2\/pages\/33"}],"wp:attachment":[{"href":"https:\/\/www.feuerwehrkostheim.de\/index.php?rest_route=%2Fwp%2Fv2%2Fmedia&parent=1257"}],"curies":[{"name":"wp","href":"https:\/\/api.w.org\/{rel}","templated":true}]}}