{"id":106,"date":"2011-05-15T14:58:04","date_gmt":"2011-05-15T12:58:04","guid":{"rendered":"http:\/\/www.feuerwehrkostheim.de\/ffk\/?page_id=106"},"modified":"2018-06-02T14:12:26","modified_gmt":"2018-06-02T13:12:26","slug":"80er-jahre","status":"publish","type":"page","link":"https:\/\/www.feuerwehrkostheim.de\/?page_id=106","title":{"rendered":"80\u00b4er Jahre"},"content":{"rendered":"<p>Im Juli <strong>1980<\/strong> konnte endlich mit dem Ausbau des Feuerwehrger\u00e4tehaus begonnen werden. Ein Sozialraum, ein Lehrsaal mit B\u00fcro und eine K\u00fcche wurden angebaut. Die Jahre zuvor mussten die Feuerwehrm\u00e4nner ihre Ausbildungsveranstaltungen und Versammlungen in Gastst\u00e4tten und anderen Einrichtungen abhalten<\/p>\n<p>Zu 73 Eins\u00e4tzen wurde die Freiwillige Feuerwehr <strong>1981<\/strong> alarmiert, darunter zwei besonders schwere. Bei einer Explosion im Keller eines Hauses kam ein Mensch ums Leben, zwei weitere wurden verletzt. Durch einen Blitzschlag geriet die Scheune eines Aussiedlerhofes im Hessler Weg in Brand. Eine Stute verbrannte, \u00fcber 60 Schweine und zahlreiche Rinder konnten durch die Wehrm\u00e4nner gerettet werden. Im Dezember war die Einweihung des Erweiterungsbaues. Der damalige Bundestagsabgeordnete Rudi Schmitt war anwesend, als mit dem Schl\u00fcssel f\u00fcr den Anbau auch noch ein Z\u00fcndschl\u00fcssel f\u00fcr ein neues Tragkraftspritzenfahrzeug seiner Bestimmung \u00fcbergeben wurde.<\/p>\n<p><strong>1982<\/strong> wurde die Kostheimer Feuerwehr 98 mal alarmiert und war somit die am meisten geforderte Freiwillige Wehr im Stadtgebiet Wiesbaden. Trotz der vielen Eins\u00e4tze, die von den freiwilligen Feuerwehrm\u00e4nnern geleistet wurden, fehlte das Geld in der Stadtkasse, um eine Heizung in die Fahrzeughalle zu montieren in der sich die Einsatzkr\u00e4fte oftmals auch mit durchn\u00e4sster Kleidung bei Minustemperaturen aufhalten mu\u00dften. So manche Erk\u00e4ltung folgte dem Einsatz.<\/p>\n<p><strong>1984<\/strong> wurde Georg Schneider zum Wehrf\u00fchrer gew\u00e4hlt und konnte sein Geschick gleich bei einem Gro\u00dfbrand im S\u00e4gewerk Valentin Schmitt unter Beweis stellen.<\/p>\n<p>Ein Jahr sp\u00e4ter, <strong>1985<\/strong>,\u00a0 wurden die Anwohner der Hauptstra\u00dfe wieder in Angst und Schrecken versetzt, als auf dem Nachbargel\u00e4nde des S\u00e4gewerkes ein ehemaliges Wohnheim einer Brandstiftung zum Opfer fiel.<\/p>\n<p><strong>1986<\/strong> mu\u00dften die Kameraden ihren Ehrenkommandanten Anton Werner zur letzten Ruhe geleiten. Er starb im Alter von 59 Jahren.<\/p>\n<p>36 Jahre nach der Gr\u00fcndung beschlo\u00df der Spielmannszug <strong>1987<\/strong>, sich von der Feuerwehr Kostheim zu l\u00f6sen und gr\u00fcndete den Historischen Feuerwehrspielmannszug Kostheim.<br \/>\nWieder Gro\u00dfbrand auf der Hauptstra\u00dfe. Das S\u00e4gewerk der Firma Schollmayer brennt.<\/p>\n<p><strong>1988<\/strong> brannte der Altpapierplatz der Firma Apura. Verbranntes Papier wurde vom Wind bis in die Landeshauptstadt Mainz getragen. Nur mit der Unterst\u00fctzung der Berufsfeuerwehr und zahlreicher freiwilliger Feuerwehren aus Wiesbaden gelang es den Brand einzud\u00e4mmen.<\/p>\n<p>Zum Wehrf\u00fchrer und 1.Vorsitzenden wurde im Januar <strong>1989<\/strong> Rainer M\u00e4mpel gew\u00e4hlt.<br \/>\nWieder ein Gro\u00dfbrand in\u00a0 der Hauptstra\u00dfe. Eine Lagerhalle der Fa. Schollmayer brannte bis auf die Grundmauern nieder, am angrenzenden Hauptgeb\u00e4ude konnten die Einsatzkr\u00e4fte das Feuer in der H\u00e4lfte des Daches stoppen. Gro\u00dfeinsatz nicht nur f\u00fcr die Kostheimer Feuerwehr.<\/p>\n<p>Dramatischer Einsatz bei einem Wohnungsbrand in der Kostheimer Siedlung.<br \/>\nIn den Morgenstunden des 17. Juni brach ein Brand in einer im zweiten Stock eines Mietshauses liegenden Wohnung aus. Bei Eintreffen der Feuerwehr waren bereits zwei Personen in Panik aus dem Fenster gesprungen. Zwei weitere konnten buchst\u00e4blich in letzter Sekunde mit Leitern in Sicherheit gebracht werden.<\/p>\n","protected":false},"excerpt":{"rendered":"<p>Im Juli 1980 konnte endlich mit dem Ausbau des Feuerwehrger\u00e4tehaus begonnen werden. Ein Sozialraum, ein Lehrsaal mit B\u00fcro und eine K\u00fcche wurden angebaut. Die Jahre zuvor mussten die Feuerwehrm\u00e4nner ihre Ausbildungsveranstaltungen und Versammlungen in Gastst\u00e4tten und anderen Einrichtungen abhalten Zu 73 Eins\u00e4tzen wurde die Freiwillige Feuerwehr 1981 alarmiert, darunter zwei besonders schwere. Bei einer Explosion [&hellip;]<\/p>\n","protected":false},"author":1,"featured_media":0,"parent":59,"menu_order":0,"comment_status":"closed","ping_status":"closed","template":"","meta":{"_et_pb_use_builder":"","_et_pb_old_content":"","_et_gb_content_width":"","_crdt_document":"","footnotes":""},"class_list":["post-106","page","type-page","status-publish","hentry"],"_links":{"self":[{"href":"https:\/\/www.feuerwehrkostheim.de\/index.php?rest_route=\/wp\/v2\/pages\/106","targetHints":{"allow":["GET"]}}],"collection":[{"href":"https:\/\/www.feuerwehrkostheim.de\/index.php?rest_route=\/wp\/v2\/pages"}],"about":[{"href":"https:\/\/www.feuerwehrkostheim.de\/index.php?rest_route=\/wp\/v2\/types\/page"}],"author":[{"embeddable":true,"href":"https:\/\/www.feuerwehrkostheim.de\/index.php?rest_route=\/wp\/v2\/users\/1"}],"replies":[{"embeddable":true,"href":"https:\/\/www.feuerwehrkostheim.de\/index.php?rest_route=%2Fwp%2Fv2%2Fcomments&post=106"}],"version-history":[{"count":0,"href":"https:\/\/www.feuerwehrkostheim.de\/index.php?rest_route=\/wp\/v2\/pages\/106\/revisions"}],"up":[{"embeddable":true,"href":"https:\/\/www.feuerwehrkostheim.de\/index.php?rest_route=\/wp\/v2\/pages\/59"}],"wp:attachment":[{"href":"https:\/\/www.feuerwehrkostheim.de\/index.php?rest_route=%2Fwp%2Fv2%2Fmedia&parent=106"}],"curies":[{"name":"wp","href":"https:\/\/api.w.org\/{rel}","templated":true}]}}